{"id":17149,"date":"2020-03-02T23:33:27","date_gmt":"2020-03-02T23:33:27","guid":{"rendered":"https:\/\/demo03.houzez.co\/?page_id=17149"},"modified":"2020-03-02T23:33:27","modified_gmt":"2020-03-02T23:33:27","slug":"inquiry-form","status":"publish","type":"page","link":"https:\/\/suleymanhomes.com\/de\/inquiry-form\/","title":{"rendered":"Inquiry Form"},"content":{"rendered":"<div data-elementor-type=\"wp-page\" data-elementor-id=\"17149\" class=\"elementor elementor-17149\">\n\t\t\t\t\t\t<section class=\"elementor-section elementor-top-section elementor-element elementor-element-5ec2734 elementor-section-boxed elementor-section-height-default elementor-section-height-default\" data-id=\"5ec2734\" data-element_type=\"section\">\n\t\t\t\t\t\t<div class=\"elementor-container elementor-column-gap-default\">\n\t\t\t\t\t<div class=\"elementor-column elementor-col-100 elementor-top-column elementor-element elementor-element-e1bd41f\" data-id=\"e1bd41f\" data-element_type=\"column\">\n\t\t\t<div class=\"elementor-widget-wrap elementor-element-populated\">\n\t\t\t\t\t\t<div class=\"elementor-element elementor-element-49cbafe elementor-widget elementor-widget-houzez_elementor_space\" data-id=\"49cbafe\" data-element_type=\"widget\" data-widget_type=\"houzez_elementor_space.default\">\n\t\t\t\t<div class=\"elementor-widget-container\">\n\t\t\t        <div class=\"houzez-spacer\">\n            <div class=\"houzez-spacer-inner\"><\/div>\n        <\/div>\n        \t\t<\/div>\n\t\t\t\t<\/div>\n\t\t\t\t<section class=\"elementor-section elementor-inner-section elementor-element elementor-element-6efd58c animated-slow elementor-section-boxed elementor-section-height-default elementor-section-height-default elementor-invisible\" data-id=\"6efd58c\" data-element_type=\"section\" data-settings=\"{&quot;background_background&quot;:&quot;classic&quot;,&quot;animation&quot;:&quot;fadeIn&quot;}\">\n\t\t\t\t\t\t<div class=\"elementor-container elementor-column-gap-no\">\n\t\t\t\t\t<div class=\"elementor-column elementor-col-100 elementor-inner-column elementor-element elementor-element-856004d\" data-id=\"856004d\" data-element_type=\"column\">\n\t\t\t<div class=\"elementor-widget-wrap elementor-element-populated\">\n\t\t\t\t\t\t<div class=\"elementor-element elementor-element-8ff1404 elementor-widget elementor-widget-text-editor\" data-id=\"8ff1404\" data-element_type=\"widget\" data-widget_type=\"text-editor.default\">\n\t\t\t\t<div class=\"elementor-widget-container\">\n\t\t\t<style>\/*! elementor - v3.23.0 - 05-08-2024 *\/\n.elementor-widget-text-editor.elementor-drop-cap-view-stacked .elementor-drop-cap{background-color:#69727d;color:#fff}.elementor-widget-text-editor.elementor-drop-cap-view-framed .elementor-drop-cap{color:#69727d;border:3px solid;background-color:transparent}.elementor-widget-text-editor:not(.elementor-drop-cap-view-default) .elementor-drop-cap{margin-top:8px}.elementor-widget-text-editor:not(.elementor-drop-cap-view-default) .elementor-drop-cap-letter{width:1em;height:1em}.elementor-widget-text-editor .elementor-drop-cap{float:left;text-align:center;line-height:1;font-size:50px}.elementor-widget-text-editor .elementor-drop-cap-letter{display:inline-block}<\/style>\t\t\t\t<h3>Benutzerdefiniertes Anfrageformular<\/h3><p>Mit dem Widget \u201eAnfrageformular\u201c k\u00f6nnen Sie einzigartige Formulare zur Erfassung Ihrer Leads erstellen. Dieses Formular verbindet sich automatisch mit dem integrierten Houzez CRM und Ihrem E-Mail-Posteingang, damit alles im Zeitplan bleibt.<\/p>\t\t\t\t\t\t<\/div>\n\t\t\t\t<\/div>\n\t\t\t\t<div class=\"elementor-element elementor-element-42f882c elementor-button-align-stretch elementor-widget elementor-widget-houzez_elementor_inquiry_form\" data-id=\"42f882c\" data-element_type=\"widget\" data-widget_type=\"houzez_elementor_inquiry_form.default\">\n\t\t\t\t<div class=\"elementor-widget-container\">\n\t\t\t\n        <script type=\"application\/javascript\">\n            jQuery(document).bind(\"ready\", function () {\n                houzezValidateElementor(\"#houzez-form-42f882c\" );\n            });\n        <\/script>\n\n\n        <form class=\"elementor-form\" id=\"houzez-form-42f882c\" method=\"post\" name=\"New Form\" action=\"https:\/\/suleymanhomes.com\/wp-admin\/admin-ajax.php\">\n            <input type=\"hidden\" name=\"form_id\" value=\"42f882c\"\/>\n            <input type=\"hidden\" name=\"action\" value=\"houzez_ele_inquiry_form\" \/>\n            <input type=\"hidden\" name=\"source_link\" value=\"https:\/\/suleymanhomes.com\/de\/inquiry-form\/\" \/>\n            <input type=\"hidden\" name=\"lead_page_id\" value=\"17149\" \/>\n            <input type=\"hidden\" name=\"is_estimation\" value=\"yes\" \/>\n            <input type=\"hidden\" name=\"email_to\" value=\"hello@favethemes.com\" \/>\n            <input type=\"hidden\" name=\"email_subject\" value=\"New message from &quot;Houzez 01&quot;\" \/>\n            <input type=\"hidden\" name=\"email_to_cc\" value=\"\" \/>\n            <input type=\"hidden\" name=\"email_to_bcc\" value=\"\" \/>\n            <input type=\"hidden\" name=\"webhook\" value=\"false\" \/>\n            <input type=\"hidden\" name=\"webhook_url\" value=\"\" \/>\n            <input type=\"hidden\" name=\"redirect_to\" value=\"\" \/>\n            <input type=\"hidden\" name=\"google_recaptcha\" value=\"false\" \/>\n\n            <div class=\"elementor-form-fields-wrapper elementor-labels-above\">\n\n                                    <div class=\"elementor-field-group elementor-column form-group elementor-field-group-ba6c34c elementor-col-100 elementor-field-required\">\n                    <label for=\"form-field-ba6c34c\" class=\"elementor-field-label\">Anfragetyp<\/label>        <div class=\"elementor-field elementor-select-wrapper\">\n            <select name=\"enquiry_type\" id=\"form-field-ba6c34c\" class=\"elementor-field-textual form-control elementor-size-md\" required=\"required\" title=\"* Anfragetyp\">\n                <option value=\"\">W\u00e4hlen<\/option><option value=\"Purchase\">Kaufen<\/value><option value=\"Rent\"> Mieten<\/value><option value=\"Sell\"> Verkaufen<\/value><option value=\"Miss\"> Vermissen<\/value><option value=\"Evaluation\"> Auswertung<\/value><option value=\"Mortgage\"> Hypothek<\/value>            <\/select>\n        <\/div>\n                            <\/div>\n\n                                        <div class=\"elementor-field-group elementor-column form-group elementor-field-group-b7fe77d elementor-col-100 elementor-field-required\">\n                    <label for=\"form-field-b7fe77d\" class=\"elementor-field-label\">Information<\/label>        <div class=\"elementor-field elementor-select-wrapper\">\n            <select name=\"user_type\" id=\"form-field-b7fe77d\" class=\"elementor-field-textual form-control elementor-size-md\" required=\"required\" title=\"* Information\">\n                <option value=\"\">Ich bin <\/option><option value=\"Select\">W\u00e4hlen<\/option><option value=\"I am a real estate agent\">Ich bin ein Immobilienmakler<\/option><option value=\"I am a property owner\">Ich bin Immobilieneigent\u00fcmer<\/option>            <\/select>\n        <\/div>\n                            <\/div>\n\n                                        <div class=\"elementor-field-group elementor-column form-group elementor-field-group-cc6b92f elementor-col-50 elementor-field-required\">\n                    <input type=\"text\" name=\"first_name\" id=\"form-field-cc6b92f\" class=\"elementor-field form-control elementor-size-md elementor-field-textual\" placeholder=\"Vorname\" title=\"* Vorname\" required=\"required\">                    <\/div>\n\n                                        <div class=\"elementor-field-group elementor-column form-group elementor-field-group-3cc124e elementor-col-50\">\n                    <input type=\"text\" name=\"last_name\" id=\"form-field-3cc124e\" class=\"elementor-field form-control elementor-size-md elementor-field-textual\" placeholder=\"Nachname\" title=\"* Nachname\">                    <\/div>\n\n                                        <div class=\"elementor-field-group elementor-column form-group elementor-field-group-932d82c elementor-col-50 elementor-field-required\">\n                    <input type=\"email\" name=\"email\" id=\"form-field-932d82c\" class=\"elementor-field form-control elementor-size-md elementor-field-textual\" placeholder=\"E-Mail-Adresse\" title=\"* E-Mail-Adresse\" required=\"required\">                    <\/div>\n\n                                        <div class=\"elementor-field-group elementor-column form-group elementor-field-group-304b68f elementor-col-50 elementor-field-required\">\n                    <input type=\"text\" name=\"mobile\" id=\"form-field-304b68f\" class=\"elementor-field form-control elementor-size-md elementor-field-textual\" placeholder=\"Mobile\" title=\"* Handy, Mobiltelefon\" required=\"required\">                    <\/div>\n\n                                        <div class=\"elementor-field-group elementor-column form-group elementor-field-group-bf1d035 elementor-col-33 elementor-field-required\">\n                    <label for=\"form-field-bf1d035\" class=\"elementor-field-label\">Standort<\/label>        <div class=\"elementor-field elementor-select-wrapper\">\n            <select name=\"e_meta[city]\" id=\"form-field-bf1d035\" class=\"elementor-field-textual form-control elementor-size-md\" required=\"required\" title=\"* Standort\">\n                <option value=\"\">Stadt ausw\u00e4hlen<\/option><option data-ref=\"alanya\" data-belong=\"antalya\" value=\"alanya\"> Alanya<\/option><option data-ref=\"gazipasa\" data-belong=\"antalya\" value=\"gazipasa\"> Gazipasa<\/option><option data-ref=\"manavgat\" data-belong=\"antalya\" value=\"manavgat\"> Manavgat<\/option>            <\/select>\n        <\/div>\n                            <\/div>\n\n                                        <div class=\"elementor-field-group elementor-column form-group elementor-field-group-d2cd125 elementor-col-33 elementor-field-required\">\n                    <label for=\"form-field-d2cd125\" class=\"elementor-field-label\">&nbsp;<\/label>        <div class=\"elementor-field elementor-select-wrapper\">\n            <select name=\"e_meta[area]\" id=\"form-field-d2cd125\" class=\"elementor-field-textual form-control elementor-size-md\" required=\"required\" title=\"* Bereich ausw\u00e4hlen\">\n                <option value=\"\">Bereich ausw\u00e4hlen<\/option><option data-ref=\"avsallar\" data-belong=\"alanya\" value=\"avsallar\"> Avsallar<\/option><option data-ref=\"bektas\" data-belong=\"alanya\" value=\"bektas\"> Bektas<\/option><option data-ref=\"belek\" data-belong=\"alanya\" value=\"belek\"> Belek<\/option><option data-ref=\"castle\" data-belong=\"alanya\" value=\"castle\"> Schloss<\/option><option data-ref=\"center\" data-belong=\"alanya\" value=\"center\"> Center<\/option><option data-ref=\"cikcili\" data-belong=\"alanya\" value=\"cikcili\"> Cikcilli<\/option><option data-ref=\"cleopatra\" data-belong=\"alanya\" value=\"cleopatra\"> Kleopatra<\/option><option data-ref=\"demirtas\" data-belong=\"alanya\" value=\"demirtas\"> Demirtas<\/option><option data-ref=\"dimcayi\" data-belong=\"alanya\" value=\"dimcayi\"> Dimcayi<\/option><option data-ref=\"dinek\" data-belong=\"alanya\" value=\"dinek\"> Dinek<\/option><option data-ref=\"gazipasa\" data-belong=\"alanya\" value=\"gazipasa\"> Gazipasa<\/option><option data-ref=\"hasbahce\" data-belong=\"alanya\" value=\"hasbahce\"> Hasbah\u00e7e<\/option><option data-ref=\"imamli\" data-belong=\"alanya\" value=\"imamli\"> Imamli<\/option><option data-ref=\"incekum\" data-belong=\"alanya\" value=\"incekum\"> incekum<\/option><option data-ref=\"kargicak\" data-belong=\"alanya\" value=\"kargicak\"> Kargicak<\/option><option data-ref=\"kestel\" data-belong=\"alanya\" value=\"kestel\"> Kestel<\/option><option data-ref=\"kizilcasehir\" data-belong=\"alanya\" value=\"kizilcasehir\"> K\u0131zilca\u015fehir<\/option><option data-ref=\"konakli\" data-belong=\"alanya\" value=\"konakli\"> Konakli<\/option><option data-ref=\"mahmutlar\" data-belong=\"alanya\" value=\"mahmutlar\"> Mahmutlar<\/option><option data-ref=\"mahmutseydi\" data-belong=\"alanya\" value=\"mahmutseydi\"> Mahmutseydi<\/option><option data-ref=\"merkez\" data-belong=\"alanya\" value=\"merkez\"> Merkez<\/option><option data-ref=\"oba\" data-belong=\"alanya\" value=\"oba\"> Oba<\/option><option data-ref=\"obagol\" data-belong=\"alanya\" value=\"obagol\"> Obagol<\/option><option data-ref=\"okurcalar\" data-belong=\"alanya\" value=\"okurcalar\"> Okurcalar<\/option><option data-ref=\"payallar\" data-belong=\"alanya\" value=\"payallar\"> Payallar<\/option><option data-ref=\"saray\" data-belong=\"alanya\" value=\"saray\"> Saray<\/option><option data-ref=\"side\" data-belong=\"alanya\" value=\"side\"> Seite<\/option><option data-ref=\"sugozu\" data-belong=\"alanya\" value=\"sugozu\"> Sugozu<\/option><option data-ref=\"tepe\" data-belong=\"alanya\" value=\"tepe\"> Tepe<\/option><option data-ref=\"tosmur\" data-belong=\"alanya\" value=\"tosmur\"> Tosmur<\/option><option data-ref=\"turkler\" data-belong=\"alanya\" value=\"turkler\"> T\u00fcrker<\/option><option data-ref=\"yesioz\" data-belong=\"\" value=\"yesioz\"> Ye\u015fi\u00f6z<\/option>            <\/select>\n        <\/div>\n                            <\/div>\n\n                                        <div class=\"elementor-field-group elementor-column form-group elementor-field-group-9ed83fe elementor-col-33 elementor-field-required\">\n                    <label for=\"form-field-9ed83fe\" class=\"elementor-field-label\">&nbsp;<\/label>        <div class=\"elementor-field elementor-select-wrapper\">\n            <select name=\"e_meta[state]\" id=\"form-field-9ed83fe\" class=\"elementor-field-textual form-control elementor-size-md\" required=\"required\" title=\"* Bundesland ausw\u00e4hlen\">\n                <option value=\"\">Bundesland ausw\u00e4hlen<\/option><option data-ref=\"antalya\" data-belong=\"turkiye\" value=\"antalya\"> Antalya<\/option>            <\/select>\n        <\/div>\n                            <\/div>\n\n                                        <div class=\"elementor-field-group elementor-column form-group elementor-field-group-28a8adb elementor-col-50 elementor-field-required\">\n                            <div class=\"elementor-field elementor-select-wrapper\">\n            <select name=\"e_meta[country]\" id=\"form-field-28a8adb\" class=\"elementor-field-textual form-control elementor-size-md\" required=\"required\" title=\"* Land ausw\u00e4hlen\">\n                <option value=\"\">Land ausw\u00e4hlen<\/option><option data-ref=\"turkey\" value=\"turkey\"> Truthahn<\/option><option data-ref=\"turkiye\" value=\"turkiye\"> T\u00fcrkei<\/option>            <\/select>\n        <\/div>\n                            <\/div>\n\n                                        <div class=\"elementor-field-group elementor-column form-group elementor-field-group-f0ee6fc elementor-col-50 elementor-field-required\">\n                    <input type=\"text\" name=\"e_meta[zipcode]\" id=\"form-field-f0ee6fc\" class=\"elementor-field form-control elementor-size-md elementor-field-textual\" placeholder=\"PLZ\" title=\"* PLZ\" required=\"required\">                    <\/div>\n\n                                        <div class=\"elementor-field-group elementor-column form-group elementor-field-group-3180222 elementor-col-100 elementor-field-required\">\n                    <label for=\"form-field-3180222\" class=\"elementor-field-label\">Eigentum<\/label>        <div class=\"elementor-field elementor-select-wrapper\">\n            <select name=\"e_meta[property_type]\" id=\"form-field-3180222\" class=\"elementor-field-textual form-control elementor-size-md\" required=\"required\" title=\"* Eigentum\">\n                <option value=\"\">Typ ausw\u00e4hlen<\/option><option value=\"apartment\"> Wohnung<\/option><option value=\"villa\"> Villa<\/option>            <\/select>\n        <\/div>\n                            <\/div>\n\n                                        <div class=\"elementor-field-group elementor-column form-group elementor-field-group-c549d17 elementor-col-50 elementor-field-required\">\n                    <input type=\"number\" name=\"e_meta[price]\" id=\"form-field-c549d17\" class=\"elementor-field form-control elementor-size-md elementor-field-textual\" placeholder=\"Max Preis\" title=\"* Maximalpreis\" required=\"required\" min=\"0\">                    <\/div>\n\n                                        <div class=\"elementor-field-group elementor-column form-group elementor-field-group-e08cbcb elementor-col-50 elementor-field-required\">\n                    <input type=\"number\" name=\"e_meta[area-size]\" id=\"form-field-e08cbcb\" class=\"elementor-field form-control elementor-size-md elementor-field-textual\" placeholder=\"Mindestgr\u00f6\u00dfe (Quadratfu\u00df)\" title=\"* Mindestgr\u00f6\u00dfe (Quadratfu\u00df)\" required=\"required\" min=\"0\">                    <\/div>\n\n                                        <div class=\"elementor-field-group elementor-column form-group elementor-field-group-66cc0de elementor-col-50 elementor-field-required\">\n                    <input type=\"number\" name=\"e_meta[beds]\" id=\"form-field-66cc0de\" class=\"elementor-field form-control elementor-size-md elementor-field-textual\" placeholder=\"Anzahl Betten\" title=\"* Anzahl der Betten\" required=\"required\" min=\"0\">                    <\/div>\n\n                                        <div class=\"elementor-field-group elementor-column form-group elementor-field-group-dea086f elementor-col-50 elementor-field-required\">\n                    <input type=\"number\" name=\"e_meta[baths]\" id=\"form-field-dea086f\" class=\"elementor-field form-control elementor-size-md elementor-field-textual\" placeholder=\"Anzahl B\u00e4der\" title=\"* Anzahl der B\u00e4der\" required=\"required\" min=\"0\">                    <\/div>\n\n                                        <div class=\"elementor-field-group elementor-column form-group elementor-field-group-95c61a9 elementor-col-100\">\n                    <label for=\"form-field-95c61a9\" class=\"elementor-field-label\">Nachricht<\/label><textarea class=\"elementor-field-textual elementor-field elementor-size-md\" name=\"message\" id=\"form-field-95c61a9\" rows=\"4\"><\/textarea>                    <\/div>\n\n                    \n                    \n                    \n                    <div class=\"elementor-field-group elementor-column elementor-field-type-submit elementor-col-100\">\n                    <button type=\"submit\" class=\"houzez-submit-button houzez-contact-form-js elementor-button elementor-size-md\">\n                        <i class=\"btn-loader houzez-loader-js\"><\/i>\n                                                    Einreichen                                            <\/button>\n                <\/div>\n            <\/div><!-- End wrapper-->\n            <br\/>\n            <div class=\"ele-form-messages\"><\/div>\n            <div class=\"error-container\"><\/div>\n\n        <\/form>\n\n    \t\t<\/div>\n\t\t\t\t<\/div>\n\t\t\t\t\t<\/div>\n\t\t<\/div>\n\t\t\t\t\t<\/div>\n\t\t<\/section>\n\t\t\t\t<div class=\"elementor-element elementor-element-eb5dd10 elementor-widget elementor-widget-spacer\" data-id=\"eb5dd10\" data-element_type=\"widget\" data-widget_type=\"spacer.default\">\n\t\t\t\t<div class=\"elementor-widget-container\">\n\t\t\t<style>\/*! elementor - v3.23.0 - 05-08-2024 *\/\n.elementor-column .elementor-spacer-inner{height:var(--spacer-size)}.e-con{--container-widget-width:100%}.e-con-inner>.elementor-widget-spacer,.e-con>.elementor-widget-spacer{width:var(--container-widget-width,var(--spacer-size));--align-self:var(--container-widget-align-self,initial);--flex-shrink:0}.e-con-inner>.elementor-widget-spacer>.elementor-widget-container,.e-con>.elementor-widget-spacer>.elementor-widget-container{height:100%;width:100%}.e-con-inner>.elementor-widget-spacer>.elementor-widget-container>.elementor-spacer,.e-con>.elementor-widget-spacer>.elementor-widget-container>.elementor-spacer{height:100%}.e-con-inner>.elementor-widget-spacer>.elementor-widget-container>.elementor-spacer>.elementor-spacer-inner,.e-con>.elementor-widget-spacer>.elementor-widget-container>.elementor-spacer>.elementor-spacer-inner{height:var(--container-widget-height,var(--spacer-size))}.e-con-inner>.elementor-widget-spacer.elementor-widget-empty,.e-con>.elementor-widget-spacer.elementor-widget-empty{position:relative;min-height:22px;min-width:22px}.e-con-inner>.elementor-widget-spacer.elementor-widget-empty .elementor-widget-empty-icon,.e-con>.elementor-widget-spacer.elementor-widget-empty .elementor-widget-empty-icon{position:absolute;top:0;bottom:0;left:0;right:0;margin:auto;padding:0;width:22px;height:22px}<\/style>\t\t<div class=\"elementor-spacer\">\n\t\t\t<div class=\"elementor-spacer-inner\"><\/div>\n\t\t<\/div>\n\t\t\t\t<\/div>\n\t\t\t\t<\/div>\n\t\t\t\t\t<\/div>\n\t\t<\/div>\n\t\t\t\t\t<\/div>\n\t\t<\/section>\n\t\t\t\t<\/div>","protected":false},"excerpt":{"rendered":"<p>Custom Inquiry Form The Inquiry Form widget allows you to design unique forms to capture your leads. This form automatically connects with the integrated Houzez CRM and your email inbox to keep everything on track. Inquiry Type SelectPurchase Rent Sell Miss Evaluation Mortgage Information SelectI&#039;m a real estate agentI&#039;m a property owner Location Select City [&hellip;]<\/p>","protected":false},"author":1,"featured_media":0,"parent":0,"menu_order":0,"comment_status":"closed","ping_status":"closed","template":"template\/template-homepage.php","meta":{"footnotes":""},"class_list":["post-17149","page","type-page","status-publish","hentry"],"yoast_head":"<!-- This site is optimized with the Yoast SEO plugin v23.2 - https:\/\/yoast.com\/wordpress\/plugins\/seo\/ -->\n<title>Inquiry Form - S\u00fcleyman Homes<\/title>\n<meta name=\"robots\" content=\"index, follow, max-snippet:-1, max-image-preview:large, max-video-preview:-1\" \/>\n<link rel=\"canonical\" href=\"https:\/\/suleymanhomes.com\/de\/inquiry-form\/\" \/>\n<meta property=\"og:locale\" content=\"de_DE\" \/>\n<meta property=\"og:type\" content=\"article\" \/>\n<meta property=\"og:title\" content=\"Inquiry Form - S\u00fcleyman Homes\" \/>\n<meta property=\"og:description\" content=\"Custom Inquiry Form The Inquiry Form widget allows you to design unique forms to capture your leads. This form automatically connects with the integrated Houzez CRM and your email inbox to keep everything on track. Inquiry Type SelectPurchase Rent Sell Miss Evaluation Mortgage Information SelectI&#039;m a real estate agentI&#039;m a property owner Location Select City [&hellip;]\" \/>\n<meta property=\"og:url\" content=\"https:\/\/suleymanhomes.com\/de\/inquiry-form\/\" \/>\n<meta property=\"og:site_name\" content=\"S\u00fcleyman Homes\" \/>\n<meta name=\"twitter:card\" content=\"summary_large_image\" \/>\n<meta name=\"twitter:label1\" content=\"Gesch\u00e4tzte Lesezeit\" \/>\n\t<meta name=\"twitter:data1\" content=\"1\u00a0Minute\" \/>\n<script type=\"application\/ld+json\" class=\"yoast-schema-graph\">{\"@context\":\"https:\/\/schema.org\",\"@graph\":[{\"@type\":\"WebPage\",\"@id\":\"https:\/\/suleymanhomes.com\/inquiry-form\/\",\"url\":\"https:\/\/suleymanhomes.com\/inquiry-form\/\",\"name\":\"Inquiry Form - S\u00fcleyman Homes\",\"isPartOf\":{\"@id\":\"https:\/\/suleymanhomes.com\/#website\"},\"datePublished\":\"2020-03-02T23:33:27+00:00\",\"dateModified\":\"2020-03-02T23:33:27+00:00\",\"breadcrumb\":{\"@id\":\"https:\/\/suleymanhomes.com\/inquiry-form\/#breadcrumb\"},\"inLanguage\":\"de\",\"potentialAction\":[{\"@type\":\"ReadAction\",\"target\":[\"https:\/\/suleymanhomes.com\/inquiry-form\/\"]}]},{\"@type\":\"BreadcrumbList\",\"@id\":\"https:\/\/suleymanhomes.com\/inquiry-form\/#breadcrumb\",\"itemListElement\":[{\"@type\":\"ListItem\",\"position\":1,\"name\":\"Anasayfa\",\"item\":\"https:\/\/suleymanhomes.com\/\"},{\"@type\":\"ListItem\",\"position\":2,\"name\":\"Inquiry Form\"}]},{\"@type\":\"WebSite\",\"@id\":\"https:\/\/suleymanhomes.com\/#website\",\"url\":\"https:\/\/suleymanhomes.com\/\",\"name\":\"S\u00fcleyman Homes\",\"description\":\"\",\"potentialAction\":[{\"@type\":\"SearchAction\",\"target\":{\"@type\":\"EntryPoint\",\"urlTemplate\":\"https:\/\/suleymanhomes.com\/?s={search_term_string}\"},\"query-input\":\"required name=search_term_string\"}],\"inLanguage\":\"de\"}]}<\/script>\n<!-- \/ Yoast SEO plugin. -->","yoast_head_json":{"title":"Inquiry Form - S\u00fcleyman Homes","robots":{"index":"index","follow":"follow","max-snippet":"max-snippet:-1","max-image-preview":"max-image-preview:large","max-video-preview":"max-video-preview:-1"},"canonical":"https:\/\/suleymanhomes.com\/de\/inquiry-form\/","og_locale":"de_DE","og_type":"article","og_title":"Inquiry Form - S\u00fcleyman Homes","og_description":"Custom Inquiry Form The Inquiry Form widget allows you to design unique forms to capture your leads. This form automatically connects with the integrated Houzez CRM and your email inbox to keep everything on track. Inquiry Type SelectPurchase Rent Sell Miss Evaluation Mortgage Information SelectI&#039;m a real estate agentI&#039;m a property owner Location Select City [&hellip;]","og_url":"https:\/\/suleymanhomes.com\/de\/inquiry-form\/","og_site_name":"S\u00fcleyman Homes","twitter_card":"summary_large_image","twitter_misc":{"Gesch\u00e4tzte Lesezeit":"1\u00a0Minute"},"schema":{"@context":"https:\/\/schema.org","@graph":[{"@type":"WebPage","@id":"https:\/\/suleymanhomes.com\/inquiry-form\/","url":"https:\/\/suleymanhomes.com\/inquiry-form\/","name":"Inquiry Form - S\u00fcleyman Homes","isPartOf":{"@id":"https:\/\/suleymanhomes.com\/#website"},"datePublished":"2020-03-02T23:33:27+00:00","dateModified":"2020-03-02T23:33:27+00:00","breadcrumb":{"@id":"https:\/\/suleymanhomes.com\/inquiry-form\/#breadcrumb"},"inLanguage":"de","potentialAction":[{"@type":"ReadAction","target":["https:\/\/suleymanhomes.com\/inquiry-form\/"]}]},{"@type":"BreadcrumbList","@id":"https:\/\/suleymanhomes.com\/inquiry-form\/#breadcrumb","itemListElement":[{"@type":"ListItem","position":1,"name":"Anasayfa","item":"https:\/\/suleymanhomes.com\/"},{"@type":"ListItem","position":2,"name":"Inquiry Form"}]},{"@type":"WebSite","@id":"https:\/\/suleymanhomes.com\/#website","url":"https:\/\/suleymanhomes.com\/","name":"S\u00fcleyman Homes","description":"","potentialAction":[{"@type":"SearchAction","target":{"@type":"EntryPoint","urlTemplate":"https:\/\/suleymanhomes.com\/?s={search_term_string}"},"query-input":"required name=search_term_string"}],"inLanguage":"de"}]}},"_links":{"self":[{"href":"https:\/\/suleymanhomes.com\/de\/wp-json\/wp\/v2\/pages\/17149","targetHints":{"allow":["GET"]}}],"collection":[{"href":"https:\/\/suleymanhomes.com\/de\/wp-json\/wp\/v2\/pages"}],"about":[{"href":"https:\/\/suleymanhomes.com\/de\/wp-json\/wp\/v2\/types\/page"}],"author":[{"embeddable":true,"href":"https:\/\/suleymanhomes.com\/de\/wp-json\/wp\/v2\/users\/1"}],"replies":[{"embeddable":true,"href":"https:\/\/suleymanhomes.com\/de\/wp-json\/wp\/v2\/comments?post=17149"}],"version-history":[{"count":0,"href":"https:\/\/suleymanhomes.com\/de\/wp-json\/wp\/v2\/pages\/17149\/revisions"}],"wp:attachment":[{"href":"https:\/\/suleymanhomes.com\/de\/wp-json\/wp\/v2\/media?parent=17149"}],"curies":[{"name":"wp","href":"https:\/\/api.w.org\/{rel}","templated":true}]}}