{"id":17149,"date":"2020-03-02T23:33:27","date_gmt":"2020-03-02T23:33:27","guid":{"rendered":"https:\/\/demo03.houzez.co\/?page_id=17149"},"modified":"2020-03-02T23:33:27","modified_gmt":"2020-03-02T23:33:27","slug":"inquiry-form","status":"publish","type":"page","link":"https:\/\/suleymanhomes.com\/tr\/inquiry-form\/","title":{"rendered":"Inquiry Form"},"content":{"rendered":"<div data-elementor-type=\"wp-page\" data-elementor-id=\"17149\" class=\"elementor elementor-17149\">\n\t\t\t\t\t\t<section class=\"elementor-section elementor-top-section elementor-element elementor-element-5ec2734 elementor-section-boxed elementor-section-height-default elementor-section-height-default\" data-id=\"5ec2734\" data-element_type=\"section\">\n\t\t\t\t\t\t<div class=\"elementor-container elementor-column-gap-default\">\n\t\t\t\t\t<div class=\"elementor-column elementor-col-100 elementor-top-column elementor-element elementor-element-e1bd41f\" data-id=\"e1bd41f\" data-element_type=\"column\">\n\t\t\t<div class=\"elementor-widget-wrap elementor-element-populated\">\n\t\t\t\t\t\t<div class=\"elementor-element elementor-element-49cbafe elementor-widget elementor-widget-houzez_elementor_space\" data-id=\"49cbafe\" data-element_type=\"widget\" data-widget_type=\"houzez_elementor_space.default\">\n\t\t\t\t<div class=\"elementor-widget-container\">\n\t\t\t        <div class=\"houzez-spacer\">\n            <div class=\"houzez-spacer-inner\"><\/div>\n        <\/div>\n        \t\t<\/div>\n\t\t\t\t<\/div>\n\t\t\t\t<section class=\"elementor-section elementor-inner-section elementor-element elementor-element-6efd58c animated-slow elementor-section-boxed elementor-section-height-default elementor-section-height-default elementor-invisible\" data-id=\"6efd58c\" data-element_type=\"section\" data-settings=\"{&quot;background_background&quot;:&quot;classic&quot;,&quot;animation&quot;:&quot;fadeIn&quot;}\">\n\t\t\t\t\t\t<div class=\"elementor-container elementor-column-gap-no\">\n\t\t\t\t\t<div class=\"elementor-column elementor-col-100 elementor-inner-column elementor-element elementor-element-856004d\" data-id=\"856004d\" data-element_type=\"column\">\n\t\t\t<div class=\"elementor-widget-wrap elementor-element-populated\">\n\t\t\t\t\t\t<div class=\"elementor-element elementor-element-8ff1404 elementor-widget elementor-widget-text-editor\" data-id=\"8ff1404\" data-element_type=\"widget\" data-widget_type=\"text-editor.default\">\n\t\t\t\t<div class=\"elementor-widget-container\">\n\t\t\t<style>\/*! elementor - v3.23.0 - 05-08-2024 *\/\n.elementor-widget-text-editor.elementor-drop-cap-view-stacked .elementor-drop-cap{background-color:#69727d;color:#fff}.elementor-widget-text-editor.elementor-drop-cap-view-framed .elementor-drop-cap{color:#69727d;border:3px solid;background-color:transparent}.elementor-widget-text-editor:not(.elementor-drop-cap-view-default) .elementor-drop-cap{margin-top:8px}.elementor-widget-text-editor:not(.elementor-drop-cap-view-default) .elementor-drop-cap-letter{width:1em;height:1em}.elementor-widget-text-editor .elementor-drop-cap{float:left;text-align:center;line-height:1;font-size:50px}.elementor-widget-text-editor .elementor-drop-cap-letter{display:inline-block}<\/style>\t\t\t\t<h3>\u00d6zel Sorgulama Formu<\/h3><p>Sorgulama Formu widget&#039;\u0131, potansiyel m\u00fc\u015fterilerinizi yakalamak i\u00e7in benzersiz formlar tasarlaman\u0131za olanak tan\u0131r. Bu form, her \u015feyin yolunda gitmesini sa\u011flamak i\u00e7in entegre Houzez CRM ve e-posta gelen kutunuza otomatik olarak ba\u011flan\u0131r.<\/p>\t\t\t\t\t\t<\/div>\n\t\t\t\t<\/div>\n\t\t\t\t<div class=\"elementor-element elementor-element-42f882c elementor-button-align-stretch elementor-widget elementor-widget-houzez_elementor_inquiry_form\" data-id=\"42f882c\" data-element_type=\"widget\" data-widget_type=\"houzez_elementor_inquiry_form.default\">\n\t\t\t\t<div class=\"elementor-widget-container\">\n\t\t\t\n        <script type=\"application\/javascript\">\n            jQuery(document).bind(\"ready\", function () {\n                houzezValidateElementor(\"#houzez-form-42f882c\" );\n            });\n        <\/script>\n\n\n        <form class=\"elementor-form\" id=\"houzez-form-42f882c\" method=\"post\" name=\"New Form\" action=\"https:\/\/suleymanhomes.com\/wp-admin\/admin-ajax.php\">\n            <input type=\"hidden\" name=\"form_id\" value=\"42f882c\"\/>\n            <input type=\"hidden\" name=\"action\" value=\"houzez_ele_inquiry_form\" \/>\n            <input type=\"hidden\" name=\"source_link\" value=\"https:\/\/suleymanhomes.com\/tr\/inquiry-form\/\" \/>\n            <input type=\"hidden\" name=\"lead_page_id\" value=\"17149\" \/>\n            <input type=\"hidden\" name=\"is_estimation\" value=\"yes\" \/>\n            <input type=\"hidden\" name=\"email_to\" value=\"hello@favethemes.com\" \/>\n            <input type=\"hidden\" name=\"email_subject\" value=\"New message from &quot;Houzez 01&quot;\" \/>\n            <input type=\"hidden\" name=\"email_to_cc\" value=\"\" \/>\n            <input type=\"hidden\" name=\"email_to_bcc\" value=\"\" \/>\n            <input type=\"hidden\" name=\"webhook\" value=\"false\" \/>\n            <input type=\"hidden\" name=\"webhook_url\" value=\"\" \/>\n            <input type=\"hidden\" name=\"redirect_to\" value=\"\" \/>\n            <input type=\"hidden\" name=\"google_recaptcha\" value=\"false\" \/>\n\n            <div class=\"elementor-form-fields-wrapper elementor-labels-above\">\n\n                                    <div class=\"elementor-field-group elementor-column form-group elementor-field-group-ba6c34c elementor-col-100 elementor-field-required\">\n                    <label for=\"form-field-ba6c34c\" class=\"elementor-field-label\">Sorgulama T\u00fcr\u00fc<\/label>        <div class=\"elementor-field elementor-select-wrapper\">\n            <select name=\"enquiry_type\" id=\"form-field-ba6c34c\" class=\"elementor-field-textual form-control elementor-size-md\" required=\"required\" title=\"* Sorgulama T\u00fcr\u00fc\">\n                <option value=\"\">Se\u00e7me<\/option><option value=\"Purchase\">Sat\u0131n almak<\/value><option value=\"Rent\"> Kira<\/value><option value=\"Sell\"> Satmak<\/value><option value=\"Miss\"> Kay\u0131p<\/value><option value=\"Evaluation\"> De\u011ferlendirme<\/value><option value=\"Mortgage\"> \u0130potek<\/value>            <\/select>\n        <\/div>\n                            <\/div>\n\n                                        <div class=\"elementor-field-group elementor-column form-group elementor-field-group-b7fe77d elementor-col-100 elementor-field-required\">\n                    <label for=\"form-field-b7fe77d\" class=\"elementor-field-label\">Bilgi<\/label>        <div class=\"elementor-field elementor-select-wrapper\">\n            <select name=\"user_type\" id=\"form-field-b7fe77d\" class=\"elementor-field-textual form-control elementor-size-md\" required=\"required\" title=\"* Bilgi\">\n                <option value=\"\">Ben&#039;ma <\/option><option value=\"Select\">Se\u00e7me<\/option><option value=\"I am a real estate agent\">Ben bir emlak\u00e7\u0131y\u0131m<\/option><option value=\"I am a property owner\">Ben bir m\u00fclk sahibiyim<\/option>            <\/select>\n        <\/div>\n                            <\/div>\n\n                                        <div class=\"elementor-field-group elementor-column form-group elementor-field-group-cc6b92f elementor-col-50 elementor-field-required\">\n                    <input type=\"text\" name=\"first_name\" id=\"form-field-cc6b92f\" class=\"elementor-field form-control elementor-size-md elementor-field-textual\" placeholder=\"\u0130lk ad\u0131\" title=\"* \u0130lk ad\u0131\" required=\"required\">                    <\/div>\n\n                                        <div class=\"elementor-field-group elementor-column form-group elementor-field-group-3cc124e elementor-col-50\">\n                    <input type=\"text\" name=\"last_name\" id=\"form-field-3cc124e\" class=\"elementor-field form-control elementor-size-md elementor-field-textual\" placeholder=\"Soy isim\" title=\"* Soy isim\">                    <\/div>\n\n                                        <div class=\"elementor-field-group elementor-column form-group elementor-field-group-932d82c elementor-col-50 elementor-field-required\">\n                    <input type=\"email\" name=\"email\" id=\"form-field-932d82c\" class=\"elementor-field form-control elementor-size-md elementor-field-textual\" placeholder=\"E-posta Adresi\" title=\"* E-posta Adresi\" required=\"required\">                    <\/div>\n\n                                        <div class=\"elementor-field-group elementor-column form-group elementor-field-group-304b68f elementor-col-50 elementor-field-required\">\n                    <input type=\"text\" name=\"mobile\" id=\"form-field-304b68f\" class=\"elementor-field form-control elementor-size-md elementor-field-textual\" placeholder=\"Mobil\" title=\"* Mobil\" required=\"required\">                    <\/div>\n\n                                        <div class=\"elementor-field-group elementor-column form-group elementor-field-group-bf1d035 elementor-col-33 elementor-field-required\">\n                    <label for=\"form-field-bf1d035\" class=\"elementor-field-label\">Konum<\/label>        <div class=\"elementor-field elementor-select-wrapper\">\n            <select name=\"e_meta[city]\" id=\"form-field-bf1d035\" class=\"elementor-field-textual form-control elementor-size-md\" required=\"required\" title=\"* Konum\">\n                <option value=\"\">\u015eehir Se\u00e7in<\/option><option data-ref=\"alanya\" data-belong=\"antalya\" value=\"alanya\"> Alanya<\/option><option data-ref=\"gazipasa\" data-belong=\"antalya\" value=\"gazipasa\"> Gazipa\u015fa<\/option><option data-ref=\"manavgat\" data-belong=\"antalya\" value=\"manavgat\"> Manavgat<\/option>            <\/select>\n        <\/div>\n                            <\/div>\n\n                                        <div class=\"elementor-field-group elementor-column form-group elementor-field-group-d2cd125 elementor-col-33 elementor-field-required\">\n                    <label for=\"form-field-d2cd125\" class=\"elementor-field-label\">&nbsp;<\/label>        <div class=\"elementor-field elementor-select-wrapper\">\n            <select name=\"e_meta[area]\" id=\"form-field-d2cd125\" class=\"elementor-field-textual form-control elementor-size-md\" required=\"required\" title=\"* Alan Se\u00e7iniz\">\n                <option value=\"\">Alan Se\u00e7in<\/option><option data-ref=\"avsallar\" data-belong=\"alanya\" value=\"avsallar\"> Avsallar<\/option><option data-ref=\"bektas\" data-belong=\"alanya\" value=\"bektas\"> Bekta\u015f<\/option><option data-ref=\"belek\" data-belong=\"alanya\" value=\"belek\"> Belek<\/option><option data-ref=\"castle\" data-belong=\"alanya\" value=\"castle\"> Kale<\/option><option data-ref=\"center\" data-belong=\"alanya\" value=\"center\"> Merkez<\/option><option data-ref=\"cikcili\" data-belong=\"alanya\" value=\"cikcili\"> \u00c7ikcilli<\/option><option data-ref=\"cleopatra\" data-belong=\"alanya\" value=\"cleopatra\"> Kleopatra<\/option><option data-ref=\"demirtas\" data-belong=\"alanya\" value=\"demirtas\"> Demirta\u015f<\/option><option data-ref=\"dimcayi\" data-belong=\"alanya\" value=\"dimcayi\"> Dim\u00e7ay\u0131<\/option><option data-ref=\"dinek\" data-belong=\"alanya\" value=\"dinek\"> Dinek<\/option><option data-ref=\"gazipasa\" data-belong=\"alanya\" value=\"gazipasa\"> Gazipa\u015fa<\/option><option data-ref=\"hasbahce\" data-belong=\"alanya\" value=\"hasbahce\"> Hasbah\u00e7e<\/option><option data-ref=\"imamli\" data-belong=\"alanya\" value=\"imamli\"> \u0130maml\u0131<\/option><option data-ref=\"incekum\" data-belong=\"alanya\" value=\"incekum\"> incekum<\/option><option data-ref=\"kargicak\" data-belong=\"alanya\" value=\"kargicak\"> Karg\u0131cak<\/option><option data-ref=\"kestel\" data-belong=\"alanya\" value=\"kestel\"> Kestel<\/option><option data-ref=\"kizilcasehir\" data-belong=\"alanya\" value=\"kizilcasehir\"> K\u0131z\u0131lca\u015fehir<\/option><option data-ref=\"konakli\" data-belong=\"alanya\" value=\"konakli\"> Konakl\u0131<\/option><option data-ref=\"mahmutlar\" data-belong=\"alanya\" value=\"mahmutlar\"> Mahmutlar<\/option><option data-ref=\"mahmutseydi\" data-belong=\"alanya\" value=\"mahmutseydi\"> Mahmutseydi<\/option><option data-ref=\"merkez\" data-belong=\"alanya\" value=\"merkez\"> Merkez<\/option><option data-ref=\"oba\" data-belong=\"alanya\" value=\"oba\"> Oba<\/option><option data-ref=\"obagol\" data-belong=\"alanya\" value=\"obagol\"> Obagol<\/option><option data-ref=\"okurcalar\" data-belong=\"alanya\" value=\"okurcalar\"> Okurcalar<\/option><option data-ref=\"payallar\" data-belong=\"alanya\" value=\"payallar\"> Payallar<\/option><option data-ref=\"saray\" data-belong=\"alanya\" value=\"saray\"> Saray<\/option><option data-ref=\"side\" data-belong=\"alanya\" value=\"side\"> Taraf<\/option><option data-ref=\"sugozu\" data-belong=\"alanya\" value=\"sugozu\"> Sug\u00f6z\u00fc<\/option><option data-ref=\"tepe\" data-belong=\"alanya\" value=\"tepe\"> Tepe<\/option><option data-ref=\"tosmur\" data-belong=\"alanya\" value=\"tosmur\"> Tosmur<\/option><option data-ref=\"turkler\" data-belong=\"alanya\" value=\"turkler\"> T\u00fcrkler<\/option><option data-ref=\"yesioz\" data-belong=\"\" value=\"yesioz\"> Ye\u015fi\u00f6z<\/option>            <\/select>\n        <\/div>\n                            <\/div>\n\n                                        <div class=\"elementor-field-group elementor-column form-group elementor-field-group-9ed83fe elementor-col-33 elementor-field-required\">\n                    <label for=\"form-field-9ed83fe\" class=\"elementor-field-label\">&nbsp;<\/label>        <div class=\"elementor-field elementor-select-wrapper\">\n            <select name=\"e_meta[state]\" id=\"form-field-9ed83fe\" class=\"elementor-field-textual form-control elementor-size-md\" required=\"required\" title=\"* Eyalet Se\u00e7in\">\n                <option value=\"\">Eyalet Se\u00e7<\/option><option data-ref=\"antalya\" data-belong=\"turkiye\" value=\"antalya\"> Antalya<\/option>            <\/select>\n        <\/div>\n                            <\/div>\n\n                                        <div class=\"elementor-field-group elementor-column form-group elementor-field-group-28a8adb elementor-col-50 elementor-field-required\">\n                            <div class=\"elementor-field elementor-select-wrapper\">\n            <select name=\"e_meta[country]\" id=\"form-field-28a8adb\" class=\"elementor-field-textual form-control elementor-size-md\" required=\"required\" title=\"* \u00dclke Se\u00e7in\">\n                <option value=\"\">\u00dclke Se\u00e7in<\/option><option data-ref=\"turkey\" value=\"turkey\"> T\u00fcrkiye<\/option><option data-ref=\"turkiye\" value=\"turkiye\"> T\u00fcrkiye<\/option>            <\/select>\n        <\/div>\n                            <\/div>\n\n                                        <div class=\"elementor-field-group elementor-column form-group elementor-field-group-f0ee6fc elementor-col-50 elementor-field-required\">\n                    <input type=\"text\" name=\"e_meta[zipcode]\" id=\"form-field-f0ee6fc\" class=\"elementor-field form-control elementor-size-md elementor-field-textual\" placeholder=\"Posta kodu\" title=\"* Posta kodu\" required=\"required\">                    <\/div>\n\n                                        <div class=\"elementor-field-group elementor-column form-group elementor-field-group-3180222 elementor-col-100 elementor-field-required\">\n                    <label for=\"form-field-3180222\" class=\"elementor-field-label\">M\u00fclk<\/label>        <div class=\"elementor-field elementor-select-wrapper\">\n            <select name=\"e_meta[property_type]\" id=\"form-field-3180222\" class=\"elementor-field-textual form-control elementor-size-md\" required=\"required\" title=\"* M\u00fclk\">\n                <option value=\"\">T\u00fcr\u00fcn\u00fc se\u00e7in<\/option><option value=\"apartment\"> Daire<\/option><option value=\"villa\"> Villa<\/option>            <\/select>\n        <\/div>\n                            <\/div>\n\n                                        <div class=\"elementor-field-group elementor-column form-group elementor-field-group-c549d17 elementor-col-50 elementor-field-required\">\n                    <input type=\"number\" name=\"e_meta[price]\" id=\"form-field-c549d17\" class=\"elementor-field form-control elementor-size-md elementor-field-textual\" placeholder=\"Maksimum fiyat\" title=\"* Maksimum fiyat\" required=\"required\" min=\"0\">                    <\/div>\n\n                                        <div class=\"elementor-field-group elementor-column form-group elementor-field-group-e08cbcb elementor-col-50 elementor-field-required\">\n                    <input type=\"number\" name=\"e_meta[area-size]\" id=\"form-field-e08cbcb\" class=\"elementor-field form-control elementor-size-md elementor-field-textual\" placeholder=\"Minimum b\u00fcy\u00fckl\u00fck (Sq Ft)\" title=\"* Minimum b\u00fcy\u00fckl\u00fck (Sq Ft)\" required=\"required\" min=\"0\">                    <\/div>\n\n                                        <div class=\"elementor-field-group elementor-column form-group elementor-field-group-66cc0de elementor-col-50 elementor-field-required\">\n                    <input type=\"number\" name=\"e_meta[beds]\" id=\"form-field-66cc0de\" class=\"elementor-field form-control elementor-size-md elementor-field-textual\" placeholder=\"Yatak say\u0131s\u0131\" title=\"* Yatak say\u0131s\u0131\" required=\"required\" min=\"0\">                    <\/div>\n\n                                        <div class=\"elementor-field-group elementor-column form-group elementor-field-group-dea086f elementor-col-50 elementor-field-required\">\n                    <input type=\"number\" name=\"e_meta[baths]\" id=\"form-field-dea086f\" class=\"elementor-field form-control elementor-size-md elementor-field-textual\" placeholder=\"Banyo say\u0131s\u0131\" title=\"* Banyo say\u0131s\u0131\" required=\"required\" min=\"0\">                    <\/div>\n\n                                        <div class=\"elementor-field-group elementor-column form-group elementor-field-group-95c61a9 elementor-col-100\">\n                    <label for=\"form-field-95c61a9\" class=\"elementor-field-label\">Mesaj<\/label><textarea class=\"elementor-field-textual elementor-field elementor-size-md\" name=\"message\" id=\"form-field-95c61a9\" rows=\"4\"><\/textarea>                    <\/div>\n\n                    \n                    \n                    \n                    <div class=\"elementor-field-group elementor-column elementor-field-type-submit elementor-col-100\">\n                    <button type=\"submit\" class=\"houzez-submit-button houzez-contact-form-js elementor-button elementor-size-md\">\n                        <i class=\"btn-loader houzez-loader-js\"><\/i>\n                                                    G\u00f6ndermek                                            <\/button>\n                <\/div>\n            <\/div><!-- End wrapper-->\n            <br\/>\n            <div class=\"ele-form-messages\"><\/div>\n            <div class=\"error-container\"><\/div>\n\n        <\/form>\n\n    \t\t<\/div>\n\t\t\t\t<\/div>\n\t\t\t\t\t<\/div>\n\t\t<\/div>\n\t\t\t\t\t<\/div>\n\t\t<\/section>\n\t\t\t\t<div class=\"elementor-element elementor-element-eb5dd10 elementor-widget elementor-widget-spacer\" data-id=\"eb5dd10\" data-element_type=\"widget\" data-widget_type=\"spacer.default\">\n\t\t\t\t<div class=\"elementor-widget-container\">\n\t\t\t<style>\/*! elementor - v3.23.0 - 05-08-2024 *\/\n.elementor-column .elementor-spacer-inner{height:var(--spacer-size)}.e-con{--container-widget-width:100%}.e-con-inner>.elementor-widget-spacer,.e-con>.elementor-widget-spacer{width:var(--container-widget-width,var(--spacer-size));--align-self:var(--container-widget-align-self,initial);--flex-shrink:0}.e-con-inner>.elementor-widget-spacer>.elementor-widget-container,.e-con>.elementor-widget-spacer>.elementor-widget-container{height:100%;width:100%}.e-con-inner>.elementor-widget-spacer>.elementor-widget-container>.elementor-spacer,.e-con>.elementor-widget-spacer>.elementor-widget-container>.elementor-spacer{height:100%}.e-con-inner>.elementor-widget-spacer>.elementor-widget-container>.elementor-spacer>.elementor-spacer-inner,.e-con>.elementor-widget-spacer>.elementor-widget-container>.elementor-spacer>.elementor-spacer-inner{height:var(--container-widget-height,var(--spacer-size))}.e-con-inner>.elementor-widget-spacer.elementor-widget-empty,.e-con>.elementor-widget-spacer.elementor-widget-empty{position:relative;min-height:22px;min-width:22px}.e-con-inner>.elementor-widget-spacer.elementor-widget-empty .elementor-widget-empty-icon,.e-con>.elementor-widget-spacer.elementor-widget-empty .elementor-widget-empty-icon{position:absolute;top:0;bottom:0;left:0;right:0;margin:auto;padding:0;width:22px;height:22px}<\/style>\t\t<div class=\"elementor-spacer\">\n\t\t\t<div class=\"elementor-spacer-inner\"><\/div>\n\t\t<\/div>\n\t\t\t\t<\/div>\n\t\t\t\t<\/div>\n\t\t\t\t\t<\/div>\n\t\t<\/div>\n\t\t\t\t\t<\/div>\n\t\t<\/section>\n\t\t\t\t<\/div>","protected":false},"excerpt":{"rendered":"<p>Custom Inquiry Form The Inquiry Form widget allows you to design unique forms to capture your leads. This form automatically connects with the integrated Houzez CRM and your email inbox to keep everything on track. Inquiry Type SelectPurchase Rent Sell Miss Evaluation Mortgage Information SelectI&#039;m a real estate agentI&#039;m a property owner Location Select City [&hellip;]<\/p>","protected":false},"author":1,"featured_media":0,"parent":0,"menu_order":0,"comment_status":"closed","ping_status":"closed","template":"template\/template-homepage.php","meta":{"footnotes":""},"class_list":["post-17149","page","type-page","status-publish","hentry"],"yoast_head":"<!-- This site is optimized with the Yoast SEO plugin v23.2 - https:\/\/yoast.com\/wordpress\/plugins\/seo\/ -->\n<title>Inquiry Form - S\u00fcleyman Homes<\/title>\n<meta name=\"robots\" content=\"index, follow, max-snippet:-1, max-image-preview:large, max-video-preview:-1\" \/>\n<link rel=\"canonical\" href=\"https:\/\/suleymanhomes.com\/tr\/inquiry-form\/\" \/>\n<meta property=\"og:locale\" content=\"tr_TR\" \/>\n<meta property=\"og:type\" content=\"article\" \/>\n<meta property=\"og:title\" content=\"Inquiry Form - S\u00fcleyman Homes\" \/>\n<meta property=\"og:description\" content=\"Custom Inquiry Form The Inquiry Form widget allows you to design unique forms to capture your leads. This form automatically connects with the integrated Houzez CRM and your email inbox to keep everything on track. Inquiry Type SelectPurchase Rent Sell Miss Evaluation Mortgage Information SelectI&#039;m a real estate agentI&#039;m a property owner Location Select City [&hellip;]\" \/>\n<meta property=\"og:url\" content=\"https:\/\/suleymanhomes.com\/tr\/inquiry-form\/\" \/>\n<meta property=\"og:site_name\" content=\"S\u00fcleyman Homes\" \/>\n<meta name=\"twitter:card\" content=\"summary_large_image\" \/>\n<meta name=\"twitter:label1\" content=\"Tahmini okuma s\u00fcresi\" \/>\n\t<meta name=\"twitter:data1\" content=\"1 dakika\" \/>\n<script type=\"application\/ld+json\" class=\"yoast-schema-graph\">{\"@context\":\"https:\/\/schema.org\",\"@graph\":[{\"@type\":\"WebPage\",\"@id\":\"https:\/\/suleymanhomes.com\/inquiry-form\/\",\"url\":\"https:\/\/suleymanhomes.com\/inquiry-form\/\",\"name\":\"Inquiry Form - S\u00fcleyman Homes\",\"isPartOf\":{\"@id\":\"https:\/\/suleymanhomes.com\/#website\"},\"datePublished\":\"2020-03-02T23:33:27+00:00\",\"dateModified\":\"2020-03-02T23:33:27+00:00\",\"breadcrumb\":{\"@id\":\"https:\/\/suleymanhomes.com\/inquiry-form\/#breadcrumb\"},\"inLanguage\":\"tr\",\"potentialAction\":[{\"@type\":\"ReadAction\",\"target\":[\"https:\/\/suleymanhomes.com\/inquiry-form\/\"]}]},{\"@type\":\"BreadcrumbList\",\"@id\":\"https:\/\/suleymanhomes.com\/inquiry-form\/#breadcrumb\",\"itemListElement\":[{\"@type\":\"ListItem\",\"position\":1,\"name\":\"Anasayfa\",\"item\":\"https:\/\/suleymanhomes.com\/\"},{\"@type\":\"ListItem\",\"position\":2,\"name\":\"Inquiry Form\"}]},{\"@type\":\"WebSite\",\"@id\":\"https:\/\/suleymanhomes.com\/#website\",\"url\":\"https:\/\/suleymanhomes.com\/\",\"name\":\"S\u00fcleyman Homes\",\"description\":\"\",\"potentialAction\":[{\"@type\":\"SearchAction\",\"target\":{\"@type\":\"EntryPoint\",\"urlTemplate\":\"https:\/\/suleymanhomes.com\/?s={search_term_string}\"},\"query-input\":\"required name=search_term_string\"}],\"inLanguage\":\"tr\"}]}<\/script>\n<!-- \/ Yoast SEO plugin. -->","yoast_head_json":{"title":"Inquiry Form - S\u00fcleyman Homes","robots":{"index":"index","follow":"follow","max-snippet":"max-snippet:-1","max-image-preview":"max-image-preview:large","max-video-preview":"max-video-preview:-1"},"canonical":"https:\/\/suleymanhomes.com\/tr\/inquiry-form\/","og_locale":"tr_TR","og_type":"article","og_title":"Inquiry Form - S\u00fcleyman Homes","og_description":"Custom Inquiry Form The Inquiry Form widget allows you to design unique forms to capture your leads. This form automatically connects with the integrated Houzez CRM and your email inbox to keep everything on track. Inquiry Type SelectPurchase Rent Sell Miss Evaluation Mortgage Information SelectI&#039;m a real estate agentI&#039;m a property owner Location Select City [&hellip;]","og_url":"https:\/\/suleymanhomes.com\/tr\/inquiry-form\/","og_site_name":"S\u00fcleyman Homes","twitter_card":"summary_large_image","twitter_misc":{"Tahmini okuma s\u00fcresi":"1 dakika"},"schema":{"@context":"https:\/\/schema.org","@graph":[{"@type":"WebPage","@id":"https:\/\/suleymanhomes.com\/inquiry-form\/","url":"https:\/\/suleymanhomes.com\/inquiry-form\/","name":"Inquiry Form - S\u00fcleyman Homes","isPartOf":{"@id":"https:\/\/suleymanhomes.com\/#website"},"datePublished":"2020-03-02T23:33:27+00:00","dateModified":"2020-03-02T23:33:27+00:00","breadcrumb":{"@id":"https:\/\/suleymanhomes.com\/inquiry-form\/#breadcrumb"},"inLanguage":"tr","potentialAction":[{"@type":"ReadAction","target":["https:\/\/suleymanhomes.com\/inquiry-form\/"]}]},{"@type":"BreadcrumbList","@id":"https:\/\/suleymanhomes.com\/inquiry-form\/#breadcrumb","itemListElement":[{"@type":"ListItem","position":1,"name":"Anasayfa","item":"https:\/\/suleymanhomes.com\/"},{"@type":"ListItem","position":2,"name":"Inquiry Form"}]},{"@type":"WebSite","@id":"https:\/\/suleymanhomes.com\/#website","url":"https:\/\/suleymanhomes.com\/","name":"S\u00fcleyman Homes","description":"","potentialAction":[{"@type":"SearchAction","target":{"@type":"EntryPoint","urlTemplate":"https:\/\/suleymanhomes.com\/?s={search_term_string}"},"query-input":"required name=search_term_string"}],"inLanguage":"tr"}]}},"_links":{"self":[{"href":"https:\/\/suleymanhomes.com\/tr\/wp-json\/wp\/v2\/pages\/17149","targetHints":{"allow":["GET"]}}],"collection":[{"href":"https:\/\/suleymanhomes.com\/tr\/wp-json\/wp\/v2\/pages"}],"about":[{"href":"https:\/\/suleymanhomes.com\/tr\/wp-json\/wp\/v2\/types\/page"}],"author":[{"embeddable":true,"href":"https:\/\/suleymanhomes.com\/tr\/wp-json\/wp\/v2\/users\/1"}],"replies":[{"embeddable":true,"href":"https:\/\/suleymanhomes.com\/tr\/wp-json\/wp\/v2\/comments?post=17149"}],"version-history":[{"count":0,"href":"https:\/\/suleymanhomes.com\/tr\/wp-json\/wp\/v2\/pages\/17149\/revisions"}],"wp:attachment":[{"href":"https:\/\/suleymanhomes.com\/tr\/wp-json\/wp\/v2\/media?parent=17149"}],"curies":[{"name":"wp","href":"https:\/\/api.w.org\/{rel}","templated":true}]}}