{"id":33630,"date":"2024-11-22T23:52:20","date_gmt":"2024-11-22T20:52:20","guid":{"rendered":"https:\/\/suleymanhomes.com\/?page_id=33630"},"modified":"2024-12-10T20:22:18","modified_gmt":"2024-12-10T17:22:18","slug":"alanya-real-estate-2","status":"publish","type":"page","link":"https:\/\/suleymanhomes.com\/tr\/alanya-real-estate-2\/","title":{"rendered":"Alanya Emlak"},"content":{"rendered":"<div data-elementor-type=\"wp-page\" data-elementor-id=\"33630\" class=\"elementor elementor-33630\">\n\t\t\t\t\t\t<section class=\"elementor-section elementor-top-section elementor-element elementor-element-28a342d elementor-section-boxed elementor-section-height-default elementor-section-height-default\" data-id=\"28a342d\" data-element_type=\"section\" data-settings=\"{&quot;background_background&quot;:&quot;classic&quot;}\">\n\t\t\t\t\t\t<div class=\"elementor-container elementor-column-gap-default\">\n\t\t\t\t\t<div class=\"elementor-column elementor-col-100 elementor-top-column elementor-element elementor-element-995ed9c\" data-id=\"995ed9c\" data-element_type=\"column\">\n\t\t\t<div class=\"elementor-widget-wrap elementor-element-populated\">\n\t\t\t\t\t\t<div class=\"elementor-element elementor-element-202b4b2 elementor-widget elementor-widget-heading\" data-id=\"202b4b2\" data-element_type=\"widget\" data-widget_type=\"heading.default\">\n\t\t\t\t<div class=\"elementor-widget-container\">\n\t\t\t<style>\/*! elementor - v3.23.0 - 05-08-2024 *\/\n.elementor-heading-title{padding:0;margin:0;line-height:1}.elementor-widget-heading .elementor-heading-title[class*=elementor-size-]>a{color:inherit;font-size:inherit;line-height:inherit}.elementor-widget-heading .elementor-heading-title.elementor-size-small{font-size:15px}.elementor-widget-heading .elementor-heading-title.elementor-size-medium{font-size:19px}.elementor-widget-heading .elementor-heading-title.elementor-size-large{font-size:29px}.elementor-widget-heading .elementor-heading-title.elementor-size-xl{font-size:39px}.elementor-widget-heading .elementor-heading-title.elementor-size-xxl{font-size:59px}<\/style><h2 class=\"elementor-heading-title elementor-size-default\">Alanya Emlak - S\u00fcleyman Homes ile Hayalinizdeki Emlak\u0131 Bulun<\/h2>\t\t<\/div>\n\t\t\t\t<\/div>\n\t\t\t\t<div class=\"elementor-element elementor-element-37dfc73 elementor-widget elementor-widget-text-editor\" data-id=\"37dfc73\" data-element_type=\"widget\" data-widget_type=\"text-editor.default\">\n\t\t\t\t<div class=\"elementor-widget-container\">\n\t\t\t<style>\/*! elementor - v3.23.0 - 05-08-2024 *\/\n.elementor-widget-text-editor.elementor-drop-cap-view-stacked .elementor-drop-cap{background-color:#69727d;color:#fff}.elementor-widget-text-editor.elementor-drop-cap-view-framed .elementor-drop-cap{color:#69727d;border:3px solid;background-color:transparent}.elementor-widget-text-editor:not(.elementor-drop-cap-view-default) .elementor-drop-cap{margin-top:8px}.elementor-widget-text-editor:not(.elementor-drop-cap-view-default) .elementor-drop-cap-letter{width:1em;height:1em}.elementor-widget-text-editor .elementor-drop-cap{float:left;text-align:center;line-height:1;font-size:50px}.elementor-widget-text-editor .elementor-drop-cap-letter{display:inline-block}<\/style>\t\t\t\t<h3>Alanya Emlak: S\u00fcleyman Homes ile Hayalinizdeki Emlak Sizi Bekliyor<\/h3><h4>S\u00fcleyman Homes ile Ola\u011fan\u00fcst\u00fc Alanya Emlak F\u0131rsatlar\u0131n\u0131 Ke\u015ffedin<\/h4><p>Premium mu ar\u0131yorsunuz? <strong>\u201cAlanya Emlak\u201d<\/strong> se\u00e7enekler? S\u00fcleyman Homes, Alanya&#039;da m\u00fckemmel m\u00fclk\u00fc bulmada g\u00fcvendi\u011finiz orta\u011f\u0131n\u0131zd\u0131r. \u0130ster modern bir daire, ister l\u00fcks bir villa, ister karl\u0131 bir yat\u0131r\u0131m ar\u0131yor olun, ihtiya\u00e7lar\u0131n\u0131za uygun e\u015fsiz uzmanl\u0131k ve ki\u015fiselle\u015ftirilmi\u015f hizmetler sunuyoruz.<\/p><h4>Neden Alanya Gayrimenkul\u00fcne Yat\u0131r\u0131m Yapmal\u0131s\u0131n\u0131z?<\/h4><h5>B\u00fcy\u00fcyen Bir Pazar<\/h5><p>Alanya, T\u00fcrkiye&#039;nin en \u00e7ok aranan gayrimenkul pazarlar\u0131ndan biri haline geldi. Muhte\u015fem Akdeniz k\u0131y\u0131 \u015feridi, canl\u0131 ya\u015fam tarz\u0131 ve geli\u015fen altyap\u0131s\u0131yla Alanya, hem konut ya\u015fam\u0131 hem de yat\u0131r\u0131m i\u00e7in m\u00fckemmel f\u0131rsatlar sunuyor.<\/p><h5>Muhte\u015fem Lokasyonlar<\/h5><p>Deniz manzaral\u0131 dairelerden b\u00fcy\u00fcleyici k\u0131r villalar\u0131na kadar, Alanya \u00e7e\u015fitli m\u00fclk se\u00e7enekleri sunar. \u015eehrin do\u011fal g\u00fczellik ve modern olanaklar\u0131n benzersiz kombinasyonu, herkese uygun bir \u015feyler olmas\u0131n\u0131 sa\u011flar.<\/p><h5>Uygun Fiyatlar<\/h5><p>Di\u011fer Avrupa k\u0131y\u0131 \u015fehirleriyle kar\u015f\u0131la\u015ft\u0131r\u0131ld\u0131\u011f\u0131nda, Alanya gayrimenkulleri ola\u011fan\u00fcst\u00fc de\u011fer sunar. \u0130ster tatil evi, ister y\u00fcksek getirili bir yat\u0131r\u0131m ar\u0131yor olun, Alanya kaliteyi tehlikeye atmadan uygun fiyatl\u0131l\u0131k sunar.<\/p><h4>S\u00fcleyman Homes Taraf\u0131ndan Sunulan Hizmetler<\/h4><h5>Emlak Sat\u0131\u015flar\u0131<\/h5><p>S\u00fcleyman Homes geni\u015f bir yelpazede uzmanla\u015fm\u0131\u015ft\u0131r <strong>\u201cAlanya Emlak\u201d<\/strong> se\u00e7enekler. Ya\u015fam tarz\u0131n\u0131za ve b\u00fct\u00e7enize m\u00fckemmel uyumu bulman\u0131z\u0131 sa\u011flayarak daireler, villalar ve ticari m\u00fclkler sunuyoruz.<\/p><h5>Yat\u0131r\u0131m Dan\u0131\u015fmanl\u0131\u011f\u0131<\/h5><p>Ekibimiz Alanya&#039;da gayrimenkul yat\u0131r\u0131m\u0131 konusunda uzman tavsiyeleri sunar. Karl\u0131 f\u0131rsatlar\u0131 belirlemekten m\u00fclk\u00fcn\u00fcz\u00fc y\u00f6netmeye kadar, bilin\u00e7li kararlar alman\u0131za yard\u0131mc\u0131 oluyoruz.<\/p><h5>Hukuki Yard\u0131m<\/h5><p>Gayrimenkul piyasas\u0131nda gezinmek, \u00f6zellikle uluslararas\u0131 al\u0131c\u0131lar i\u00e7in karma\u015f\u0131k olabilir. S\u00fcleyman Homes, sorunsuz ve g\u00fcvenli bir i\u015flem s\u00fcreci sa\u011flayarak kapsaml\u0131 yasal destek sa\u011flar.<\/p><h5>Sat\u0131\u015f Sonras\u0131 Hizmetler<\/h5><p>\u0130li\u015fkimiz sat\u0131n almayla bitmiyor. Deneyiminizi sorunsuz ve stressiz hale getirmek i\u00e7in m\u00fclk y\u00f6netimi ve kiralama yard\u0131m\u0131 da dahil olmak \u00fczere sat\u0131\u015f sonras\u0131 hizmetler sunuyoruz.<\/p><h4>Alanya Gayrimenkul i\u00e7in En \u0130yi Lokasyonlar<\/h4><h5>Mahmutlar<\/h5><p>Yabanc\u0131lar\u0131n g\u00f6zdesi olan Mahmutlar, plajlara ve al\u0131\u015fveri\u015f merkezlerine yak\u0131n, m\u00fckemmel olanaklara sahip modern daireler sunmaktad\u0131r.<\/p><h5>Oba<\/h5><p>Aile dostu ortam\u0131yla bilinen Oba, do\u011fayla i\u00e7 i\u00e7e l\u00fcks villalar ve konut kompleksleri sunmaktad\u0131r.<\/p><h5>Kleopatra Plaj\u0131<\/h5><p>M\u00fckemmel bir lokasyon arayanlar i\u00e7in Kleopatra Plaj\u0131&#039;na yak\u0131n m\u00fclkler, muhte\u015fem deniz manzaras\u0131 ve Alanya&#039;n\u0131n hareketli \u015fehir merkezine yak\u0131nl\u0131k imkan\u0131 sunmaktad\u0131r.<\/p><h5>Karg\u0131cak<\/h5><p>Huzur ve s\u00fckunet arayanlar i\u00e7in ideal bir b\u00f6lge olan Karg\u0131cak, nefes kesen panoramik manzaraya sahip l\u00fcks villalar sunmaktad\u0131r.<\/p><h4>Neden S\u00fcleyman Homes&#039;u Se\u00e7melisiniz?<\/h4><h5>G\u00fcvenebilece\u011finiz Uzmanl\u0131k<\/h5><p>Y\u0131llar\u0131n deneyimiyle <strong>\u201cAlanya Emlak\u201d<\/strong> S\u00fcleyman Homes, gayrimenkul yolculu\u011funuzun her ad\u0131m\u0131nda size rehberlik edecek bilgi ve kaynaklara sahiptir.<\/p><h5>Ki\u015fiselle\u015ftirilmi\u015f Hizmet<\/h5><p>\u0130htiya\u00e7lar\u0131n\u0131z\u0131 ve tercihlerinizi \u00f6n planda tutuyor, memnuniyetinizi sa\u011flamak i\u00e7in size \u00f6zel \u00f6neriler ve \u00e7\u00f6z\u00fcmler sunuyoruz.<\/p><h5>\u015eeffaf S\u00fcre\u00e7ler<\/h5><p>S\u00fcleyman Homes&#039;da d\u00fcr\u00fcstl\u00fc\u011fe ve b\u00fct\u00fcnl\u00fc\u011fe de\u011fer veriyoruz. \u015eeffaf s\u00fcre\u00e7lerimiz, her i\u015flemde kendinizi g\u00fcvende ve emniyette hissetmenizi sa\u011flar.<\/p><h4>Bug\u00fcn S\u00fcleyman Homes ile \u0130leti\u015fime Ge\u00e7in<\/h4><p>En iyisini ke\u015ffedin <strong>\u201cAlanya Emlak\u201d<\/strong> S\u00fcleyman Homes ile f\u0131rsatlar. \u0130ster hayalinizdeki evi sat\u0131n al\u0131n, ister kazan\u00e7l\u0131 bir yat\u0131r\u0131m aray\u0131n, \u00f6zverili ekibimiz size yard\u0131mc\u0131 olmak i\u00e7in burada. Alanya&#039;n\u0131n muhte\u015fem \u015fehrinde bir m\u00fclk sahibi olma yolculu\u011funuza ba\u015flamak i\u00e7in bug\u00fcn bizimle ileti\u015fime ge\u00e7in.<\/p>\t\t\t\t\t\t<\/div>\n\t\t\t\t<\/div>\n\t\t\t\t\t<\/div>\n\t\t<\/div>\n\t\t\t\t\t<\/div>\n\t\t<\/section>\n\t\t\t\t<\/div>","protected":false},"excerpt":{"rendered":"","protected":false},"author":1,"featured_media":33631,"parent":0,"menu_order":0,"comment_status":"closed","ping_status":"closed","template":"template\/template-homepage.php","meta":{"footnotes":""},"class_list":["post-33630","page","type-page","status-publish","has-post-thumbnail","hentry"],"yoast_head":"<!-- This site is optimized with the Yoast SEO plugin v23.2 - https:\/\/yoast.com\/wordpress\/plugins\/seo\/ -->\n<title>Alanya Real Estate - Find Your Dream Property with S\u00fcleyman Homes<\/title>\n<meta name=\"description\" content=\"Explore the best Alanya Real Estate options with S\u00fcleyman Homes. From luxurious villas to modern apartments, we help you find your perfect property. Contact us today!\" \/>\n<meta name=\"robots\" content=\"index, follow, max-snippet:-1, max-image-preview:large, max-video-preview:-1\" \/>\n<link rel=\"canonical\" href=\"https:\/\/suleymanhomes.com\/tr\/alanya-real-estate-2\/\" \/>\n<meta property=\"og:locale\" content=\"tr_TR\" \/>\n<meta property=\"og:type\" content=\"article\" \/>\n<meta property=\"og:title\" content=\"Alanya Real Estate - Find Your Dream Property with S\u00fcleyman Homes\" \/>\n<meta property=\"og:description\" content=\"Explore the best Alanya Real Estate options with S\u00fcleyman Homes. From luxurious villas to modern apartments, we help you find your perfect property. Contact us today!\" \/>\n<meta property=\"og:url\" content=\"https:\/\/suleymanhomes.com\/tr\/alanya-real-estate-2\/\" \/>\n<meta property=\"og:site_name\" content=\"S\u00fcleyman Homes\" \/>\n<meta property=\"article:modified_time\" content=\"2024-12-10T17:22:18+00:00\" \/>\n<meta property=\"og:image\" content=\"https:\/\/suleymanhomes.com\/wp-content\/uploads\/2024\/11\/9.png\" \/>\n\t<meta property=\"og:image:width\" content=\"1080\" \/>\n\t<meta property=\"og:image:height\" content=\"1080\" \/>\n\t<meta property=\"og:image:type\" content=\"image\/png\" \/>\n<meta name=\"twitter:card\" content=\"summary_large_image\" \/>\n<meta name=\"twitter:label1\" content=\"Tahmini okuma s\u00fcresi\" \/>\n\t<meta name=\"twitter:data1\" content=\"1 dakika\" \/>\n<script type=\"application\/ld+json\" class=\"yoast-schema-graph\">{\"@context\":\"https:\/\/schema.org\",\"@graph\":[{\"@type\":\"WebPage\",\"@id\":\"https:\/\/suleymanhomes.com\/alanya-real-estate-2\/\",\"url\":\"https:\/\/suleymanhomes.com\/alanya-real-estate-2\/\",\"name\":\"Alanya Real Estate - Find Your Dream Property with S\u00fcleyman Homes\",\"isPartOf\":{\"@id\":\"https:\/\/suleymanhomes.com\/#website\"},\"primaryImageOfPage\":{\"@id\":\"https:\/\/suleymanhomes.com\/alanya-real-estate-2\/#primaryimage\"},\"image\":{\"@id\":\"https:\/\/suleymanhomes.com\/alanya-real-estate-2\/#primaryimage\"},\"thumbnailUrl\":\"https:\/\/suleymanhomes.com\/wp-content\/uploads\/2024\/11\/9.png\",\"datePublished\":\"2024-11-22T20:52:20+00:00\",\"dateModified\":\"2024-12-10T17:22:18+00:00\",\"description\":\"Explore the best Alanya Real Estate options with S\u00fcleyman Homes. From luxurious villas to modern apartments, we help you find your perfect property. Contact us today!\",\"breadcrumb\":{\"@id\":\"https:\/\/suleymanhomes.com\/alanya-real-estate-2\/#breadcrumb\"},\"inLanguage\":\"tr\",\"potentialAction\":[{\"@type\":\"ReadAction\",\"target\":[\"https:\/\/suleymanhomes.com\/alanya-real-estate-2\/\"]}]},{\"@type\":\"ImageObject\",\"inLanguage\":\"tr\",\"@id\":\"https:\/\/suleymanhomes.com\/alanya-real-estate-2\/#primaryimage\",\"url\":\"https:\/\/suleymanhomes.com\/wp-content\/uploads\/2024\/11\/9.png\",\"contentUrl\":\"https:\/\/suleymanhomes.com\/wp-content\/uploads\/2024\/11\/9.png\",\"width\":1080,\"height\":1080,\"caption\":\"Alanya Real Estate\"},{\"@type\":\"BreadcrumbList\",\"@id\":\"https:\/\/suleymanhomes.com\/alanya-real-estate-2\/#breadcrumb\",\"itemListElement\":[{\"@type\":\"ListItem\",\"position\":1,\"name\":\"Anasayfa\",\"item\":\"https:\/\/suleymanhomes.com\/\"},{\"@type\":\"ListItem\",\"position\":2,\"name\":\"Alanya Real Estate\"}]},{\"@type\":\"WebSite\",\"@id\":\"https:\/\/suleymanhomes.com\/#website\",\"url\":\"https:\/\/suleymanhomes.com\/\",\"name\":\"S\u00fcleyman Homes\",\"description\":\"\",\"potentialAction\":[{\"@type\":\"SearchAction\",\"target\":{\"@type\":\"EntryPoint\",\"urlTemplate\":\"https:\/\/suleymanhomes.com\/?s={search_term_string}\"},\"query-input\":\"required name=search_term_string\"}],\"inLanguage\":\"tr\"}]}<\/script>\n<!-- \/ Yoast SEO plugin. -->","yoast_head_json":{"title":"Alanya Real Estate - Find Your Dream Property with S\u00fcleyman Homes","description":"Explore the best Alanya Real Estate options with S\u00fcleyman Homes. From luxurious villas to modern apartments, we help you find your perfect property. Contact us today!","robots":{"index":"index","follow":"follow","max-snippet":"max-snippet:-1","max-image-preview":"max-image-preview:large","max-video-preview":"max-video-preview:-1"},"canonical":"https:\/\/suleymanhomes.com\/tr\/alanya-real-estate-2\/","og_locale":"tr_TR","og_type":"article","og_title":"Alanya Real Estate - Find Your Dream Property with S\u00fcleyman Homes","og_description":"Explore the best Alanya Real Estate options with S\u00fcleyman Homes. From luxurious villas to modern apartments, we help you find your perfect property. Contact us today!","og_url":"https:\/\/suleymanhomes.com\/tr\/alanya-real-estate-2\/","og_site_name":"S\u00fcleyman Homes","article_modified_time":"2024-12-10T17:22:18+00:00","og_image":[{"width":1080,"height":1080,"url":"https:\/\/suleymanhomes.com\/wp-content\/uploads\/2024\/11\/9.png","type":"image\/png"}],"twitter_card":"summary_large_image","twitter_misc":{"Tahmini okuma s\u00fcresi":"1 dakika"},"schema":{"@context":"https:\/\/schema.org","@graph":[{"@type":"WebPage","@id":"https:\/\/suleymanhomes.com\/alanya-real-estate-2\/","url":"https:\/\/suleymanhomes.com\/alanya-real-estate-2\/","name":"Alanya Real Estate - Find Your Dream Property with S\u00fcleyman Homes","isPartOf":{"@id":"https:\/\/suleymanhomes.com\/#website"},"primaryImageOfPage":{"@id":"https:\/\/suleymanhomes.com\/alanya-real-estate-2\/#primaryimage"},"image":{"@id":"https:\/\/suleymanhomes.com\/alanya-real-estate-2\/#primaryimage"},"thumbnailUrl":"https:\/\/suleymanhomes.com\/wp-content\/uploads\/2024\/11\/9.png","datePublished":"2024-11-22T20:52:20+00:00","dateModified":"2024-12-10T17:22:18+00:00","description":"Explore the best Alanya Real Estate options with S\u00fcleyman Homes. From luxurious villas to modern apartments, we help you find your perfect property. Contact us today!","breadcrumb":{"@id":"https:\/\/suleymanhomes.com\/alanya-real-estate-2\/#breadcrumb"},"inLanguage":"tr","potentialAction":[{"@type":"ReadAction","target":["https:\/\/suleymanhomes.com\/alanya-real-estate-2\/"]}]},{"@type":"ImageObject","inLanguage":"tr","@id":"https:\/\/suleymanhomes.com\/alanya-real-estate-2\/#primaryimage","url":"https:\/\/suleymanhomes.com\/wp-content\/uploads\/2024\/11\/9.png","contentUrl":"https:\/\/suleymanhomes.com\/wp-content\/uploads\/2024\/11\/9.png","width":1080,"height":1080,"caption":"Alanya Real Estate"},{"@type":"BreadcrumbList","@id":"https:\/\/suleymanhomes.com\/alanya-real-estate-2\/#breadcrumb","itemListElement":[{"@type":"ListItem","position":1,"name":"Anasayfa","item":"https:\/\/suleymanhomes.com\/"},{"@type":"ListItem","position":2,"name":"Alanya Real Estate"}]},{"@type":"WebSite","@id":"https:\/\/suleymanhomes.com\/#website","url":"https:\/\/suleymanhomes.com\/","name":"S\u00fcleyman Homes","description":"","potentialAction":[{"@type":"SearchAction","target":{"@type":"EntryPoint","urlTemplate":"https:\/\/suleymanhomes.com\/?s={search_term_string}"},"query-input":"required name=search_term_string"}],"inLanguage":"tr"}]}},"_links":{"self":[{"href":"https:\/\/suleymanhomes.com\/tr\/wp-json\/wp\/v2\/pages\/33630","targetHints":{"allow":["GET"]}}],"collection":[{"href":"https:\/\/suleymanhomes.com\/tr\/wp-json\/wp\/v2\/pages"}],"about":[{"href":"https:\/\/suleymanhomes.com\/tr\/wp-json\/wp\/v2\/types\/page"}],"author":[{"embeddable":true,"href":"https:\/\/suleymanhomes.com\/tr\/wp-json\/wp\/v2\/users\/1"}],"replies":[{"embeddable":true,"href":"https:\/\/suleymanhomes.com\/tr\/wp-json\/wp\/v2\/comments?post=33630"}],"version-history":[{"count":5,"href":"https:\/\/suleymanhomes.com\/tr\/wp-json\/wp\/v2\/pages\/33630\/revisions"}],"predecessor-version":[{"id":33637,"href":"https:\/\/suleymanhomes.com\/tr\/wp-json\/wp\/v2\/pages\/33630\/revisions\/33637"}],"wp:featuredmedia":[{"embeddable":true,"href":"https:\/\/suleymanhomes.com\/tr\/wp-json\/wp\/v2\/media\/33631"}],"wp:attachment":[{"href":"https:\/\/suleymanhomes.com\/tr\/wp-json\/wp\/v2\/media?parent=33630"}],"curies":[{"name":"wp","href":"https:\/\/api.w.org\/{rel}","templated":true}]}}