{"id":33687,"date":"2024-11-23T00:06:15","date_gmt":"2024-11-22T21:06:15","guid":{"rendered":"https:\/\/suleymanhomes.com\/?page_id=33687"},"modified":"2024-12-10T20:21:38","modified_gmt":"2024-12-10T17:21:38","slug":"alanya-for-sale-property","status":"publish","type":"page","link":"https:\/\/suleymanhomes.com\/tr\/alanya-for-sale-property\/","title":{"rendered":"Alanya Sat\u0131l\u0131k Emlak"},"content":{"rendered":"<div data-elementor-type=\"wp-page\" data-elementor-id=\"33687\" class=\"elementor elementor-33687\">\n\t\t\t\t\t\t<section class=\"elementor-section elementor-top-section elementor-element elementor-element-341177f elementor-section-boxed elementor-section-height-default elementor-section-height-default\" data-id=\"341177f\" data-element_type=\"section\" data-settings=\"{&quot;background_background&quot;:&quot;classic&quot;}\">\n\t\t\t\t\t\t<div class=\"elementor-container elementor-column-gap-default\">\n\t\t\t\t\t<div class=\"elementor-column elementor-col-100 elementor-top-column elementor-element elementor-element-70e4718\" data-id=\"70e4718\" data-element_type=\"column\">\n\t\t\t<div class=\"elementor-widget-wrap elementor-element-populated\">\n\t\t\t\t\t\t<div class=\"elementor-element elementor-element-5884b23 elementor-widget elementor-widget-heading\" data-id=\"5884b23\" data-element_type=\"widget\" data-widget_type=\"heading.default\">\n\t\t\t\t<div class=\"elementor-widget-container\">\n\t\t\t<style>\/*! elementor - v3.23.0 - 05-08-2024 *\/\n.elementor-heading-title{padding:0;margin:0;line-height:1}.elementor-widget-heading .elementor-heading-title[class*=elementor-size-]>a{color:inherit;font-size:inherit;line-height:inherit}.elementor-widget-heading .elementor-heading-title.elementor-size-small{font-size:15px}.elementor-widget-heading .elementor-heading-title.elementor-size-medium{font-size:19px}.elementor-widget-heading .elementor-heading-title.elementor-size-large{font-size:29px}.elementor-widget-heading .elementor-heading-title.elementor-size-xl{font-size:39px}.elementor-widget-heading .elementor-heading-title.elementor-size-xxl{font-size:59px}<\/style><h1 class=\"elementor-heading-title elementor-size-default\">Alanya Sat\u0131l\u0131k Emlak - S\u00fcleyman Homes ile M\u00fckemmel Evinizi Bulun<\/h1>\t\t<\/div>\n\t\t\t\t<\/div>\n\t\t\t\t<div class=\"elementor-element elementor-element-ad8d7ee elementor-widget elementor-widget-text-editor\" data-id=\"ad8d7ee\" data-element_type=\"widget\" data-widget_type=\"text-editor.default\">\n\t\t\t\t<div class=\"elementor-widget-container\">\n\t\t\t<style>\/*! elementor - v3.23.0 - 05-08-2024 *\/\n.elementor-widget-text-editor.elementor-drop-cap-view-stacked .elementor-drop-cap{background-color:#69727d;color:#fff}.elementor-widget-text-editor.elementor-drop-cap-view-framed .elementor-drop-cap{color:#69727d;border:3px solid;background-color:transparent}.elementor-widget-text-editor:not(.elementor-drop-cap-view-default) .elementor-drop-cap{margin-top:8px}.elementor-widget-text-editor:not(.elementor-drop-cap-view-default) .elementor-drop-cap-letter{width:1em;height:1em}.elementor-widget-text-editor .elementor-drop-cap{float:left;text-align:center;line-height:1;font-size:50px}.elementor-widget-text-editor .elementor-drop-cap-letter{display:inline-block}<\/style>\t\t\t\t<h3>Alanya Sat\u0131l\u0131k Emlak: R\u00fcya Eviniz S\u00fcleyman Homes ile Sizi Bekliyor<\/h3><h4>S\u00fcleyman Homes ile Sat\u0131l\u0131k En \u0130yi Alanya Emlaklar\u0131n\u0131 Ke\u015ffedin<\/h4><p>E\u011fer ar\u0131yorsan\u0131z <strong>\u201cAlanya Sat\u0131l\u0131k Emlak\u201d<\/strong> S\u00fcleyman Homes, m\u00fckemmel evi veya yat\u0131r\u0131m\u0131 bulmada g\u00fcvendi\u011finiz orta\u011f\u0131n\u0131zd\u0131r. Geni\u015f bir m\u00fclk portf\u00f6y\u00fc ve ki\u015fiselle\u015ftirilmi\u015f hizmetimizle, Alanya&#039;daki m\u00fclk sat\u0131n alma yolculu\u011funuzu basit ve \u00f6d\u00fcllendirici hale getiriyoruz.<\/p><h4>Bir Sonraki Eviniz \u0130\u00e7in Neden Alanya&#039;y\u0131 Se\u00e7melisiniz?<\/h4><h5>Muhte\u015fem Akdeniz Ya\u015fam Tarz\u0131<\/h5><p>Alanya, g\u00fczel plajlar\u0131n, s\u0131cak havan\u0131n ve canl\u0131 bir k\u00fclt\u00fcrel sahnenin e\u015fsiz bir kar\u0131\u015f\u0131m\u0131n\u0131 sunar. Akdeniz cazibesi ve modern olanaklar\u0131 onu ya\u015famak ve yat\u0131r\u0131m yapmak i\u00e7in en iyi destinasyonlardan biri yapar.<\/p><h5>Y\u00fcksek Yat\u0131r\u0131m Potansiyeli<\/h5><p>The <strong>\u201cAlanya Sat\u0131l\u0131k Emlak\u201d<\/strong> pazar geli\u015fiyor ve yat\u0131r\u0131mc\u0131lara m\u00fckemmel getiriler sunuyor. \u0130ster tatil evi, ister kiral\u0131k m\u00fclk ar\u0131yor olun, Alanya kazan\u00e7l\u0131 f\u0131rsatlar sunuyor.<\/p><h5>Uygun Fiyatl\u0131 Gayrimenkul<\/h5><p>Di\u011fer Avrupa \u015fehirleriyle kar\u015f\u0131la\u015ft\u0131r\u0131ld\u0131\u011f\u0131nda, Alanya rekabet\u00e7i fiyatlarla y\u00fcksek kaliteli m\u00fclkler sunar. Modern dairelerden l\u00fcks villalara kadar, b\u00fct\u00e7enize ve ya\u015fam tarz\u0131n\u0131za m\u00fckemmel uyumu bulacaks\u0131n\u0131z.<\/p><h4>S\u00fcleyman Homes Taraf\u0131ndan Sunulan Hizmetler<\/h4><h5>Kapsaml\u0131 Emlak Listeleri<\/h5><p>S\u00fcleyman Homes&#039;da geni\u015f bir yelpazede \u00fcr\u00fcn sunuyoruz <strong>\u201cAlanya Sat\u0131l\u0131k Emlak\u201d<\/strong> Se\u00e7enekler \u015funlard\u0131r:<\/p><ul><li><strong>Modern Daireler:<\/strong> \u00c7a\u011fda\u015f tasar\u0131mlar ve muhte\u015fem manzaralar sunan, bekarlar, \u00e7iftler veya aileler i\u00e7in ideal.<\/li><li><strong>L\u00fcks Villalar:<\/strong> Gizlilik, konfor ve g\u00fczel bir \u00e7evre sunan geni\u015f evler.<\/li><li><strong>Ticari Gayrimenkuller:<\/strong> \u0130\u015fletmelerini b\u00fcy\u00fctmek isteyen giri\u015fimciler ve yat\u0131r\u0131mc\u0131lar i\u00e7in m\u00fckemmel.<\/li><li><strong>Geli\u015ftirmeye A\u00e7\u0131k Arazi:<\/strong> Hayalinizdeki m\u00fclk\u00fc, se\u00e7kin bir lokasyonda in\u015fa etme f\u0131rsatlar\u0131.<\/li><\/ul><h5>Ki\u015fiye \u00d6zel Dan\u0131\u015fmanl\u0131klar<\/h5><p>\u0130htiya\u00e7lar\u0131n\u0131z\u0131 ve tercihlerinizi anlamak i\u00e7in zaman ay\u0131r\u0131yoruz ve Alanya&#039;da hayalinizdeki m\u00fclk\u00fc bulman\u0131z\u0131 sa\u011flamak i\u00e7in size \u00f6zel \u00f6neriler sunuyoruz.<\/p><h5>Hukuki Yard\u0131m<\/h5><p>Emlak piyasas\u0131nda gezinmek, \u00f6zellikle uluslararas\u0131 al\u0131c\u0131lar i\u00e7in karma\u015f\u0131k olabilir. S\u00fcleyman Homes, sorunsuz bir sat\u0131n alma s\u00fcreci sa\u011flayarak yasal ve idari destek sa\u011flar.<\/p><h5>Sat\u0131\u015f Sonras\u0131 Destek<\/h5><p>Hizmetlerimiz sat\u0131\u015fla bitmiyor. Yat\u0131r\u0131m\u0131n\u0131z\u0131n de\u011ferini en \u00fcst d\u00fczeye \u00e7\u0131karman\u0131za yard\u0131mc\u0131 olmak i\u00e7in m\u00fclk y\u00f6netimi ve kiralama yard\u0131m\u0131 sunuyoruz.<\/p><h4>Alanya Sat\u0131l\u0131k Emlak i\u00e7in En \u0130yi Lokasyonlar<\/h4><h5>Kleopatra Plaj\u0131<\/h5><p>Bu simgesel konum, Alanya&#039;n\u0131n hareketli \u015fehir merkezine yak\u0131n, muhte\u015fem deniz manzaral\u0131 l\u00fcks m\u00fclkler sunmaktad\u0131r.<\/p><h5>Oba<\/h5><p>Huzurlu atmosferi ve modern geli\u015fmeleriyle bilinen Oba, sakin bir ya\u015fam tarz\u0131 arayan aileler i\u00e7in idealdir.<\/p><h5>Mahmutlar<\/h5><p>Yabanc\u0131lar\u0131n g\u00f6zdesi olan Mahmutlar, plaja, al\u0131\u015fveri\u015f mekanlar\u0131na ve restoranlara kolay ula\u015f\u0131m imkan\u0131 sa\u011flayan uygun fiyatl\u0131 konutlar sunuyor.<\/p><h5>Karg\u0131cak<\/h5><p>L\u00fcks arayanlar i\u00e7in Karg\u0131cak, Akdeniz ve Toros Da\u011flar\u0131&#039;n\u0131n nefes kesen manzaras\u0131na sahip \u00fcst d\u00fczey villalar sunmaktad\u0131r.<\/p><h4>Neden S\u00fcleyman Homes&#039;u Se\u00e7melisiniz?<\/h4><ul><li><strong>Uzman Bilgisi:<\/strong> Y\u0131llar\u0131n deneyimi <strong>\u201cAlanya Sat\u0131l\u0131k Emlak\u201d<\/strong> pazar.<\/li><li><strong>Ki\u015fiye \u00d6zel Hizmetler:<\/strong> Tercihlerinize ve hedeflerinize uygun ki\u015fiselle\u015ftirilmi\u015f \u00f6neriler.<\/li><li><strong>\u015eeffafl\u0131k:<\/strong> Sat\u0131n alma s\u00fcreci boyunca d\u00fcr\u00fcst ve net ileti\u015fim.<\/li><li><strong>U\u00e7tan Uca Destek:<\/strong> Emlak aramadan sat\u0131\u015f sonras\u0131 hizmetlere kadar her konuda yan\u0131n\u0131zday\u0131z.<\/li><\/ul><h4>Bug\u00fcn S\u00fcleyman Homes ile \u0130leti\u015fime Ge\u00e7in<\/h4><p>En iyisini ke\u015ffedin <strong>\u201cAlanya Sat\u0131l\u0131k Emlak\u201d<\/strong> S\u00fcleyman Homes ile se\u00e7enekler. \u0130ster hayalinizdeki evi, ister karl\u0131 bir yat\u0131r\u0131m\u0131 ar\u0131yor olun, \u00f6zverili ekibimiz size yard\u0131mc\u0131 olmaya haz\u0131r. Alanya&#039;da m\u00fclk sahibi olma yolculu\u011funuza ba\u015flamak i\u00e7in bug\u00fcn bizimle ileti\u015fime ge\u00e7in.<\/p>\t\t\t\t\t\t<\/div>\n\t\t\t\t<\/div>\n\t\t\t\t\t<\/div>\n\t\t<\/div>\n\t\t\t\t\t<\/div>\n\t\t<\/section>\n\t\t\t\t<\/div>","protected":false},"excerpt":{"rendered":"","protected":false},"author":1,"featured_media":33631,"parent":0,"menu_order":0,"comment_status":"closed","ping_status":"closed","template":"template\/template-homepage.php","meta":{"footnotes":""},"class_list":["post-33687","page","type-page","status-publish","has-post-thumbnail","hentry"],"yoast_head":"<!-- This site is optimized with the Yoast SEO plugin v23.2 - https:\/\/yoast.com\/wordpress\/plugins\/seo\/ -->\n<title>Alanya For Sale Property - Find Your Perfect Home with S\u00fcleyman Homes<\/title>\n<meta name=\"description\" content=\"Explore premium Alanya For Sale Property with S\u00fcleyman Homes. Find modern apartments, luxury villas, and investment opportunities in Alanya today!\" \/>\n<meta name=\"robots\" content=\"index, follow, max-snippet:-1, max-image-preview:large, max-video-preview:-1\" \/>\n<link rel=\"canonical\" href=\"https:\/\/suleymanhomes.com\/tr\/alanya-for-sale-property\/\" \/>\n<meta property=\"og:locale\" content=\"tr_TR\" \/>\n<meta property=\"og:type\" content=\"article\" \/>\n<meta property=\"og:title\" content=\"Alanya For Sale Property - Find Your Perfect Home with S\u00fcleyman Homes\" \/>\n<meta property=\"og:description\" content=\"Explore premium Alanya For Sale Property with S\u00fcleyman Homes. Find modern apartments, luxury villas, and investment opportunities in Alanya today!\" \/>\n<meta property=\"og:url\" content=\"https:\/\/suleymanhomes.com\/tr\/alanya-for-sale-property\/\" \/>\n<meta property=\"og:site_name\" content=\"S\u00fcleyman Homes\" \/>\n<meta property=\"article:modified_time\" content=\"2024-12-10T17:21:38+00:00\" \/>\n<meta property=\"og:image\" content=\"https:\/\/suleymanhomes.com\/wp-content\/uploads\/2024\/11\/9.png\" \/>\n\t<meta property=\"og:image:width\" content=\"1080\" \/>\n\t<meta property=\"og:image:height\" content=\"1080\" \/>\n\t<meta property=\"og:image:type\" content=\"image\/png\" \/>\n<meta name=\"twitter:card\" content=\"summary_large_image\" \/>\n<meta name=\"twitter:label1\" content=\"Tahmini okuma s\u00fcresi\" \/>\n\t<meta name=\"twitter:data1\" content=\"1 dakika\" \/>\n<script type=\"application\/ld+json\" class=\"yoast-schema-graph\">{\"@context\":\"https:\/\/schema.org\",\"@graph\":[{\"@type\":\"WebPage\",\"@id\":\"https:\/\/suleymanhomes.com\/alanya-for-sale-property\/\",\"url\":\"https:\/\/suleymanhomes.com\/alanya-for-sale-property\/\",\"name\":\"Alanya For Sale Property - Find Your Perfect Home with S\u00fcleyman Homes\",\"isPartOf\":{\"@id\":\"https:\/\/suleymanhomes.com\/#website\"},\"primaryImageOfPage\":{\"@id\":\"https:\/\/suleymanhomes.com\/alanya-for-sale-property\/#primaryimage\"},\"image\":{\"@id\":\"https:\/\/suleymanhomes.com\/alanya-for-sale-property\/#primaryimage\"},\"thumbnailUrl\":\"https:\/\/suleymanhomes.com\/wp-content\/uploads\/2024\/11\/9.png\",\"datePublished\":\"2024-11-22T21:06:15+00:00\",\"dateModified\":\"2024-12-10T17:21:38+00:00\",\"description\":\"Explore premium Alanya For Sale Property with S\u00fcleyman Homes. Find modern apartments, luxury villas, and investment opportunities in Alanya today!\",\"breadcrumb\":{\"@id\":\"https:\/\/suleymanhomes.com\/alanya-for-sale-property\/#breadcrumb\"},\"inLanguage\":\"tr\",\"potentialAction\":[{\"@type\":\"ReadAction\",\"target\":[\"https:\/\/suleymanhomes.com\/alanya-for-sale-property\/\"]}]},{\"@type\":\"ImageObject\",\"inLanguage\":\"tr\",\"@id\":\"https:\/\/suleymanhomes.com\/alanya-for-sale-property\/#primaryimage\",\"url\":\"https:\/\/suleymanhomes.com\/wp-content\/uploads\/2024\/11\/9.png\",\"contentUrl\":\"https:\/\/suleymanhomes.com\/wp-content\/uploads\/2024\/11\/9.png\",\"width\":1080,\"height\":1080,\"caption\":\"Alanya Real Estate\"},{\"@type\":\"BreadcrumbList\",\"@id\":\"https:\/\/suleymanhomes.com\/alanya-for-sale-property\/#breadcrumb\",\"itemListElement\":[{\"@type\":\"ListItem\",\"position\":1,\"name\":\"Anasayfa\",\"item\":\"https:\/\/suleymanhomes.com\/\"},{\"@type\":\"ListItem\",\"position\":2,\"name\":\"Alanya For Sale Property\"}]},{\"@type\":\"WebSite\",\"@id\":\"https:\/\/suleymanhomes.com\/#website\",\"url\":\"https:\/\/suleymanhomes.com\/\",\"name\":\"S\u00fcleyman Homes\",\"description\":\"\",\"potentialAction\":[{\"@type\":\"SearchAction\",\"target\":{\"@type\":\"EntryPoint\",\"urlTemplate\":\"https:\/\/suleymanhomes.com\/?s={search_term_string}\"},\"query-input\":\"required name=search_term_string\"}],\"inLanguage\":\"tr\"}]}<\/script>\n<!-- \/ Yoast SEO plugin. -->","yoast_head_json":{"title":"Alanya For Sale Property - Find Your Perfect Home with S\u00fcleyman Homes","description":"Explore premium Alanya For Sale Property with S\u00fcleyman Homes. Find modern apartments, luxury villas, and investment opportunities in Alanya today!","robots":{"index":"index","follow":"follow","max-snippet":"max-snippet:-1","max-image-preview":"max-image-preview:large","max-video-preview":"max-video-preview:-1"},"canonical":"https:\/\/suleymanhomes.com\/tr\/alanya-for-sale-property\/","og_locale":"tr_TR","og_type":"article","og_title":"Alanya For Sale Property - Find Your Perfect Home with S\u00fcleyman Homes","og_description":"Explore premium Alanya For Sale Property with S\u00fcleyman Homes. Find modern apartments, luxury villas, and investment opportunities in Alanya today!","og_url":"https:\/\/suleymanhomes.com\/tr\/alanya-for-sale-property\/","og_site_name":"S\u00fcleyman Homes","article_modified_time":"2024-12-10T17:21:38+00:00","og_image":[{"width":1080,"height":1080,"url":"https:\/\/suleymanhomes.com\/wp-content\/uploads\/2024\/11\/9.png","type":"image\/png"}],"twitter_card":"summary_large_image","twitter_misc":{"Tahmini okuma s\u00fcresi":"1 dakika"},"schema":{"@context":"https:\/\/schema.org","@graph":[{"@type":"WebPage","@id":"https:\/\/suleymanhomes.com\/alanya-for-sale-property\/","url":"https:\/\/suleymanhomes.com\/alanya-for-sale-property\/","name":"Alanya For Sale Property - Find Your Perfect Home with S\u00fcleyman Homes","isPartOf":{"@id":"https:\/\/suleymanhomes.com\/#website"},"primaryImageOfPage":{"@id":"https:\/\/suleymanhomes.com\/alanya-for-sale-property\/#primaryimage"},"image":{"@id":"https:\/\/suleymanhomes.com\/alanya-for-sale-property\/#primaryimage"},"thumbnailUrl":"https:\/\/suleymanhomes.com\/wp-content\/uploads\/2024\/11\/9.png","datePublished":"2024-11-22T21:06:15+00:00","dateModified":"2024-12-10T17:21:38+00:00","description":"Explore premium Alanya For Sale Property with S\u00fcleyman Homes. Find modern apartments, luxury villas, and investment opportunities in Alanya today!","breadcrumb":{"@id":"https:\/\/suleymanhomes.com\/alanya-for-sale-property\/#breadcrumb"},"inLanguage":"tr","potentialAction":[{"@type":"ReadAction","target":["https:\/\/suleymanhomes.com\/alanya-for-sale-property\/"]}]},{"@type":"ImageObject","inLanguage":"tr","@id":"https:\/\/suleymanhomes.com\/alanya-for-sale-property\/#primaryimage","url":"https:\/\/suleymanhomes.com\/wp-content\/uploads\/2024\/11\/9.png","contentUrl":"https:\/\/suleymanhomes.com\/wp-content\/uploads\/2024\/11\/9.png","width":1080,"height":1080,"caption":"Alanya Real Estate"},{"@type":"BreadcrumbList","@id":"https:\/\/suleymanhomes.com\/alanya-for-sale-property\/#breadcrumb","itemListElement":[{"@type":"ListItem","position":1,"name":"Anasayfa","item":"https:\/\/suleymanhomes.com\/"},{"@type":"ListItem","position":2,"name":"Alanya For Sale Property"}]},{"@type":"WebSite","@id":"https:\/\/suleymanhomes.com\/#website","url":"https:\/\/suleymanhomes.com\/","name":"S\u00fcleyman Homes","description":"","potentialAction":[{"@type":"SearchAction","target":{"@type":"EntryPoint","urlTemplate":"https:\/\/suleymanhomes.com\/?s={search_term_string}"},"query-input":"required name=search_term_string"}],"inLanguage":"tr"}]}},"_links":{"self":[{"href":"https:\/\/suleymanhomes.com\/tr\/wp-json\/wp\/v2\/pages\/33687","targetHints":{"allow":["GET"]}}],"collection":[{"href":"https:\/\/suleymanhomes.com\/tr\/wp-json\/wp\/v2\/pages"}],"about":[{"href":"https:\/\/suleymanhomes.com\/tr\/wp-json\/wp\/v2\/types\/page"}],"author":[{"embeddable":true,"href":"https:\/\/suleymanhomes.com\/tr\/wp-json\/wp\/v2\/users\/1"}],"replies":[{"embeddable":true,"href":"https:\/\/suleymanhomes.com\/tr\/wp-json\/wp\/v2\/comments?post=33687"}],"version-history":[{"count":5,"href":"https:\/\/suleymanhomes.com\/tr\/wp-json\/wp\/v2\/pages\/33687\/revisions"}],"predecessor-version":[{"id":33692,"href":"https:\/\/suleymanhomes.com\/tr\/wp-json\/wp\/v2\/pages\/33687\/revisions\/33692"}],"wp:featuredmedia":[{"embeddable":true,"href":"https:\/\/suleymanhomes.com\/tr\/wp-json\/wp\/v2\/media\/33631"}],"wp:attachment":[{"href":"https:\/\/suleymanhomes.com\/tr\/wp-json\/wp\/v2\/media?parent=33687"}],"curies":[{"name":"wp","href":"https:\/\/api.w.org\/{rel}","templated":true}]}}