{"id":33693,"date":"2024-11-23T00:07:15","date_gmt":"2024-11-22T21:07:15","guid":{"rendered":"https:\/\/suleymanhomes.com\/?page_id=33693"},"modified":"2024-12-10T20:21:31","modified_gmt":"2024-12-10T17:21:31","slug":"alanya-for-sale-property-2","status":"publish","type":"page","link":"https:\/\/suleymanhomes.com\/tr\/alanya-for-sale-property-2\/","title":{"rendered":"Alanya Sat\u0131l\u0131k Emlak"},"content":{"rendered":"<div data-elementor-type=\"wp-page\" data-elementor-id=\"33693\" class=\"elementor elementor-33693\">\n\t\t\t\t\t\t<section class=\"elementor-section elementor-top-section elementor-element elementor-element-c483e53 elementor-section-boxed elementor-section-height-default elementor-section-height-default\" data-id=\"c483e53\" data-element_type=\"section\" data-settings=\"{&quot;background_background&quot;:&quot;classic&quot;}\">\n\t\t\t\t\t\t<div class=\"elementor-container elementor-column-gap-default\">\n\t\t\t\t\t<div class=\"elementor-column elementor-col-100 elementor-top-column elementor-element elementor-element-babd140\" data-id=\"babd140\" data-element_type=\"column\">\n\t\t\t<div class=\"elementor-widget-wrap elementor-element-populated\">\n\t\t\t\t\t\t<div class=\"elementor-element elementor-element-d92a4f4 elementor-widget elementor-widget-heading\" data-id=\"d92a4f4\" data-element_type=\"widget\" data-widget_type=\"heading.default\">\n\t\t\t\t<div class=\"elementor-widget-container\">\n\t\t\t<style>\/*! elementor - v3.23.0 - 05-08-2024 *\/\n.elementor-heading-title{padding:0;margin:0;line-height:1}.elementor-widget-heading .elementor-heading-title[class*=elementor-size-]>a{color:inherit;font-size:inherit;line-height:inherit}.elementor-widget-heading .elementor-heading-title.elementor-size-small{font-size:15px}.elementor-widget-heading .elementor-heading-title.elementor-size-medium{font-size:19px}.elementor-widget-heading .elementor-heading-title.elementor-size-large{font-size:29px}.elementor-widget-heading .elementor-heading-title.elementor-size-xl{font-size:39px}.elementor-widget-heading .elementor-heading-title.elementor-size-xxl{font-size:59px}<\/style><h1 class=\"elementor-heading-title elementor-size-default\">Alanya Sat\u0131l\u0131k Emlak - S\u00fcleyman Homes ile Hayalinizdeki Emlak\u0131 Bulun<\/h1>\t\t<\/div>\n\t\t\t\t<\/div>\n\t\t\t\t<div class=\"elementor-element elementor-element-b422368 elementor-widget elementor-widget-text-editor\" data-id=\"b422368\" data-element_type=\"widget\" data-widget_type=\"text-editor.default\">\n\t\t\t\t<div class=\"elementor-widget-container\">\n\t\t\t<style>\/*! elementor - v3.23.0 - 05-08-2024 *\/\n.elementor-widget-text-editor.elementor-drop-cap-view-stacked .elementor-drop-cap{background-color:#69727d;color:#fff}.elementor-widget-text-editor.elementor-drop-cap-view-framed .elementor-drop-cap{color:#69727d;border:3px solid;background-color:transparent}.elementor-widget-text-editor:not(.elementor-drop-cap-view-default) .elementor-drop-cap{margin-top:8px}.elementor-widget-text-editor:not(.elementor-drop-cap-view-default) .elementor-drop-cap-letter{width:1em;height:1em}.elementor-widget-text-editor .elementor-drop-cap{float:left;text-align:center;line-height:1;font-size:50px}.elementor-widget-text-editor .elementor-drop-cap-letter{display:inline-block}<\/style>\t\t\t\t<h3>Alanya Sat\u0131l\u0131k Emlak: S\u00fcleyman Homes ile M\u00fckemmel Yat\u0131r\u0131m\u0131n\u0131z Sizi Bekliyor<\/h3><h4>S\u00fcleyman Homes ile Alanya Sat\u0131l\u0131k Emlak F\u0131rsatlar\u0131n\u0131 Ke\u015ffedin<\/h4><p>Premium mu ar\u0131yorsunuz? <strong>\u201cAlanya Sat\u0131l\u0131k Emlak\u201d<\/strong> se\u00e7enekler? S\u00fcleyman Homes, Alanya&#039;da m\u00fckemmel m\u00fclk\u00fc bulmada g\u00fcvenilir orta\u011f\u0131n\u0131zd\u0131r. \u0130ster rahat bir daire, ister l\u00fcks bir villa, ister y\u00fcksek potansiyelli bir yat\u0131r\u0131m ar\u0131yor olun, ekibimiz her ad\u0131mda size rehberlik etmek i\u00e7in burada.<\/p><h4>Alanya Neden Emlak Sat\u0131n Almak \u0130\u00e7in M\u00fckemmel Bir Yerdir<\/h4><h5>Nefes kesici Akdeniz Ya\u015fam\u0131<\/h5><p>Alanya, alt\u0131n rengi plajlar\u0131, berrak sular\u0131 ve y\u0131l boyu s\u00fcren g\u00fcne\u015fiyle bilinir. Pitoresk manzaralar\u0131 ve canl\u0131 \u015fehir hayat\u0131, onu hem ya\u015famak hem de tatil yapmak i\u00e7in ideal bir yer haline getirir.<\/p><h5>Geli\u015fen Gayrimenkul Piyasas\u0131<\/h5><p>The <strong>\u201cAlanya Sat\u0131l\u0131k Emlak\u201d<\/strong> pazar, al\u0131c\u0131lar ve yat\u0131r\u0131mc\u0131lar i\u00e7in geni\u015f bir se\u00e7enek yelpazesi sunar. Artan talep ve rekabet\u00e7i fiyatlarla Alanya, m\u00fclk de\u011fer art\u0131\u015f\u0131 ve kira geliri i\u00e7in m\u00fckemmel f\u0131rsatlar sunar.<\/p><h5>Uygun fiyatl\u0131 l\u00fcks<\/h5><p>Di\u011fer Avrupa k\u0131y\u0131 \u015fehirleriyle kar\u015f\u0131la\u015ft\u0131r\u0131ld\u0131\u011f\u0131nda, Alanya y\u00fcksek kaliteli m\u00fclklerle uygun fiyatl\u0131 l\u00fcks sunmaktad\u0131r. \u0130ster modern bir daire ister geni\u015f bir villa ar\u0131yor olun, Alanya her b\u00fct\u00e7eye uygun bir \u015feye sahiptir.<\/p><h4>S\u00fcleyman Homes&#039;daki Hizmetlerimiz<\/h4><h5>\u00c7e\u015fitli Emlak Listeleri<\/h5><p>S\u00fcleyman Homes \u015fu konularda uzmanla\u015fm\u0131\u015ft\u0131r: <strong>\u201cAlanya Sat\u0131l\u0131k Emlak\u201d<\/strong> ve a\u015fa\u011f\u0131dakileri i\u00e7eren geni\u015f bir portf\u00f6y sunmaktad\u0131r:<\/p><ul><li><strong>\u015e\u0131k Daireler:<\/strong> Modern olanaklar ve muhte\u015fem manzaralar sunan, bireyler ve aileler i\u00e7in m\u00fckemmel.<\/li><li><strong>\u00d6zel Villalar:<\/strong> L\u00fcks, ferahl\u0131k ve nefes kesen bir \u00e7evre sunan \u00f6zel evler.<\/li><li><strong>Ticari Gayrimenkuller:<\/strong> \u0130\u015fletmeler ve yat\u0131r\u0131mlar i\u00e7in \u00f6nemli lokasyonlarda f\u0131rsatlar.<\/li><li><strong>Geli\u015ftirme Arazisi:<\/strong> Alanya&#039;n\u0131n en g\u00f6zde b\u00f6lgelerinde hayalinizdeki gayrimenkul\u00fc in\u015fa edin.<\/li><\/ul><h5>Ki\u015fiselle\u015ftirilmi\u015f Destek<\/h5><p>Her al\u0131c\u0131n\u0131n benzersiz ihtiya\u00e7lar\u0131 oldu\u011funu anl\u0131yoruz. Deneyimli acentelerimiz, ya\u015fam tarz\u0131n\u0131za, b\u00fct\u00e7enize ve hedeflerinize en uygun m\u00fclk\u00fc bulmak i\u00e7in sizinle yak\u0131n bir \u015fekilde \u00e7al\u0131\u015f\u0131r.<\/p><h5>Hukuki ve \u0130dari Yard\u0131m<\/h5><p>Yabanc\u0131 bir \u00fclkede m\u00fclk sat\u0131n almak g\u00f6z korkutucu olabilir. S\u00fcleyman Homes, sorunsuz ve g\u00fcvenli bir sat\u0131n alma s\u00fcreci sa\u011flayarak uzman yasal ve idari destek sa\u011flar.<\/p><h5>Sat\u0131\u015f Sonras\u0131 Hizmetler<\/h5><p>Hizmetlerimiz sat\u0131\u015fla bitmiyor. Emlak y\u00f6netiminden kiralama yard\u0131m\u0131na kadar, emlak sahipli\u011fi deneyiminizi sorunsuz hale getirmek i\u00e7in buraday\u0131z.<\/p><h4>Alanya Sat\u0131l\u0131k Emlak i\u00e7in En \u0130yi Lokasyonlar<\/h4><h5>Kleopatra Plaj\u0131<\/h5><p>Kleopatra Plaj\u0131&#039;na yak\u0131n sat\u0131l\u0131k daireler, muhte\u015fem deniz manzaras\u0131 ve Alanya&#039;n\u0131n hareketli \u015fehir merkezine yak\u0131nl\u0131\u011f\u0131 sayesinde hem ya\u015famak hem de yat\u0131r\u0131m yapmak i\u00e7in idealdir.<\/p><h5>Oba<\/h5><p>Modern geli\u015fmelerin, ye\u015fil alanlar\u0131n ve olanaklara kolay eri\u015fimin oldu\u011fu, huzurlu ve aile dostu bir b\u00f6lge.<\/p><h5>Mahmutlar<\/h5><p>Uygun fiyatlar\u0131 ve canl\u0131 yabanc\u0131 toplulu\u011fuyla bilinen Mahmutlar, dinamik ama ayn\u0131 zamanda uygun maliyetli bir ya\u015fam deneyimi arayanlar i\u00e7in harika bir se\u00e7enektir.<\/p><h5>Karg\u0131cak<\/h5><p>Gizlilik ve ayr\u0131cal\u0131k arayanlar i\u00e7in Karg\u0131cak, panoramik Akdeniz manzaral\u0131 l\u00fcks villalar sunmaktad\u0131r.<\/p><h4>Neden S\u00fcleyman Homes&#039;u Se\u00e7melisiniz?<\/h4><ul><li><strong>G\u00fcvenebilece\u011finiz Uzmanl\u0131k:<\/strong> Y\u0131llar\u0131n deneyimi <strong>\u201cAlanya Sat\u0131l\u0131k Emlak\u201d<\/strong> pazar.<\/li><li><strong>Ki\u015fiye \u00d6zel \u00c7\u00f6z\u00fcmler:<\/strong> Hayalinizdeki evi bulman\u0131za yard\u0131mc\u0131 olacak ki\u015fiselle\u015ftirilmi\u015f \u00f6neriler.<\/li><li><strong>\u015eeffaf S\u00fcre\u00e7ler:<\/strong> Sat\u0131n alma s\u00fcreci boyunca d\u00fcr\u00fcst ve net ileti\u015fim.<\/li><li><strong>Kapsaml\u0131 Destek:<\/strong> Emlak arama s\u00fcrecinden sat\u0131\u015f sonras\u0131 hizmetlere kadar her ad\u0131mda yan\u0131n\u0131zday\u0131z.<\/li><\/ul><h4>Bug\u00fcn S\u00fcleyman Homes ile \u0130leti\u015fime Ge\u00e7in<\/h4><p>En iyinin kilidini a\u00e7\u0131n <strong>\u201cAlanya Sat\u0131l\u0131k Emlak\u201d<\/strong> S\u00fcleyman Homes ile f\u0131rsatlar. \u0130ster hayalinizdeki evi, ister bir tatil evini, ister kazan\u00e7l\u0131 bir yat\u0131r\u0131m\u0131 ar\u0131yor olun, ekibimiz hedeflerinize ula\u015fman\u0131za yard\u0131mc\u0131 olmaya kendini adam\u0131\u015ft\u0131r. Bug\u00fcn bizimle ileti\u015fime ge\u00e7in ve g\u00fczel Alanya \u015fehrinde m\u00fclk sahibi olma yolunda ilk ad\u0131m\u0131 at\u0131n.<\/p>\t\t\t\t\t\t<\/div>\n\t\t\t\t<\/div>\n\t\t\t\t\t<\/div>\n\t\t<\/div>\n\t\t\t\t\t<\/div>\n\t\t<\/section>\n\t\t\t\t<\/div>","protected":false},"excerpt":{"rendered":"<p>Alanya For Sale Property &#8211; Find Your Dream Property with S\u00fcleyman Homes Alanya For Sale Property: Your Perfect Investment Awaits with S\u00fcleyman Homes Discover Alanya For Sale Property Opportunities with S\u00fcleyman Homes Are you in search of premium &#8220;Alanya For Sale Property&#8221; options? S\u00fcleyman Homes is your reliable partner in finding the perfect property in [&hellip;]<\/p>","protected":false},"author":1,"featured_media":33631,"parent":0,"menu_order":0,"comment_status":"closed","ping_status":"closed","template":"template\/template-homepage.php","meta":{"footnotes":""},"class_list":["post-33693","page","type-page","status-publish","has-post-thumbnail","hentry"],"yoast_head":"<!-- This site is optimized with the Yoast SEO plugin v23.2 - https:\/\/yoast.com\/wordpress\/plugins\/seo\/ -->\n<title>Alanya For Sale Property - Find Your Dream Property with S\u00fcleyman Homes<\/title>\n<meta name=\"description\" content=\"Discover premium Alanya For Sale Property options with S\u00fcleyman Homes. Explore apartments, villas, and investment opportunities in Alanya today!\" \/>\n<meta name=\"robots\" content=\"index, follow, max-snippet:-1, max-image-preview:large, max-video-preview:-1\" \/>\n<link rel=\"canonical\" href=\"https:\/\/suleymanhomes.com\/tr\/alanya-for-sale-property-2\/\" \/>\n<meta property=\"og:locale\" content=\"tr_TR\" \/>\n<meta property=\"og:type\" content=\"article\" \/>\n<meta property=\"og:title\" content=\"Alanya For Sale Property - Find Your Dream Property with S\u00fcleyman Homes\" \/>\n<meta property=\"og:description\" content=\"Discover premium Alanya For Sale Property options with S\u00fcleyman Homes. Explore apartments, villas, and investment opportunities in Alanya today!\" \/>\n<meta property=\"og:url\" content=\"https:\/\/suleymanhomes.com\/tr\/alanya-for-sale-property-2\/\" \/>\n<meta property=\"og:site_name\" content=\"S\u00fcleyman Homes\" \/>\n<meta property=\"article:modified_time\" content=\"2024-12-10T17:21:31+00:00\" \/>\n<meta property=\"og:image\" content=\"https:\/\/suleymanhomes.com\/wp-content\/uploads\/2024\/11\/9.png\" \/>\n\t<meta property=\"og:image:width\" content=\"1080\" \/>\n\t<meta property=\"og:image:height\" content=\"1080\" \/>\n\t<meta property=\"og:image:type\" content=\"image\/png\" \/>\n<meta name=\"twitter:card\" content=\"summary_large_image\" \/>\n<meta name=\"twitter:label1\" content=\"Tahmini okuma s\u00fcresi\" \/>\n\t<meta name=\"twitter:data1\" content=\"4 dakika\" \/>\n<script type=\"application\/ld+json\" class=\"yoast-schema-graph\">{\"@context\":\"https:\/\/schema.org\",\"@graph\":[{\"@type\":\"WebPage\",\"@id\":\"https:\/\/suleymanhomes.com\/alanya-for-sale-property-2\/\",\"url\":\"https:\/\/suleymanhomes.com\/alanya-for-sale-property-2\/\",\"name\":\"Alanya For Sale Property - Find Your Dream Property with S\u00fcleyman Homes\",\"isPartOf\":{\"@id\":\"https:\/\/suleymanhomes.com\/#website\"},\"primaryImageOfPage\":{\"@id\":\"https:\/\/suleymanhomes.com\/alanya-for-sale-property-2\/#primaryimage\"},\"image\":{\"@id\":\"https:\/\/suleymanhomes.com\/alanya-for-sale-property-2\/#primaryimage\"},\"thumbnailUrl\":\"https:\/\/suleymanhomes.com\/wp-content\/uploads\/2024\/11\/9.png\",\"datePublished\":\"2024-11-22T21:07:15+00:00\",\"dateModified\":\"2024-12-10T17:21:31+00:00\",\"description\":\"Discover premium Alanya For Sale Property options with S\u00fcleyman Homes. Explore apartments, villas, and investment opportunities in Alanya today!\",\"breadcrumb\":{\"@id\":\"https:\/\/suleymanhomes.com\/alanya-for-sale-property-2\/#breadcrumb\"},\"inLanguage\":\"tr\",\"potentialAction\":[{\"@type\":\"ReadAction\",\"target\":[\"https:\/\/suleymanhomes.com\/alanya-for-sale-property-2\/\"]}]},{\"@type\":\"ImageObject\",\"inLanguage\":\"tr\",\"@id\":\"https:\/\/suleymanhomes.com\/alanya-for-sale-property-2\/#primaryimage\",\"url\":\"https:\/\/suleymanhomes.com\/wp-content\/uploads\/2024\/11\/9.png\",\"contentUrl\":\"https:\/\/suleymanhomes.com\/wp-content\/uploads\/2024\/11\/9.png\",\"width\":1080,\"height\":1080,\"caption\":\"Alanya Real Estate\"},{\"@type\":\"BreadcrumbList\",\"@id\":\"https:\/\/suleymanhomes.com\/alanya-for-sale-property-2\/#breadcrumb\",\"itemListElement\":[{\"@type\":\"ListItem\",\"position\":1,\"name\":\"Anasayfa\",\"item\":\"https:\/\/suleymanhomes.com\/\"},{\"@type\":\"ListItem\",\"position\":2,\"name\":\"Alanya For Sale Property\"}]},{\"@type\":\"WebSite\",\"@id\":\"https:\/\/suleymanhomes.com\/#website\",\"url\":\"https:\/\/suleymanhomes.com\/\",\"name\":\"S\u00fcleyman Homes\",\"description\":\"\",\"potentialAction\":[{\"@type\":\"SearchAction\",\"target\":{\"@type\":\"EntryPoint\",\"urlTemplate\":\"https:\/\/suleymanhomes.com\/?s={search_term_string}\"},\"query-input\":\"required name=search_term_string\"}],\"inLanguage\":\"tr\"}]}<\/script>\n<!-- \/ Yoast SEO plugin. -->","yoast_head_json":{"title":"Alanya For Sale Property - Find Your Dream Property with S\u00fcleyman Homes","description":"Discover premium Alanya For Sale Property options with S\u00fcleyman Homes. Explore apartments, villas, and investment opportunities in Alanya today!","robots":{"index":"index","follow":"follow","max-snippet":"max-snippet:-1","max-image-preview":"max-image-preview:large","max-video-preview":"max-video-preview:-1"},"canonical":"https:\/\/suleymanhomes.com\/tr\/alanya-for-sale-property-2\/","og_locale":"tr_TR","og_type":"article","og_title":"Alanya For Sale Property - Find Your Dream Property with S\u00fcleyman Homes","og_description":"Discover premium Alanya For Sale Property options with S\u00fcleyman Homes. Explore apartments, villas, and investment opportunities in Alanya today!","og_url":"https:\/\/suleymanhomes.com\/tr\/alanya-for-sale-property-2\/","og_site_name":"S\u00fcleyman Homes","article_modified_time":"2024-12-10T17:21:31+00:00","og_image":[{"width":1080,"height":1080,"url":"https:\/\/suleymanhomes.com\/wp-content\/uploads\/2024\/11\/9.png","type":"image\/png"}],"twitter_card":"summary_large_image","twitter_misc":{"Tahmini okuma s\u00fcresi":"4 dakika"},"schema":{"@context":"https:\/\/schema.org","@graph":[{"@type":"WebPage","@id":"https:\/\/suleymanhomes.com\/alanya-for-sale-property-2\/","url":"https:\/\/suleymanhomes.com\/alanya-for-sale-property-2\/","name":"Alanya For Sale Property - Find Your Dream Property with S\u00fcleyman Homes","isPartOf":{"@id":"https:\/\/suleymanhomes.com\/#website"},"primaryImageOfPage":{"@id":"https:\/\/suleymanhomes.com\/alanya-for-sale-property-2\/#primaryimage"},"image":{"@id":"https:\/\/suleymanhomes.com\/alanya-for-sale-property-2\/#primaryimage"},"thumbnailUrl":"https:\/\/suleymanhomes.com\/wp-content\/uploads\/2024\/11\/9.png","datePublished":"2024-11-22T21:07:15+00:00","dateModified":"2024-12-10T17:21:31+00:00","description":"Discover premium Alanya For Sale Property options with S\u00fcleyman Homes. Explore apartments, villas, and investment opportunities in Alanya today!","breadcrumb":{"@id":"https:\/\/suleymanhomes.com\/alanya-for-sale-property-2\/#breadcrumb"},"inLanguage":"tr","potentialAction":[{"@type":"ReadAction","target":["https:\/\/suleymanhomes.com\/alanya-for-sale-property-2\/"]}]},{"@type":"ImageObject","inLanguage":"tr","@id":"https:\/\/suleymanhomes.com\/alanya-for-sale-property-2\/#primaryimage","url":"https:\/\/suleymanhomes.com\/wp-content\/uploads\/2024\/11\/9.png","contentUrl":"https:\/\/suleymanhomes.com\/wp-content\/uploads\/2024\/11\/9.png","width":1080,"height":1080,"caption":"Alanya Real Estate"},{"@type":"BreadcrumbList","@id":"https:\/\/suleymanhomes.com\/alanya-for-sale-property-2\/#breadcrumb","itemListElement":[{"@type":"ListItem","position":1,"name":"Anasayfa","item":"https:\/\/suleymanhomes.com\/"},{"@type":"ListItem","position":2,"name":"Alanya For Sale Property"}]},{"@type":"WebSite","@id":"https:\/\/suleymanhomes.com\/#website","url":"https:\/\/suleymanhomes.com\/","name":"S\u00fcleyman Homes","description":"","potentialAction":[{"@type":"SearchAction","target":{"@type":"EntryPoint","urlTemplate":"https:\/\/suleymanhomes.com\/?s={search_term_string}"},"query-input":"required name=search_term_string"}],"inLanguage":"tr"}]}},"_links":{"self":[{"href":"https:\/\/suleymanhomes.com\/tr\/wp-json\/wp\/v2\/pages\/33693","targetHints":{"allow":["GET"]}}],"collection":[{"href":"https:\/\/suleymanhomes.com\/tr\/wp-json\/wp\/v2\/pages"}],"about":[{"href":"https:\/\/suleymanhomes.com\/tr\/wp-json\/wp\/v2\/types\/page"}],"author":[{"embeddable":true,"href":"https:\/\/suleymanhomes.com\/tr\/wp-json\/wp\/v2\/users\/1"}],"replies":[{"embeddable":true,"href":"https:\/\/suleymanhomes.com\/tr\/wp-json\/wp\/v2\/comments?post=33693"}],"version-history":[{"count":6,"href":"https:\/\/suleymanhomes.com\/tr\/wp-json\/wp\/v2\/pages\/33693\/revisions"}],"predecessor-version":[{"id":33807,"href":"https:\/\/suleymanhomes.com\/tr\/wp-json\/wp\/v2\/pages\/33693\/revisions\/33807"}],"wp:featuredmedia":[{"embeddable":true,"href":"https:\/\/suleymanhomes.com\/tr\/wp-json\/wp\/v2\/media\/33631"}],"wp:attachment":[{"href":"https:\/\/suleymanhomes.com\/tr\/wp-json\/wp\/v2\/media?parent=33693"}],"curies":[{"name":"wp","href":"https:\/\/api.w.org\/{rel}","templated":true}]}}