{"id":33700,"date":"2024-11-23T00:10:06","date_gmt":"2024-11-22T21:10:06","guid":{"rendered":"https:\/\/suleymanhomes.com\/?page_id=33700"},"modified":"2024-12-10T20:21:27","modified_gmt":"2024-12-10T17:21:27","slug":"alanya-for-sale-property-3","status":"publish","type":"page","link":"https:\/\/suleymanhomes.com\/tr\/alanya-for-sale-property-3\/","title":{"rendered":"Alanya Sat\u0131l\u0131k Emlak"},"content":{"rendered":"<div data-elementor-type=\"wp-page\" data-elementor-id=\"33700\" class=\"elementor elementor-33700\">\n\t\t\t\t\t\t<section class=\"elementor-section elementor-top-section elementor-element elementor-element-60f0485 elementor-section-boxed elementor-section-height-default elementor-section-height-default\" data-id=\"60f0485\" data-element_type=\"section\" data-settings=\"{&quot;background_background&quot;:&quot;classic&quot;}\">\n\t\t\t\t\t\t<div class=\"elementor-container elementor-column-gap-default\">\n\t\t\t\t\t<div class=\"elementor-column elementor-col-100 elementor-top-column elementor-element elementor-element-3227496\" data-id=\"3227496\" data-element_type=\"column\">\n\t\t\t<div class=\"elementor-widget-wrap elementor-element-populated\">\n\t\t\t\t\t\t<div class=\"elementor-element elementor-element-a9e6345 elementor-widget elementor-widget-heading\" data-id=\"a9e6345\" data-element_type=\"widget\" data-widget_type=\"heading.default\">\n\t\t\t\t<div class=\"elementor-widget-container\">\n\t\t\t<style>\/*! elementor - v3.23.0 - 05-08-2024 *\/\n.elementor-heading-title{padding:0;margin:0;line-height:1}.elementor-widget-heading .elementor-heading-title[class*=elementor-size-]>a{color:inherit;font-size:inherit;line-height:inherit}.elementor-widget-heading .elementor-heading-title.elementor-size-small{font-size:15px}.elementor-widget-heading .elementor-heading-title.elementor-size-medium{font-size:19px}.elementor-widget-heading .elementor-heading-title.elementor-size-large{font-size:29px}.elementor-widget-heading .elementor-heading-title.elementor-size-xl{font-size:39px}.elementor-widget-heading .elementor-heading-title.elementor-size-xxl{font-size:59px}<\/style><h1 class=\"elementor-heading-title elementor-size-default\">Alanya Sat\u0131l\u0131k Emlak - S\u00fcleyman Homes ile \u0130deal Emlak\u0131n\u0131z\u0131 Bulun<\/h1>\t\t<\/div>\n\t\t\t\t<\/div>\n\t\t\t\t<div class=\"elementor-element elementor-element-cbc0e76 elementor-widget elementor-widget-text-editor\" data-id=\"cbc0e76\" data-element_type=\"widget\" data-widget_type=\"text-editor.default\">\n\t\t\t\t<div class=\"elementor-widget-container\">\n\t\t\t<style>\/*! elementor - v3.23.0 - 05-08-2024 *\/\n.elementor-widget-text-editor.elementor-drop-cap-view-stacked .elementor-drop-cap{background-color:#69727d;color:#fff}.elementor-widget-text-editor.elementor-drop-cap-view-framed .elementor-drop-cap{color:#69727d;border:3px solid;background-color:transparent}.elementor-widget-text-editor:not(.elementor-drop-cap-view-default) .elementor-drop-cap{margin-top:8px}.elementor-widget-text-editor:not(.elementor-drop-cap-view-default) .elementor-drop-cap-letter{width:1em;height:1em}.elementor-widget-text-editor .elementor-drop-cap{float:left;text-align:center;line-height:1;font-size:50px}.elementor-widget-text-editor .elementor-drop-cap-letter{display:inline-block}<\/style>\t\t\t\t<h3>Alanya Sat\u0131l\u0131k Emlak: S\u00fcleyman Homes ile Akdeniz Ya\u015fam\u0131na A\u00e7\u0131lan Kap\u0131n\u0131z<\/h3><h4>S\u00fcleyman Homes ile Alanya&#039;da Sat\u0131l\u0131k En \u0130yi Emlak Se\u00e7eneklerini Ke\u015ffedin<\/h4><p>M\u00fckemmel olan\u0131 m\u0131 ar\u0131yorsunuz? <strong>\u201cAlanya Sat\u0131l\u0131k Emlak\u201d<\/strong>? S\u00fcleyman Homes, Alanya&#039;n\u0131n canl\u0131 emlak piyasas\u0131n\u0131 ke\u015ffetmenizde g\u00fcvenilir orta\u011f\u0131n\u0131zd\u0131r. Muhte\u015fem dairelerden l\u00fcks villalara kadar, bu Akdeniz cennetinde hayalinizdeki m\u00fclk\u00fc veya yat\u0131r\u0131m f\u0131rsat\u0131n\u0131 bulman\u0131za yard\u0131mc\u0131 olmak i\u00e7in \u00f6zel \u00e7\u00f6z\u00fcmler sunuyoruz.<\/p><h4>Alanya Neden Gayrimenkul \u0130\u00e7in \u00d6nemli Bir Hedeftir?<\/h4><h5>Akdeniz G\u00fczelli\u011fi<\/h5><p>Alanya, alt\u0131n rengi plajlar\u0131, turkuaz sular\u0131 ve nefes kesen da\u011f manzaralar\u0131yla \u00fcnl\u00fcd\u00fcr. Pitoresk manzaras\u0131 ve misafirperver toplulu\u011fu, onu hem ev sahipleri hem de yat\u0131r\u0131mc\u0131lar i\u00e7in bir r\u00fcya destinasyonu haline getirir.<\/p><h5>B\u00fcy\u00fcyen Gayrimenkul Piyasas\u0131<\/h5><p>The <strong>\u201cAlanya Sat\u0131l\u0131k Emlak\u201d<\/strong> pazar patlama ya\u015f\u0131yor ve hem k\u0131sa vadeli kazan\u00e7lar hem de uzun vadeli yat\u0131r\u0131m getirileri i\u00e7in m\u00fckemmel f\u0131rsatlar sunuyor. Artan talep, istikrarl\u0131 emlak de\u011feri b\u00fcy\u00fcmesini garantiliyor.<\/p><h5>Uygun fiyatl\u0131 l\u00fcks<\/h5><p>Alanya, rekabet\u00e7i fiyatlarla l\u00fcks m\u00fclkler sunar. \u0130ster bir tatil evi, ister kal\u0131c\u0131 bir yuva ar\u0131yor olun, Alanya di\u011fer Avrupa merkezlerine k\u0131yasla ola\u011fan\u00fcst\u00fc bir de\u011fer sunar.<\/p><h4>Alanya Sat\u0131l\u0131k Emlak Se\u00e7eneklerimizi Ke\u015ffedin<\/h4><h5>Modern Daireler<\/h5><p>Modern olanaklarla donat\u0131lm\u0131\u015f ve Akdeniz&#039;in muhte\u015fem manzaralar\u0131na sahip \u00e7a\u011fda\u015f daireleri ke\u015ffedin. Bekarlar, aileler veya kiral\u0131k yat\u0131r\u0131mlar i\u00e7in ideal olan bu m\u00fclkler konfor ve rahatl\u0131k sa\u011flar.<\/p><h5>\u00d6zel Villalar<\/h5><p>\u00d6zel havuzlar, geni\u015f bah\u00e7eler ve nefes kesen deniz manzaralar\u0131 sunan villa yelpazemizle l\u00fcks\u00fcn zirvesini deneyimleyin. Gizlilik ve ayr\u0131cal\u0131k arayanlar i\u00e7in m\u00fckemmel.<\/p><h5>Ticari Emlaklar<\/h5><p>Alanya&#039;n\u0131n b\u00fcy\u00fcyen ekonomisine birinci s\u0131n\u0131f ticari m\u00fclklerle yat\u0131r\u0131m yap\u0131n. Perakende alanlar\u0131ndan ofis binalar\u0131na kadar, hedeflerinize uygun f\u0131rsatlar\u0131 belirlemenize yard\u0131mc\u0131 oluyoruz.<\/p><h5>Geli\u015ftirme Arazisi<\/h5><p>Vizyonunuza uyacak \u015fekilde esneklik ve \u00f6zelle\u015ftirme sunan, birinci s\u0131n\u0131f lokasyonlardaki arazilerle hayalinizdeki m\u00fclk\u00fc s\u0131f\u0131rdan in\u015fa edin.<\/p><h4>Neden S\u00fcleyman Homes&#039;u Se\u00e7melisiniz?<\/h4><h5>Ki\u015fiye \u00d6zel Dan\u0131\u015fmanl\u0131klar<\/h5><p>Deneyimli dan\u0131\u015fmanlar\u0131m\u0131z ihtiya\u00e7lar\u0131n\u0131z\u0131, tercihlerinizi ve b\u00fct\u00e7enizi anlamak i\u00e7in zaman ay\u0131r\u0131r ve ya\u015fam tarz\u0131n\u0131za uygun \u00f6zel \u00f6neriler sunar.<\/p><h5>Hukuki ve \u0130dari Destek<\/h5><p>Yabanc\u0131 bir \u00fclkedeki emlak yasalar\u0131nda gezinmek zorlu olabilir. S\u00fcleyman Homes, sorunsuz bir sat\u0131n alma s\u00fcreci sa\u011flayarak kapsaml\u0131 yasal ve idari destek sunar.<\/p><h5>Sat\u0131\u015f Sonras\u0131 Hizmetler<\/h5><p>Emlak y\u00f6netiminden kira yard\u0131m\u0131na kadar, yat\u0131r\u0131m\u0131n\u0131z\u0131n sat\u0131n alma i\u015fleminden uzun s\u00fcre sonra da de\u011fer kazanmaya devam etmesini sa\u011flamak i\u00e7in buraday\u0131z.<\/p><h4>Alanya Sat\u0131l\u0131k Emlak i\u00e7in En \u0130yi Lokasyonlar<\/h4><h5>Kleopatra Plaj\u0131<\/h5><p>Bu simgesel b\u00f6lge, muhte\u015fem deniz manzaral\u0131 ve Alanya&#039;n\u0131n canl\u0131 \u015fehir merkezine yak\u0131n m\u00fclkler sunmaktad\u0131r. Hem ya\u015famak hem de kiralama yat\u0131r\u0131mlar\u0131 i\u00e7in m\u00fckemmel bir se\u00e7imdir.<\/p><h5>Oba<\/h5><p>Aile dostu ortam\u0131 ve modern altyap\u0131s\u0131yla bilinen Oba, okullara, parklara ve al\u0131\u015fveri\u015f merkezlerine kolay ula\u015f\u0131m imkan\u0131yla huzurlu bir ortam sunuyor.<\/p><h5>Mahmutlar<\/h5><p>Yabanc\u0131lar\u0131n g\u00f6zdesi olan Mahmutlar, m\u00fckemmel olanaklara sahip uygun fiyatl\u0131 konutlar ve canl\u0131 bir topluluk atmosferi sunmaktad\u0131r.<\/p><h5>Karg\u0131cak<\/h5><p>Ayr\u0131cal\u0131k arayanlar i\u00e7in Karg\u0131cak, Akdeniz&#039;in panoramik manzaras\u0131na sahip, do\u011fan\u0131n g\u00fczellikleriyle \u00e7evrili l\u00fcks villalar sunmaktad\u0131r.<\/p><h4>Bug\u00fcn S\u00fcleyman Homes ile \u0130leti\u015fime Ge\u00e7in<\/h4><p>Ke\u015ffetmeye haz\u0131r m\u0131s\u0131n\u0131z? <strong>\u201cAlanya Sat\u0131l\u0131k Emlak\u201d<\/strong> se\u00e7enekler? S\u00fcleyman Homes, ihtiya\u00e7lar\u0131n\u0131za uygun m\u00fckemmel m\u00fclk\u00fc bulman\u0131za yard\u0131mc\u0131 olmaya kendini adam\u0131\u015ft\u0131r. \u0130ster hayalinizdeki evi, ister bir tatil evini, ister kazan\u00e7l\u0131 bir yat\u0131r\u0131m\u0131 ar\u0131yor olun, ekibimiz her ad\u0131mda size rehberlik etmek i\u00e7in burada. Bug\u00fcn bizimle ileti\u015fime ge\u00e7in ve Alanya&#039;da bir m\u00fclk sahibi olma yolculu\u011funuza ba\u015flay\u0131n.<\/p>\t\t\t\t\t\t<\/div>\n\t\t\t\t<\/div>\n\t\t\t\t\t<\/div>\n\t\t<\/div>\n\t\t\t\t\t<\/div>\n\t\t<\/section>\n\t\t\t\t<\/div>","protected":false},"excerpt":{"rendered":"","protected":false},"author":1,"featured_media":33631,"parent":0,"menu_order":0,"comment_status":"closed","ping_status":"closed","template":"template\/template-homepage.php","meta":{"footnotes":""},"class_list":["post-33700","page","type-page","status-publish","has-post-thumbnail","hentry"],"yoast_head":"<!-- This site is optimized with the Yoast SEO plugin v23.2 - https:\/\/yoast.com\/wordpress\/plugins\/seo\/ -->\n<title>Alanya For Sale Property - Find Your Ideal Property with S\u00fcleyman Homes<\/title>\n<meta name=\"description\" content=\"Explore premium Alanya For Sale Property options with S\u00fcleyman Homes. Discover luxurious villas, modern apartments, and investment opportunities in Alanya today!\" \/>\n<meta name=\"robots\" content=\"index, follow, max-snippet:-1, max-image-preview:large, max-video-preview:-1\" \/>\n<link rel=\"canonical\" href=\"https:\/\/suleymanhomes.com\/tr\/alanya-for-sale-property-3\/\" \/>\n<meta property=\"og:locale\" content=\"tr_TR\" \/>\n<meta property=\"og:type\" content=\"article\" \/>\n<meta property=\"og:title\" content=\"Alanya For Sale Property - Find Your Ideal Property with S\u00fcleyman Homes\" \/>\n<meta property=\"og:description\" content=\"Explore premium Alanya For Sale Property options with S\u00fcleyman Homes. Discover luxurious villas, modern apartments, and investment opportunities in Alanya today!\" \/>\n<meta property=\"og:url\" content=\"https:\/\/suleymanhomes.com\/tr\/alanya-for-sale-property-3\/\" \/>\n<meta property=\"og:site_name\" content=\"S\u00fcleyman Homes\" \/>\n<meta property=\"article:modified_time\" content=\"2024-12-10T17:21:27+00:00\" \/>\n<meta property=\"og:image\" content=\"https:\/\/suleymanhomes.com\/wp-content\/uploads\/2024\/11\/9.png\" \/>\n\t<meta property=\"og:image:width\" content=\"1080\" \/>\n\t<meta property=\"og:image:height\" content=\"1080\" \/>\n\t<meta property=\"og:image:type\" content=\"image\/png\" \/>\n<meta name=\"twitter:card\" content=\"summary_large_image\" \/>\n<meta name=\"twitter:label1\" content=\"Tahmini okuma s\u00fcresi\" \/>\n\t<meta name=\"twitter:data1\" content=\"1 dakika\" \/>\n<script type=\"application\/ld+json\" class=\"yoast-schema-graph\">{\"@context\":\"https:\/\/schema.org\",\"@graph\":[{\"@type\":\"WebPage\",\"@id\":\"https:\/\/suleymanhomes.com\/alanya-for-sale-property-3\/\",\"url\":\"https:\/\/suleymanhomes.com\/alanya-for-sale-property-3\/\",\"name\":\"Alanya For Sale Property - Find Your Ideal Property with S\u00fcleyman Homes\",\"isPartOf\":{\"@id\":\"https:\/\/suleymanhomes.com\/#website\"},\"primaryImageOfPage\":{\"@id\":\"https:\/\/suleymanhomes.com\/alanya-for-sale-property-3\/#primaryimage\"},\"image\":{\"@id\":\"https:\/\/suleymanhomes.com\/alanya-for-sale-property-3\/#primaryimage\"},\"thumbnailUrl\":\"https:\/\/suleymanhomes.com\/wp-content\/uploads\/2024\/11\/9.png\",\"datePublished\":\"2024-11-22T21:10:06+00:00\",\"dateModified\":\"2024-12-10T17:21:27+00:00\",\"description\":\"Explore premium Alanya For Sale Property options with S\u00fcleyman Homes. Discover luxurious villas, modern apartments, and investment opportunities in Alanya today!\",\"breadcrumb\":{\"@id\":\"https:\/\/suleymanhomes.com\/alanya-for-sale-property-3\/#breadcrumb\"},\"inLanguage\":\"tr\",\"potentialAction\":[{\"@type\":\"ReadAction\",\"target\":[\"https:\/\/suleymanhomes.com\/alanya-for-sale-property-3\/\"]}]},{\"@type\":\"ImageObject\",\"inLanguage\":\"tr\",\"@id\":\"https:\/\/suleymanhomes.com\/alanya-for-sale-property-3\/#primaryimage\",\"url\":\"https:\/\/suleymanhomes.com\/wp-content\/uploads\/2024\/11\/9.png\",\"contentUrl\":\"https:\/\/suleymanhomes.com\/wp-content\/uploads\/2024\/11\/9.png\",\"width\":1080,\"height\":1080,\"caption\":\"Alanya Real Estate\"},{\"@type\":\"BreadcrumbList\",\"@id\":\"https:\/\/suleymanhomes.com\/alanya-for-sale-property-3\/#breadcrumb\",\"itemListElement\":[{\"@type\":\"ListItem\",\"position\":1,\"name\":\"Anasayfa\",\"item\":\"https:\/\/suleymanhomes.com\/\"},{\"@type\":\"ListItem\",\"position\":2,\"name\":\"Alanya For Sale Property\"}]},{\"@type\":\"WebSite\",\"@id\":\"https:\/\/suleymanhomes.com\/#website\",\"url\":\"https:\/\/suleymanhomes.com\/\",\"name\":\"S\u00fcleyman Homes\",\"description\":\"\",\"potentialAction\":[{\"@type\":\"SearchAction\",\"target\":{\"@type\":\"EntryPoint\",\"urlTemplate\":\"https:\/\/suleymanhomes.com\/?s={search_term_string}\"},\"query-input\":\"required name=search_term_string\"}],\"inLanguage\":\"tr\"}]}<\/script>\n<!-- \/ Yoast SEO plugin. -->","yoast_head_json":{"title":"Alanya For Sale Property - Find Your Ideal Property with S\u00fcleyman Homes","description":"Explore premium Alanya For Sale Property options with S\u00fcleyman Homes. Discover luxurious villas, modern apartments, and investment opportunities in Alanya today!","robots":{"index":"index","follow":"follow","max-snippet":"max-snippet:-1","max-image-preview":"max-image-preview:large","max-video-preview":"max-video-preview:-1"},"canonical":"https:\/\/suleymanhomes.com\/tr\/alanya-for-sale-property-3\/","og_locale":"tr_TR","og_type":"article","og_title":"Alanya For Sale Property - Find Your Ideal Property with S\u00fcleyman Homes","og_description":"Explore premium Alanya For Sale Property options with S\u00fcleyman Homes. Discover luxurious villas, modern apartments, and investment opportunities in Alanya today!","og_url":"https:\/\/suleymanhomes.com\/tr\/alanya-for-sale-property-3\/","og_site_name":"S\u00fcleyman Homes","article_modified_time":"2024-12-10T17:21:27+00:00","og_image":[{"width":1080,"height":1080,"url":"https:\/\/suleymanhomes.com\/wp-content\/uploads\/2024\/11\/9.png","type":"image\/png"}],"twitter_card":"summary_large_image","twitter_misc":{"Tahmini okuma s\u00fcresi":"1 dakika"},"schema":{"@context":"https:\/\/schema.org","@graph":[{"@type":"WebPage","@id":"https:\/\/suleymanhomes.com\/alanya-for-sale-property-3\/","url":"https:\/\/suleymanhomes.com\/alanya-for-sale-property-3\/","name":"Alanya For Sale Property - Find Your Ideal Property with S\u00fcleyman Homes","isPartOf":{"@id":"https:\/\/suleymanhomes.com\/#website"},"primaryImageOfPage":{"@id":"https:\/\/suleymanhomes.com\/alanya-for-sale-property-3\/#primaryimage"},"image":{"@id":"https:\/\/suleymanhomes.com\/alanya-for-sale-property-3\/#primaryimage"},"thumbnailUrl":"https:\/\/suleymanhomes.com\/wp-content\/uploads\/2024\/11\/9.png","datePublished":"2024-11-22T21:10:06+00:00","dateModified":"2024-12-10T17:21:27+00:00","description":"Explore premium Alanya For Sale Property options with S\u00fcleyman Homes. Discover luxurious villas, modern apartments, and investment opportunities in Alanya today!","breadcrumb":{"@id":"https:\/\/suleymanhomes.com\/alanya-for-sale-property-3\/#breadcrumb"},"inLanguage":"tr","potentialAction":[{"@type":"ReadAction","target":["https:\/\/suleymanhomes.com\/alanya-for-sale-property-3\/"]}]},{"@type":"ImageObject","inLanguage":"tr","@id":"https:\/\/suleymanhomes.com\/alanya-for-sale-property-3\/#primaryimage","url":"https:\/\/suleymanhomes.com\/wp-content\/uploads\/2024\/11\/9.png","contentUrl":"https:\/\/suleymanhomes.com\/wp-content\/uploads\/2024\/11\/9.png","width":1080,"height":1080,"caption":"Alanya Real Estate"},{"@type":"BreadcrumbList","@id":"https:\/\/suleymanhomes.com\/alanya-for-sale-property-3\/#breadcrumb","itemListElement":[{"@type":"ListItem","position":1,"name":"Anasayfa","item":"https:\/\/suleymanhomes.com\/"},{"@type":"ListItem","position":2,"name":"Alanya For Sale Property"}]},{"@type":"WebSite","@id":"https:\/\/suleymanhomes.com\/#website","url":"https:\/\/suleymanhomes.com\/","name":"S\u00fcleyman Homes","description":"","potentialAction":[{"@type":"SearchAction","target":{"@type":"EntryPoint","urlTemplate":"https:\/\/suleymanhomes.com\/?s={search_term_string}"},"query-input":"required name=search_term_string"}],"inLanguage":"tr"}]}},"_links":{"self":[{"href":"https:\/\/suleymanhomes.com\/tr\/wp-json\/wp\/v2\/pages\/33700","targetHints":{"allow":["GET"]}}],"collection":[{"href":"https:\/\/suleymanhomes.com\/tr\/wp-json\/wp\/v2\/pages"}],"about":[{"href":"https:\/\/suleymanhomes.com\/tr\/wp-json\/wp\/v2\/types\/page"}],"author":[{"embeddable":true,"href":"https:\/\/suleymanhomes.com\/tr\/wp-json\/wp\/v2\/users\/1"}],"replies":[{"embeddable":true,"href":"https:\/\/suleymanhomes.com\/tr\/wp-json\/wp\/v2\/comments?post=33700"}],"version-history":[{"count":5,"href":"https:\/\/suleymanhomes.com\/tr\/wp-json\/wp\/v2\/pages\/33700\/revisions"}],"predecessor-version":[{"id":33705,"href":"https:\/\/suleymanhomes.com\/tr\/wp-json\/wp\/v2\/pages\/33700\/revisions\/33705"}],"wp:featuredmedia":[{"embeddable":true,"href":"https:\/\/suleymanhomes.com\/tr\/wp-json\/wp\/v2\/media\/33631"}],"wp:attachment":[{"href":"https:\/\/suleymanhomes.com\/tr\/wp-json\/wp\/v2\/media?parent=33700"}],"curies":[{"name":"wp","href":"https:\/\/api.w.org\/{rel}","templated":true}]}}