{"id":33747,"date":"2024-11-23T00:27:41","date_gmt":"2024-11-22T21:27:41","guid":{"rendered":"https:\/\/suleymanhomes.com\/?page_id=33747"},"modified":"2024-12-10T20:20:55","modified_gmt":"2024-12-10T17:20:55","slug":"for-sale-property-in-alanya-5","status":"publish","type":"page","link":"https:\/\/suleymanhomes.com\/tr\/for-sale-property-in-alanya-5\/","title":{"rendered":"For Sale Property in Alanya"},"content":{"rendered":"<div data-elementor-type=\"wp-page\" data-elementor-id=\"33747\" class=\"elementor elementor-33747\">\n\t\t\t\t\t\t<section class=\"elementor-section elementor-top-section elementor-element elementor-element-eaa8fe5 elementor-section-boxed elementor-section-height-default elementor-section-height-default\" data-id=\"eaa8fe5\" data-element_type=\"section\" data-settings=\"{&quot;background_background&quot;:&quot;classic&quot;}\">\n\t\t\t\t\t\t<div class=\"elementor-container elementor-column-gap-default\">\n\t\t\t\t\t<div class=\"elementor-column elementor-col-100 elementor-top-column elementor-element elementor-element-c294088\" data-id=\"c294088\" data-element_type=\"column\">\n\t\t\t<div class=\"elementor-widget-wrap elementor-element-populated\">\n\t\t\t\t\t\t<div class=\"elementor-element elementor-element-e8341d8 elementor-widget elementor-widget-heading\" data-id=\"e8341d8\" data-element_type=\"widget\" data-widget_type=\"heading.default\">\n\t\t\t\t<div class=\"elementor-widget-container\">\n\t\t\t<style>\/*! elementor - v3.23.0 - 05-08-2024 *\/\n.elementor-heading-title{padding:0;margin:0;line-height:1}.elementor-widget-heading .elementor-heading-title[class*=elementor-size-]>a{color:inherit;font-size:inherit;line-height:inherit}.elementor-widget-heading .elementor-heading-title.elementor-size-small{font-size:15px}.elementor-widget-heading .elementor-heading-title.elementor-size-medium{font-size:19px}.elementor-widget-heading .elementor-heading-title.elementor-size-large{font-size:29px}.elementor-widget-heading .elementor-heading-title.elementor-size-xl{font-size:39px}.elementor-widget-heading .elementor-heading-title.elementor-size-xxl{font-size:59px}<\/style><h1 class=\"elementor-heading-title elementor-size-default\">Alanya&#039;da Sat\u0131l\u0131k Emlak - S\u00fcleyman Homes ile Hayalinizdeki Evi Bulun<\/h1>\t\t<\/div>\n\t\t\t\t<\/div>\n\t\t\t\t<div class=\"elementor-element elementor-element-55fa9f7 elementor-widget elementor-widget-text-editor\" data-id=\"55fa9f7\" data-element_type=\"widget\" data-widget_type=\"text-editor.default\">\n\t\t\t\t<div class=\"elementor-widget-container\">\n\t\t\t<style>\/*! elementor - v3.23.0 - 05-08-2024 *\/\n.elementor-widget-text-editor.elementor-drop-cap-view-stacked .elementor-drop-cap{background-color:#69727d;color:#fff}.elementor-widget-text-editor.elementor-drop-cap-view-framed .elementor-drop-cap{color:#69727d;border:3px solid;background-color:transparent}.elementor-widget-text-editor:not(.elementor-drop-cap-view-default) .elementor-drop-cap{margin-top:8px}.elementor-widget-text-editor:not(.elementor-drop-cap-view-default) .elementor-drop-cap-letter{width:1em;height:1em}.elementor-widget-text-editor .elementor-drop-cap{float:left;text-align:center;line-height:1;font-size:50px}.elementor-widget-text-editor .elementor-drop-cap-letter{display:inline-block}<\/style>\t\t\t\t<h3>Alanya&#039;da Sat\u0131l\u0131k Emlak: S\u00fcleyman Homes ile \u0130deal Evinizi Ke\u015ffedin<\/h3><h4>S\u00fcleyman Homes ile Hayalinizdeki M\u00fclk\u00fc Bulun<\/h4><p>M\u00fckemmeli ar\u0131yorum <strong>\u201cAlanya&#039;da Sat\u0131l\u0131k Emlak\u201d<\/strong>? S\u00fcleyman Homes, Alanya&#039;n\u0131n canl\u0131 emlak piyasas\u0131nda gezinmek i\u00e7in g\u00fcvendi\u011finiz orta\u011f\u0131n\u0131zd\u0131r. \u0130ster modern bir daire, ister l\u00fcks bir villa veya bir yat\u0131r\u0131m f\u0131rsat\u0131 ar\u0131yor olun, \u00f6zverili ekibimiz ideal m\u00fclk\u00fcn\u00fcz\u00fc bulmak i\u00e7in kusursuz bir yolculuk sa\u011flar.<\/p><h4>Neden Gayrimenkul \u0130\u00e7in Alanya&#039;y\u0131 Se\u00e7melisiniz?<\/h4><h5>Akdeniz&#039;in B\u00fcy\u00fcs\u00fc ve G\u00fczelli\u011fi<\/h5><p>Alanya, nefes kesici plajlar, berrak turkuaz sular ve y\u0131l boyunca s\u0131cak bir Akdeniz iklimi sunar. Tarihi cazibenin ve modern olanaklar\u0131n bir kar\u0131\u015f\u0131m\u0131yla, hem ev sahipleri hem de yat\u0131r\u0131mc\u0131lar i\u00e7in \u00e7ekici bir destinasyondur.<\/p><h5>B\u00fcy\u00fcyen Bir Gayrimenkul Piyasas\u0131<\/h5><p>The <strong>\u201cAlanya&#039;da Sat\u0131l\u0131k Emlak\u201d<\/strong> Pazar, yerel ve uluslararas\u0131 al\u0131c\u0131lardan gelen artan taleple birlikte patlama ya\u015f\u0131yor. Bu geli\u015fen pazar, uzun vadeli yat\u0131r\u0131m ve istikrarl\u0131 kira geliri i\u00e7in b\u00fcy\u00fck potansiyel sunuyor.<\/p><h5>L\u00fcks Ya\u015famla Uygun Fiyatl\u0131 Se\u00e7enekler<\/h5><p>Alanya, uygun fiyatl\u0131 dairelerden l\u00fcks villalara kadar geni\u015f bir yelpazede m\u00fclk sunmaktad\u0131r. Di\u011fer Avrupa lokasyonlar\u0131yla kar\u015f\u0131la\u015ft\u0131r\u0131ld\u0131\u011f\u0131nda, kaliteden \u00f6d\u00fcn vermeden de\u011fer elde etmek i\u00e7in birinci s\u0131n\u0131f bir noktad\u0131r.<\/p><h4>S\u00fcleyman Homes Taraf\u0131ndan Sa\u011flanan Hizmetler<\/h4><h5>Kapsaml\u0131 Emlak Listeleri<\/h5><p>S\u00fcleyman Homes&#039;da \u00e7e\u015fitli se\u00e7enekler sunuyoruz <strong>\u201cAlanya&#039;da Sat\u0131l\u0131k Emlak\u201d<\/strong> Se\u00e7enekler \u015funlard\u0131r:<\/p><ul><li><strong>Modern Daireler:<\/strong> \u00c7a\u011fda\u015f tasar\u0131mlar, birinci s\u0131n\u0131f olanaklar ve muhte\u015fem manzaralar.<\/li><li><strong>L\u00fcks Villalar:<\/strong> Gizlilik, konfor ve panoramik deniz manzaras\u0131 sunan ayr\u0131cal\u0131kl\u0131 evler.<\/li><li><strong>Ticari Gayrimenkuller:<\/strong> Ticari giri\u015fimler veya gelir getirici f\u0131rsatlar i\u00e7in idealdir.<\/li><li><strong>Geli\u015ftirme Arazisi:<\/strong> Se\u00e7kin lokasyonlarda kendi \u00f6zel m\u00fclk\u00fcn\u00fcz\u00fc in\u015fa etme f\u0131rsatlar\u0131.<\/li><\/ul><h5>Ki\u015fiye \u00d6zel Dan\u0131\u015fmanl\u0131klar<\/h5><p>\u0130htiya\u00e7lar\u0131n\u0131z\u0131 ve tercihlerinizi anlamak i\u00e7in zaman ay\u0131r\u0131yoruz ve hedeflerinize uygun, ki\u015fiye \u00f6zel \u00f6neriler sunuyoruz.<\/p><h5>Hukuki ve \u0130dari Destek<\/h5><p>\u00d6zellikle uluslararas\u0131 al\u0131c\u0131lar i\u00e7in, emlak yasalar\u0131nda gezinmek zorlu olabilir. S\u00fcleyman Homes, sorunsuz bir i\u015flem sa\u011flamak i\u00e7in tam yasal ve idari yard\u0131m sunar.<\/p><h5>Sat\u0131\u015f Sonras\u0131 Destek<\/h5><p>Gayrimenkul y\u00f6netiminden kiralama hizmetlerine kadar, sat\u0131\u015f sonras\u0131nda da yan\u0131n\u0131zda olmaya devam ediyor, yat\u0131r\u0131m\u0131n\u0131z\u0131n de\u011ferli kalmas\u0131n\u0131 sa\u011fl\u0131yoruz.<\/p><h4>Alanya&#039;da Sat\u0131l\u0131k Emlak \u0130\u00e7in En \u0130yi Yerler<\/h4><h5>Kleopatra Plaj\u0131<\/h5><p>Alanya&#039;n\u0131n en ikonik lokasyonlar\u0131ndan biri olan Kleopatra Plaj\u0131, muhte\u015fem manzaraya sahip, plaja kolay ula\u015f\u0131m imkan\u0131 sunan ve y\u00fcksek kiralama potansiyeline sahip gayrimenkuller sunuyor.<\/p><h5>Oba<\/h5><p>Huzurlu ve aile dostu bir mahalle olan Oba, yak\u0131nlarda olanaklarla huzur ve modern bir ya\u015fam arayanlar i\u00e7in idealdir.<\/p><h5>Mahmutlar<\/h5><p>Yabanc\u0131lar\u0131n ilgi oda\u011f\u0131 olan hareketli bir b\u00f6lge olan Mahmutlar, uygun fiyatl\u0131 daireler ve canl\u0131 bir topluluk atmosferi sunmaktad\u0131r.<\/p><h5>Karg\u0131cak<\/h5><p>Ayr\u0131cal\u0131kl\u0131 olmay\u0131 arzulayanlar i\u00e7in Karg\u0131cak, do\u011fayla i\u00e7 i\u00e7e, nefes kesen Akdeniz manzaras\u0131na sahip l\u00fcks villalar sunmaktad\u0131r.<\/p><h4>Neden S\u00fcleyman Homes&#039;u Se\u00e7melisiniz?<\/h4><ul><li><strong>G\u00fcvenebilece\u011finiz Uzmanl\u0131k:<\/strong> Y\u0131llar\u0131n deneyimi <strong>\u201cAlanya&#039;da Sat\u0131l\u0131k Emlak\u201d<\/strong> pazar.<\/li><li><strong>Ki\u015fiye \u00d6zel \u00c7\u00f6z\u00fcmler:<\/strong> Benzersiz ihtiya\u00e7lar\u0131n\u0131z\u0131 kar\u015f\u0131layan m\u00fclkleri bulman\u0131z\u0131 sa\u011flayan ki\u015fiselle\u015ftirilmi\u015f hizmetler.<\/li><li><strong>\u015eeffaf S\u00fcre\u00e7ler:<\/strong> Sat\u0131n alma s\u00fcreci boyunca d\u00fcr\u00fcst ve net ileti\u015fim.<\/li><li><strong>Kapsaml\u0131 Destek:<\/strong> \u0130lk dan\u0131\u015fmanl\u0131ktan sat\u0131\u015f sonras\u0131 hizmetlere kadar her ad\u0131mda yan\u0131n\u0131zday\u0131z.<\/li><\/ul><h4>Bug\u00fcn S\u00fcleyman Homes ile \u0130leti\u015fime Ge\u00e7in<\/h4><p>En iyiyi ke\u015ffedin <strong>\u201cAlanya&#039;da Sat\u0131l\u0131k Emlak\u201d<\/strong> S\u00fcleyman Homes ile. \u0130ster bir aile evi, ister bir tatil evi, ister kazan\u00e7l\u0131 bir yat\u0131r\u0131m ar\u0131yor olun, \u00f6zverili ekibimiz m\u00fclk hayallerinizi ger\u00e7e\u011fe d\u00f6n\u00fc\u015ft\u00fcrmek i\u00e7in burada. Bug\u00fcn bizimle ileti\u015fime ge\u00e7in ve Alanya&#039;da bir m\u00fclk sahibi olma yolculu\u011funuza ba\u015flay\u0131n.<\/p>\t\t\t\t\t\t<\/div>\n\t\t\t\t<\/div>\n\t\t\t\t\t<\/div>\n\t\t<\/div>\n\t\t\t\t\t<\/div>\n\t\t<\/section>\n\t\t\t\t<\/div>","protected":false},"excerpt":{"rendered":"","protected":false},"author":1,"featured_media":33631,"parent":0,"menu_order":0,"comment_status":"closed","ping_status":"closed","template":"template\/template-homepage.php","meta":{"footnotes":""},"class_list":["post-33747","page","type-page","status-publish","has-post-thumbnail","hentry"],"yoast_head":"<!-- This site is optimized with the Yoast SEO plugin v23.2 - https:\/\/yoast.com\/wordpress\/plugins\/seo\/ -->\n<title>For Sale Property in Alanya - Find Your Dream Home with S\u00fcleyman Homes<\/title>\n<meta name=\"description\" content=\"Explore premium For Sale Property in Alanya with S\u00fcleyman Homes. Discover modern apartments, luxury villas, and investment opportunities today!\" \/>\n<meta name=\"robots\" content=\"index, follow, max-snippet:-1, max-image-preview:large, max-video-preview:-1\" \/>\n<link rel=\"canonical\" href=\"https:\/\/suleymanhomes.com\/tr\/for-sale-property-in-alanya-5\/\" \/>\n<meta property=\"og:locale\" content=\"tr_TR\" \/>\n<meta property=\"og:type\" content=\"article\" \/>\n<meta property=\"og:title\" content=\"For Sale Property in Alanya - Find Your Dream Home with S\u00fcleyman Homes\" \/>\n<meta property=\"og:description\" content=\"Explore premium For Sale Property in Alanya with S\u00fcleyman Homes. Discover modern apartments, luxury villas, and investment opportunities today!\" \/>\n<meta property=\"og:url\" content=\"https:\/\/suleymanhomes.com\/tr\/for-sale-property-in-alanya-5\/\" \/>\n<meta property=\"og:site_name\" content=\"S\u00fcleyman Homes\" \/>\n<meta property=\"article:modified_time\" content=\"2024-12-10T17:20:55+00:00\" \/>\n<meta property=\"og:image\" content=\"https:\/\/suleymanhomes.com\/wp-content\/uploads\/2024\/11\/9.png\" \/>\n\t<meta property=\"og:image:width\" content=\"1080\" \/>\n\t<meta property=\"og:image:height\" content=\"1080\" \/>\n\t<meta property=\"og:image:type\" content=\"image\/png\" \/>\n<meta name=\"twitter:card\" content=\"summary_large_image\" \/>\n<meta name=\"twitter:label1\" content=\"Tahmini okuma s\u00fcresi\" \/>\n\t<meta name=\"twitter:data1\" content=\"1 dakika\" \/>\n<script type=\"application\/ld+json\" class=\"yoast-schema-graph\">{\"@context\":\"https:\/\/schema.org\",\"@graph\":[{\"@type\":\"WebPage\",\"@id\":\"https:\/\/suleymanhomes.com\/for-sale-property-in-alanya-5\/\",\"url\":\"https:\/\/suleymanhomes.com\/for-sale-property-in-alanya-5\/\",\"name\":\"For Sale Property in Alanya - Find Your Dream Home with S\u00fcleyman Homes\",\"isPartOf\":{\"@id\":\"https:\/\/suleymanhomes.com\/#website\"},\"primaryImageOfPage\":{\"@id\":\"https:\/\/suleymanhomes.com\/for-sale-property-in-alanya-5\/#primaryimage\"},\"image\":{\"@id\":\"https:\/\/suleymanhomes.com\/for-sale-property-in-alanya-5\/#primaryimage\"},\"thumbnailUrl\":\"https:\/\/suleymanhomes.com\/wp-content\/uploads\/2024\/11\/9.png\",\"datePublished\":\"2024-11-22T21:27:41+00:00\",\"dateModified\":\"2024-12-10T17:20:55+00:00\",\"description\":\"Explore premium For Sale Property in Alanya with S\u00fcleyman Homes. Discover modern apartments, luxury villas, and investment opportunities today!\",\"breadcrumb\":{\"@id\":\"https:\/\/suleymanhomes.com\/for-sale-property-in-alanya-5\/#breadcrumb\"},\"inLanguage\":\"tr\",\"potentialAction\":[{\"@type\":\"ReadAction\",\"target\":[\"https:\/\/suleymanhomes.com\/for-sale-property-in-alanya-5\/\"]}]},{\"@type\":\"ImageObject\",\"inLanguage\":\"tr\",\"@id\":\"https:\/\/suleymanhomes.com\/for-sale-property-in-alanya-5\/#primaryimage\",\"url\":\"https:\/\/suleymanhomes.com\/wp-content\/uploads\/2024\/11\/9.png\",\"contentUrl\":\"https:\/\/suleymanhomes.com\/wp-content\/uploads\/2024\/11\/9.png\",\"width\":1080,\"height\":1080,\"caption\":\"Alanya Real Estate\"},{\"@type\":\"BreadcrumbList\",\"@id\":\"https:\/\/suleymanhomes.com\/for-sale-property-in-alanya-5\/#breadcrumb\",\"itemListElement\":[{\"@type\":\"ListItem\",\"position\":1,\"name\":\"Anasayfa\",\"item\":\"https:\/\/suleymanhomes.com\/\"},{\"@type\":\"ListItem\",\"position\":2,\"name\":\"For Sale Property in Alanya\"}]},{\"@type\":\"WebSite\",\"@id\":\"https:\/\/suleymanhomes.com\/#website\",\"url\":\"https:\/\/suleymanhomes.com\/\",\"name\":\"S\u00fcleyman Homes\",\"description\":\"\",\"potentialAction\":[{\"@type\":\"SearchAction\",\"target\":{\"@type\":\"EntryPoint\",\"urlTemplate\":\"https:\/\/suleymanhomes.com\/?s={search_term_string}\"},\"query-input\":\"required name=search_term_string\"}],\"inLanguage\":\"tr\"}]}<\/script>\n<!-- \/ Yoast SEO plugin. -->","yoast_head_json":{"title":"For Sale Property in Alanya - Find Your Dream Home with S\u00fcleyman Homes","description":"Explore premium For Sale Property in Alanya with S\u00fcleyman Homes. Discover modern apartments, luxury villas, and investment opportunities today!","robots":{"index":"index","follow":"follow","max-snippet":"max-snippet:-1","max-image-preview":"max-image-preview:large","max-video-preview":"max-video-preview:-1"},"canonical":"https:\/\/suleymanhomes.com\/tr\/for-sale-property-in-alanya-5\/","og_locale":"tr_TR","og_type":"article","og_title":"For Sale Property in Alanya - Find Your Dream Home with S\u00fcleyman Homes","og_description":"Explore premium For Sale Property in Alanya with S\u00fcleyman Homes. Discover modern apartments, luxury villas, and investment opportunities today!","og_url":"https:\/\/suleymanhomes.com\/tr\/for-sale-property-in-alanya-5\/","og_site_name":"S\u00fcleyman Homes","article_modified_time":"2024-12-10T17:20:55+00:00","og_image":[{"width":1080,"height":1080,"url":"https:\/\/suleymanhomes.com\/wp-content\/uploads\/2024\/11\/9.png","type":"image\/png"}],"twitter_card":"summary_large_image","twitter_misc":{"Tahmini okuma s\u00fcresi":"1 dakika"},"schema":{"@context":"https:\/\/schema.org","@graph":[{"@type":"WebPage","@id":"https:\/\/suleymanhomes.com\/for-sale-property-in-alanya-5\/","url":"https:\/\/suleymanhomes.com\/for-sale-property-in-alanya-5\/","name":"For Sale Property in Alanya - Find Your Dream Home with S\u00fcleyman Homes","isPartOf":{"@id":"https:\/\/suleymanhomes.com\/#website"},"primaryImageOfPage":{"@id":"https:\/\/suleymanhomes.com\/for-sale-property-in-alanya-5\/#primaryimage"},"image":{"@id":"https:\/\/suleymanhomes.com\/for-sale-property-in-alanya-5\/#primaryimage"},"thumbnailUrl":"https:\/\/suleymanhomes.com\/wp-content\/uploads\/2024\/11\/9.png","datePublished":"2024-11-22T21:27:41+00:00","dateModified":"2024-12-10T17:20:55+00:00","description":"Explore premium For Sale Property in Alanya with S\u00fcleyman Homes. Discover modern apartments, luxury villas, and investment opportunities today!","breadcrumb":{"@id":"https:\/\/suleymanhomes.com\/for-sale-property-in-alanya-5\/#breadcrumb"},"inLanguage":"tr","potentialAction":[{"@type":"ReadAction","target":["https:\/\/suleymanhomes.com\/for-sale-property-in-alanya-5\/"]}]},{"@type":"ImageObject","inLanguage":"tr","@id":"https:\/\/suleymanhomes.com\/for-sale-property-in-alanya-5\/#primaryimage","url":"https:\/\/suleymanhomes.com\/wp-content\/uploads\/2024\/11\/9.png","contentUrl":"https:\/\/suleymanhomes.com\/wp-content\/uploads\/2024\/11\/9.png","width":1080,"height":1080,"caption":"Alanya Real Estate"},{"@type":"BreadcrumbList","@id":"https:\/\/suleymanhomes.com\/for-sale-property-in-alanya-5\/#breadcrumb","itemListElement":[{"@type":"ListItem","position":1,"name":"Anasayfa","item":"https:\/\/suleymanhomes.com\/"},{"@type":"ListItem","position":2,"name":"For Sale Property in Alanya"}]},{"@type":"WebSite","@id":"https:\/\/suleymanhomes.com\/#website","url":"https:\/\/suleymanhomes.com\/","name":"S\u00fcleyman Homes","description":"","potentialAction":[{"@type":"SearchAction","target":{"@type":"EntryPoint","urlTemplate":"https:\/\/suleymanhomes.com\/?s={search_term_string}"},"query-input":"required name=search_term_string"}],"inLanguage":"tr"}]}},"_links":{"self":[{"href":"https:\/\/suleymanhomes.com\/tr\/wp-json\/wp\/v2\/pages\/33747","targetHints":{"allow":["GET"]}}],"collection":[{"href":"https:\/\/suleymanhomes.com\/tr\/wp-json\/wp\/v2\/pages"}],"about":[{"href":"https:\/\/suleymanhomes.com\/tr\/wp-json\/wp\/v2\/types\/page"}],"author":[{"embeddable":true,"href":"https:\/\/suleymanhomes.com\/tr\/wp-json\/wp\/v2\/users\/1"}],"replies":[{"embeddable":true,"href":"https:\/\/suleymanhomes.com\/tr\/wp-json\/wp\/v2\/comments?post=33747"}],"version-history":[{"count":6,"href":"https:\/\/suleymanhomes.com\/tr\/wp-json\/wp\/v2\/pages\/33747\/revisions"}],"predecessor-version":[{"id":33808,"href":"https:\/\/suleymanhomes.com\/tr\/wp-json\/wp\/v2\/pages\/33747\/revisions\/33808"}],"wp:featuredmedia":[{"embeddable":true,"href":"https:\/\/suleymanhomes.com\/tr\/wp-json\/wp\/v2\/media\/33631"}],"wp:attachment":[{"href":"https:\/\/suleymanhomes.com\/tr\/wp-json\/wp\/v2\/media?parent=33747"}],"curies":[{"name":"wp","href":"https:\/\/api.w.org\/{rel}","templated":true}]}}