{"id":33815,"date":"2024-12-10T20:25:21","date_gmt":"2024-12-10T17:25:21","guid":{"rendered":"https:\/\/suleymanhomes.com\/?page_id=33815"},"modified":"2024-12-10T20:26:21","modified_gmt":"2024-12-10T17:26:21","slug":"real-estate-in-alanya-2","status":"publish","type":"page","link":"https:\/\/suleymanhomes.com\/tr\/real-estate-in-alanya-2\/","title":{"rendered":"Alanya&#039;da Emlak"},"content":{"rendered":"<div data-elementor-type=\"wp-page\" data-elementor-id=\"33815\" class=\"elementor elementor-33815\">\n\t\t\t\t\t\t<section class=\"elementor-section elementor-top-section elementor-element elementor-element-94cb0bd elementor-section-boxed elementor-section-height-default elementor-section-height-default\" data-id=\"94cb0bd\" data-element_type=\"section\" data-settings=\"{&quot;background_background&quot;:&quot;classic&quot;}\">\n\t\t\t\t\t\t<div class=\"elementor-container elementor-column-gap-default\">\n\t\t\t\t\t<div class=\"elementor-column elementor-col-100 elementor-top-column elementor-element elementor-element-6584d31\" data-id=\"6584d31\" data-element_type=\"column\">\n\t\t\t<div class=\"elementor-widget-wrap elementor-element-populated\">\n\t\t\t\t\t\t<div class=\"elementor-element elementor-element-7a982f1 elementor-widget elementor-widget-heading\" data-id=\"7a982f1\" data-element_type=\"widget\" data-widget_type=\"heading.default\">\n\t\t\t\t<div class=\"elementor-widget-container\">\n\t\t\t<style>\/*! elementor - v3.23.0 - 05-08-2024 *\/\n.elementor-heading-title{padding:0;margin:0;line-height:1}.elementor-widget-heading .elementor-heading-title[class*=elementor-size-]>a{color:inherit;font-size:inherit;line-height:inherit}.elementor-widget-heading .elementor-heading-title.elementor-size-small{font-size:15px}.elementor-widget-heading .elementor-heading-title.elementor-size-medium{font-size:19px}.elementor-widget-heading .elementor-heading-title.elementor-size-large{font-size:29px}.elementor-widget-heading .elementor-heading-title.elementor-size-xl{font-size:39px}.elementor-widget-heading .elementor-heading-title.elementor-size-xxl{font-size:59px}<\/style><h1 class=\"elementor-heading-title elementor-size-default\">Alanya&#039;da Emlak - S\u00fcleyman Homes<\/h1>\t\t<\/div>\n\t\t\t\t<\/div>\n\t\t\t\t<div class=\"elementor-element elementor-element-3ed9b34 elementor-widget elementor-widget-text-editor\" data-id=\"3ed9b34\" data-element_type=\"widget\" data-widget_type=\"text-editor.default\">\n\t\t\t\t<div class=\"elementor-widget-container\">\n\t\t\t<style>\/*! elementor - v3.23.0 - 05-08-2024 *\/\n.elementor-widget-text-editor.elementor-drop-cap-view-stacked .elementor-drop-cap{background-color:#69727d;color:#fff}.elementor-widget-text-editor.elementor-drop-cap-view-framed .elementor-drop-cap{color:#69727d;border:3px solid;background-color:transparent}.elementor-widget-text-editor:not(.elementor-drop-cap-view-default) .elementor-drop-cap{margin-top:8px}.elementor-widget-text-editor:not(.elementor-drop-cap-view-default) .elementor-drop-cap-letter{width:1em;height:1em}.elementor-widget-text-editor .elementor-drop-cap{float:left;text-align:center;line-height:1;font-size:50px}.elementor-widget-text-editor .elementor-drop-cap-letter{display:inline-block}<\/style>\t\t\t\t<h1>Alanya&#039;da Emlak: Akdeniz Mutlulu\u011funa A\u00e7\u0131lan Kap\u0131n\u0131z<\/h1><section><h2>Neden Gayrimenkul \u0130\u00e7in Alanya&#039;y\u0131 Se\u00e7melisiniz?<\/h2><p>T\u00fcrkiye&#039;nin Akdeniz k\u0131y\u0131s\u0131ndaki canl\u0131 bir \u015fehir olan Alanya, do\u011fal g\u00fczellik, modern ya\u015fam ve yat\u0131r\u0131m f\u0131rsatlar\u0131n\u0131n m\u00fckemmel bir kar\u0131\u015f\u0131m\u0131n\u0131 sunar. Geli\u015fen gayrimenkul piyasas\u0131 hem ev sahiplerine hem de yat\u0131r\u0131mc\u0131lara hitap ederek onu d\u00fcnya \u00e7ap\u0131nda aranan bir yer haline getirir.<\/p><\/section><section><h2>Alanya&#039;da Gayrimenkule Yat\u0131r\u0131m Yapman\u0131n Ba\u015fl\u0131ca Faydalar\u0131<\/h2><p>Alanya&#039;n\u0131n gayrimenkul piyasas\u0131na yat\u0131r\u0131m yapman\u0131n benzersiz avantajlar\u0131 vard\u0131r:<\/p><ul><li>Di\u011fer Akdeniz destinasyonlar\u0131na k\u0131yasla uygun emlak fiyatlar\u0131<\/li><li>L\u00fcks olanaklara sahip y\u00fcksek kaliteli in\u015faat<\/li><li>Alanya&#039;n\u0131n y\u0131l boyu turizme a\u00e7\u0131k olmas\u0131 nedeniyle g\u00fc\u00e7l\u00fc bir kiralama pazar\u0131<\/li><li>Plajlara, k\u00fclt\u00fcrel yap\u0131lara ve rekreasyon alanlar\u0131na yak\u0131nl\u0131k<\/li><li>Misafirperver bir ortam sunan \u00e7ok k\u00fclt\u00fcrl\u00fc bir topluluk<\/li><\/ul><\/section><section><h2>Alanya&#039;n\u0131n \u00c7e\u015fitli Emlak Se\u00e7eneklerini Ke\u015ffedin<\/h2><p>S\u00fcleyman Homes, Alanya&#039;da her t\u00fcrl\u00fc tercihe uygun geni\u015f bir gayrimenkul yelpazesi sunmaktad\u0131r:<\/p><ul><li><strong>Modern Daireler:<\/strong> \u015eehir ya\u015fam\u0131 i\u00e7in m\u00fckemmel, \u015f\u0131k tasar\u0131mlara ve se\u00e7kin lokasyonlara sahip.<\/li><li><strong>L\u00fcks Villalar:<\/strong> Aileler veya konfor arayan bireyler i\u00e7in ideal, \u00f6zel havuzlu ve muhte\u015fem manzaral\u0131 geni\u015f evler.<\/li><li><strong>Yat\u0131r\u0131m Ama\u00e7l\u0131 Gayrimenkuller:<\/strong> Kira geliri veya uzun vadeli de\u011fer art\u0131\u015f\u0131 i\u00e7in y\u00fcksek getirili se\u00e7enekler.<\/li><\/ul><\/section><section><h2>Neden S\u00fcleyman Homes ile \u00c7al\u0131\u015fmal\u0131s\u0131n\u0131z?<\/h2><p><strong>S\u00fcleyman Evleri<\/strong> Alanya emlak piyasas\u0131nda g\u00fcvenilir bir isimdir. Uzman rehberlik ve ki\u015fiselle\u015ftirilmi\u015f hizmet sunarak, m\u00fclk aramas\u0131ndan sat\u0131n alma i\u015fleminin tamamlanmas\u0131na kadar sorunsuz bir deneyim sa\u011fl\u0131yoruz.<\/p><\/section><section><h2>Alanya Emlak Yolculu\u011funuz Burada Ba\u015fl\u0131yor<\/h2><p>\u0130ster tatil evi, ister kal\u0131c\u0131 bir konut, ister ak\u0131ll\u0131 bir yat\u0131r\u0131m ar\u0131yor olun, S\u00fcleyman Homes sizin i\u00e7in m\u00fckemmel bir m\u00fclke sahiptir. Alanya&#039;n\u0131n g\u00fczel Akdeniz k\u0131y\u0131s\u0131n\u0131n bir par\u00e7as\u0131na sahip olma yolunda ilk ad\u0131m\u0131 atman\u0131za yard\u0131mc\u0131 olal\u0131m.<\/p><\/section><footer><p>Alanya&#039;daki en iyi gayrimenkulleri ke\u015ffetmek ve hayallerinizi ger\u00e7e\u011fe d\u00f6n\u00fc\u015ft\u00fcrmek i\u00e7in bug\u00fcn S\u00fcleyman Homes ile ileti\u015fime ge\u00e7in.<\/p><\/footer>\t\t\t\t\t\t<\/div>\n\t\t\t\t<\/div>\n\t\t\t\t\t<\/div>\n\t\t<\/div>\n\t\t\t\t\t<\/div>\n\t\t<\/section>\n\t\t\t\t<\/div>","protected":false},"excerpt":{"rendered":"<p>Real Estate in Alanya &#8211; S\u00fcleyman Homes Real Estate in Alanya: Your Door to Mediterranean Bliss Why Choose Alanya for Real Estate? Alanya, a vibrant city on Turkey&#8217;s Mediterranean coast, offers a perfect mix of natural beauty, modern living, and investment opportunities. Its thriving real estate market caters to both homeowners and investors, making it [&hellip;]<\/p>","protected":false},"author":1,"featured_media":33786,"parent":0,"menu_order":0,"comment_status":"closed","ping_status":"closed","template":"template\/template-homepage.php","meta":{"footnotes":""},"class_list":["post-33815","page","type-page","status-publish","has-post-thumbnail","hentry"],"yoast_head":"<!-- This site is optimized with the Yoast SEO plugin v23.2 - https:\/\/yoast.com\/wordpress\/plugins\/seo\/ -->\n<title>Real Estate in Alanya - S\u00fcleyman Homes<\/title>\n<meta name=\"description\" content=\"Find the best real estate in Alanya with S\u00fcleyman Homes. Explore stunning villas, modern apartments, and profitable investment properties in Turkey&#039;s Mediterranean region.\" \/>\n<meta name=\"robots\" content=\"index, follow, max-snippet:-1, max-image-preview:large, max-video-preview:-1\" \/>\n<link rel=\"canonical\" href=\"https:\/\/suleymanhomes.com\/tr\/real-estate-in-alanya-2\/\" \/>\n<meta property=\"og:locale\" content=\"tr_TR\" \/>\n<meta property=\"og:type\" content=\"article\" \/>\n<meta property=\"og:title\" content=\"Real Estate in Alanya - S\u00fcleyman Homes\" \/>\n<meta property=\"og:description\" content=\"Find the best real estate in Alanya with S\u00fcleyman Homes. Explore stunning villas, modern apartments, and profitable investment properties in Turkey&#039;s Mediterranean region.\" \/>\n<meta property=\"og:url\" content=\"https:\/\/suleymanhomes.com\/tr\/real-estate-in-alanya-2\/\" \/>\n<meta property=\"og:site_name\" content=\"S\u00fcleyman Homes\" \/>\n<meta property=\"article:modified_time\" content=\"2024-12-10T17:26:21+00:00\" \/>\n<meta property=\"og:image\" content=\"https:\/\/suleymanhomes.com\/wp-content\/uploads\/2024\/12\/20.png\" \/>\n\t<meta property=\"og:image:width\" content=\"1080\" \/>\n\t<meta property=\"og:image:height\" content=\"1080\" \/>\n\t<meta property=\"og:image:type\" content=\"image\/png\" \/>\n<meta name=\"twitter:card\" content=\"summary_large_image\" \/>\n<meta name=\"twitter:label1\" content=\"Tahmini okuma s\u00fcresi\" \/>\n\t<meta name=\"twitter:data1\" content=\"2 dakika\" \/>\n<script type=\"application\/ld+json\" class=\"yoast-schema-graph\">{\"@context\":\"https:\/\/schema.org\",\"@graph\":[{\"@type\":\"WebPage\",\"@id\":\"https:\/\/suleymanhomes.com\/real-estate-in-alanya-2\/\",\"url\":\"https:\/\/suleymanhomes.com\/real-estate-in-alanya-2\/\",\"name\":\"Real Estate in Alanya - S\u00fcleyman Homes\",\"isPartOf\":{\"@id\":\"https:\/\/suleymanhomes.com\/#website\"},\"primaryImageOfPage\":{\"@id\":\"https:\/\/suleymanhomes.com\/real-estate-in-alanya-2\/#primaryimage\"},\"image\":{\"@id\":\"https:\/\/suleymanhomes.com\/real-estate-in-alanya-2\/#primaryimage\"},\"thumbnailUrl\":\"https:\/\/suleymanhomes.com\/wp-content\/uploads\/2024\/12\/20.png\",\"datePublished\":\"2024-12-10T17:25:21+00:00\",\"dateModified\":\"2024-12-10T17:26:21+00:00\",\"description\":\"Find the best real estate in Alanya with S\u00fcleyman Homes. Explore stunning villas, modern apartments, and profitable investment properties in Turkey's Mediterranean region.\",\"breadcrumb\":{\"@id\":\"https:\/\/suleymanhomes.com\/real-estate-in-alanya-2\/#breadcrumb\"},\"inLanguage\":\"tr\",\"potentialAction\":[{\"@type\":\"ReadAction\",\"target\":[\"https:\/\/suleymanhomes.com\/real-estate-in-alanya-2\/\"]}]},{\"@type\":\"ImageObject\",\"inLanguage\":\"tr\",\"@id\":\"https:\/\/suleymanhomes.com\/real-estate-in-alanya-2\/#primaryimage\",\"url\":\"https:\/\/suleymanhomes.com\/wp-content\/uploads\/2024\/12\/20.png\",\"contentUrl\":\"https:\/\/suleymanhomes.com\/wp-content\/uploads\/2024\/12\/20.png\",\"width\":1080,\"height\":1080,\"caption\":\"Alanya Real Estate\"},{\"@type\":\"BreadcrumbList\",\"@id\":\"https:\/\/suleymanhomes.com\/real-estate-in-alanya-2\/#breadcrumb\",\"itemListElement\":[{\"@type\":\"ListItem\",\"position\":1,\"name\":\"Anasayfa\",\"item\":\"https:\/\/suleymanhomes.com\/\"},{\"@type\":\"ListItem\",\"position\":2,\"name\":\"Real Estate in Alanya\"}]},{\"@type\":\"WebSite\",\"@id\":\"https:\/\/suleymanhomes.com\/#website\",\"url\":\"https:\/\/suleymanhomes.com\/\",\"name\":\"S\u00fcleyman Homes\",\"description\":\"\",\"potentialAction\":[{\"@type\":\"SearchAction\",\"target\":{\"@type\":\"EntryPoint\",\"urlTemplate\":\"https:\/\/suleymanhomes.com\/?s={search_term_string}\"},\"query-input\":\"required name=search_term_string\"}],\"inLanguage\":\"tr\"}]}<\/script>\n<!-- \/ Yoast SEO plugin. -->","yoast_head_json":{"title":"Real Estate in Alanya - S\u00fcleyman Homes","description":"Find the best real estate in Alanya with S\u00fcleyman Homes. Explore stunning villas, modern apartments, and profitable investment properties in Turkey's Mediterranean region.","robots":{"index":"index","follow":"follow","max-snippet":"max-snippet:-1","max-image-preview":"max-image-preview:large","max-video-preview":"max-video-preview:-1"},"canonical":"https:\/\/suleymanhomes.com\/tr\/real-estate-in-alanya-2\/","og_locale":"tr_TR","og_type":"article","og_title":"Real Estate in Alanya - S\u00fcleyman Homes","og_description":"Find the best real estate in Alanya with S\u00fcleyman Homes. Explore stunning villas, modern apartments, and profitable investment properties in Turkey's Mediterranean region.","og_url":"https:\/\/suleymanhomes.com\/tr\/real-estate-in-alanya-2\/","og_site_name":"S\u00fcleyman Homes","article_modified_time":"2024-12-10T17:26:21+00:00","og_image":[{"width":1080,"height":1080,"url":"https:\/\/suleymanhomes.com\/wp-content\/uploads\/2024\/12\/20.png","type":"image\/png"}],"twitter_card":"summary_large_image","twitter_misc":{"Tahmini okuma s\u00fcresi":"2 dakika"},"schema":{"@context":"https:\/\/schema.org","@graph":[{"@type":"WebPage","@id":"https:\/\/suleymanhomes.com\/real-estate-in-alanya-2\/","url":"https:\/\/suleymanhomes.com\/real-estate-in-alanya-2\/","name":"Real Estate in Alanya - S\u00fcleyman Homes","isPartOf":{"@id":"https:\/\/suleymanhomes.com\/#website"},"primaryImageOfPage":{"@id":"https:\/\/suleymanhomes.com\/real-estate-in-alanya-2\/#primaryimage"},"image":{"@id":"https:\/\/suleymanhomes.com\/real-estate-in-alanya-2\/#primaryimage"},"thumbnailUrl":"https:\/\/suleymanhomes.com\/wp-content\/uploads\/2024\/12\/20.png","datePublished":"2024-12-10T17:25:21+00:00","dateModified":"2024-12-10T17:26:21+00:00","description":"Find the best real estate in Alanya with S\u00fcleyman Homes. Explore stunning villas, modern apartments, and profitable investment properties in Turkey's Mediterranean region.","breadcrumb":{"@id":"https:\/\/suleymanhomes.com\/real-estate-in-alanya-2\/#breadcrumb"},"inLanguage":"tr","potentialAction":[{"@type":"ReadAction","target":["https:\/\/suleymanhomes.com\/real-estate-in-alanya-2\/"]}]},{"@type":"ImageObject","inLanguage":"tr","@id":"https:\/\/suleymanhomes.com\/real-estate-in-alanya-2\/#primaryimage","url":"https:\/\/suleymanhomes.com\/wp-content\/uploads\/2024\/12\/20.png","contentUrl":"https:\/\/suleymanhomes.com\/wp-content\/uploads\/2024\/12\/20.png","width":1080,"height":1080,"caption":"Alanya Real Estate"},{"@type":"BreadcrumbList","@id":"https:\/\/suleymanhomes.com\/real-estate-in-alanya-2\/#breadcrumb","itemListElement":[{"@type":"ListItem","position":1,"name":"Anasayfa","item":"https:\/\/suleymanhomes.com\/"},{"@type":"ListItem","position":2,"name":"Real Estate in Alanya"}]},{"@type":"WebSite","@id":"https:\/\/suleymanhomes.com\/#website","url":"https:\/\/suleymanhomes.com\/","name":"S\u00fcleyman Homes","description":"","potentialAction":[{"@type":"SearchAction","target":{"@type":"EntryPoint","urlTemplate":"https:\/\/suleymanhomes.com\/?s={search_term_string}"},"query-input":"required name=search_term_string"}],"inLanguage":"tr"}]}},"_links":{"self":[{"href":"https:\/\/suleymanhomes.com\/tr\/wp-json\/wp\/v2\/pages\/33815","targetHints":{"allow":["GET"]}}],"collection":[{"href":"https:\/\/suleymanhomes.com\/tr\/wp-json\/wp\/v2\/pages"}],"about":[{"href":"https:\/\/suleymanhomes.com\/tr\/wp-json\/wp\/v2\/types\/page"}],"author":[{"embeddable":true,"href":"https:\/\/suleymanhomes.com\/tr\/wp-json\/wp\/v2\/users\/1"}],"replies":[{"embeddable":true,"href":"https:\/\/suleymanhomes.com\/tr\/wp-json\/wp\/v2\/comments?post=33815"}],"version-history":[{"count":5,"href":"https:\/\/suleymanhomes.com\/tr\/wp-json\/wp\/v2\/pages\/33815\/revisions"}],"predecessor-version":[{"id":33820,"href":"https:\/\/suleymanhomes.com\/tr\/wp-json\/wp\/v2\/pages\/33815\/revisions\/33820"}],"wp:featuredmedia":[{"embeddable":true,"href":"https:\/\/suleymanhomes.com\/tr\/wp-json\/wp\/v2\/media\/33786"}],"wp:attachment":[{"href":"https:\/\/suleymanhomes.com\/tr\/wp-json\/wp\/v2\/media?parent=33815"}],"curies":[{"name":"wp","href":"https:\/\/api.w.org\/{rel}","templated":true}]}}