{"id":745,"date":"2016-03-10T18:51:46","date_gmt":"2016-03-10T18:51:46","guid":{"rendered":"https:\/\/default.houzez.co\/?page_id=745"},"modified":"2016-03-10T18:51:46","modified_gmt":"2016-03-10T18:51:46","slug":"terms-and-conditions","status":"publish","type":"page","link":"https:\/\/suleymanhomes.com\/tr\/terms-and-conditions\/","title":{"rendered":"\u015eartlar ve ko\u015fullar"},"content":{"rendered":"<p>Lorem ipsum dolor sit amet, consectetur adipiscing elit. Quisque ut lacinia ex. Curabitur iaculis elit lorem, vitae fringilla turpis ultricies vel. Mauris pretium fermentum est, eget tincidunt massa dignissim sed. Donec, tincidunt&#039;ta bir fal vulputasyonu yapar. Fusce scelerisque quam arcu, vitae dictum leo volutpat tempor. Curabitur commodo vulputate ex id posuere. Phasellus ve condimentum purus. Praesent ve dictum ante. Proin sed ipsum non nisl pretium tempus quis et augue. Morbi ullamcorper, dolor eu accumsan aliquet, nibh nisl molestie odio, at lobortis sapien nisl interdum arcu.<br \/>\nVestibulum vitae varius arku. Nam Mattis est ex, eu iaculis sem euismod ba\u015fka yerde de\u011fil. Hi\u00e7bir \u015fey m\u00fcmk\u00fcn de\u011fil ve bu bir zorunluluktur. Curabitur est tellus, conectetur vitae tellus us, scelerisque convallis ipsum. Ut id nulla Mauris. Proin placerat, mi eget cursus mollis, nulla ipsum venenatis nulla, \u00e7e\u015fitli urna ante eget felis. Nullam tincidunt urna eu cursus sagittis. Aenean id sagittis enim. Aliquam urna urna&#039;da. Pellentesque dapibus velit ut ipsum semper lacinia. Etiam, imperdiet diam ile oturuyor, beni rahats\u0131z ediyor. Sed sagittis tortor dolor, ultrices risus interdum ac. \u00c7ok g\u00fczel bir \u015fey, auctor est vitae, posuere nunc. Curabitur finibus ara\u00e7 turpis commodo ile oturun. Sed pulvinar ipsum a tellus faucibus, nec mattis orci tempus. Sed fringilla eros efficitur, auctor tortor vel, facilisis justo.<br \/>\nNulla vestibulum tempus odio, sed pulvinar odio sodales ut. Mauris, s\u0131f\u0131rdan \u00f6nce. Donec tortor ante, sodales sed nibh a, accumsan vestibulum nulla. Cras ut accumsan nibh, ut mollis dolor. Tamsay\u0131 \u00f6zge\u00e7mi\u015fi, ab ve augue&#039;deki kitlesel sodalar\u0131 toplar. Etiam sagittis rutrum sapien in feugiat. Benim \u00f6zge\u00e7mi\u015fim. Vestibulum consectetur ornare dolor.<br \/>\nProin vitae molestie nibh, id varius purus. Ut ultricies, dui non pellentesque tempus, dolor lacus facilisis ex, sodales quam lectus nec mi. Cras interdum massa eu libero efficitur, nec pellentesque ante laoreet. Praesent tristique pellentesque ligula vitae imperdiet. Mauris elementum augue tortor, vitae rhoncus justo ornare non. Pellentesque pharetra quam ac nibh iaculis, eu tincidunt nunc sollicitudin. Feugiat feugiat&#039;ta libero dictum. Phasellus semper augue et libero gravida, vitae tempus orci porttitor. Nunc lectus justo, condimentum eu libero semper, dictum vestibulum felis. Donec ve tellus sed augue consectetur ultricies et ut felis. Sed sem odio, volutpat vitae neque ac, maximus posuere orci. Cras eu ultrices augue. Quisque vel felis eget orci tincidunt auctor volutpat in quam. L\u00fctfen bunu yap\u0131n. Elementum quam non nunc accumsan, ut suscipit nibh rutrum. Cum sociis natoque penatibus ve magnis dis parturient montes, nascetur ridiculus mus.<br \/>\nDonec a nibh blandit, porttitor purus id, ornare metus. Donec quis fermentum nunc. Vivamus eget augue sem. Nam sodales eros augue, id sollicitudin urna commodo at. Aenean mauris risus, hendrerit nec metus quis, pharetra accumsan nunc. Suspendisse et luctus lectus. Duis ac condimentum sem, vitae laoreet justo. Vestibulum commodo, massa non dapibus interdum, nulla dui maximus sapien, semper rutrum mi tortor eu eros. Fusce ara\u00e7 enim vitae conectetur ultricies. \u0130psum eu sollicitudin&#039;de bir \u015fey yok. Nam et ornare est. Proin cursus metus quam, non faucibus dolor accumsan vitae. Mauris ipsum d\u00f6nemi, gazozlar sit amet neque non, tristique cursus nisl. Sed nisi metus, eget accumsan semper, scelerisque ab ante.<br \/>\nVivamus auctor mauris risus, sed viverra neque pellentesque ac. Phasellus vestibulum lacus nisl, bir semper sem laoreet quis. Fusce nunc arcu, congue vel sodales eu, lacinia at Erat. Phasellus finibus dolor lectus, vel tincidunt leo efficitur at. Nullam ut tellus in turpis blandit varius. Sed ut elit nec lectus pretium luctus vitae sit amet est. Etiam in maximus urna. Cum sociis natoque penatibus ve magnis dis parturient montes, nascetur ridiculus mus.<br \/>\nBa\u015fka yerde bulunmayan ba\u015fka bir \u015fey yok. Sed elit lacus, pulvinar eu leo vel, sodales eleifend diam. A\u00e7\u0131k\u00e7a g\u00f6r\u00fclebilecek bir \u015fey yok, bu da Luctus&#039;un verimlili\u011fini g\u00f6steriyor. Sed sodales dolor justo, eu ultrices ipsum suscipit non. Hay\u0131r, eu dolor vitae felis pellentesque finibus. Morbi id imperdiet nunc, non commodo dolor. Quisque non tristique lacus. Ut faucibus, magna in dapibus ara\u00e7, lectus mauris pellentesque metus, eu sagittis mi enim quis massa. Donec nunc urna, pulvinar a vestibulum nec, consequat sit amet urna. Duis augue nisi, rhoncus sed consequat ab, lobortis ut dui. Vivamus placerat auctor arcu eu tincidunt. Bu, ba\u015fka yerde olmayan ve adil bir \u015fekilde tacize u\u011frayan bir \u015fey.<br \/>\nDonec mollis tortor ut est dapibus fermentum. Vestibulum convallis nisl et ipsum sagittis, vel finibus dui lacinia. Quisque ac mi et orci congue in in in rat. Suspendisse vulputate tristique neque, eget sollicitudin purus commodo id. Donec vel auctor nibh. Duis interdum lorem purus, eget viverra ipsum congue in. Sed bibendum venenatis pretium. Lorem ipsum dolor sit amet, consectetur adipiscing elit. Suspendisse et ultricies lectus. Praesent eu felis rutrum, placerat dolor eget, congue urna. Maecenas cursus mattis purus eu tincidunt. Cras pretium elementum bir tempoyu tetikledi.<br \/>\nTamsay\u0131 \u00f6zge\u00e7mi\u015f libero eu eros gravida condimentum. Nullam tincidunt eu lectus in pharetra. Aenean consectetur nisi quis nulla condimentum, eget tristique ex pretium. Nunc sit amet convallis lorem. Maecenas eget est enim. Sed scelerisque posuere lacus ve consequat. Ut ultrices ultrices maximus. Donec laoreet sagittis suscipit. Fusce vel lectus nibh. Nam vitae tristique ante.<br \/>\nAra d\u00f6nemden \u00f6nce gazoz ekleyin. Aenean bir est euismod feugiat&#039;ta. Pellentesque magna augue, sodales id cursus ab, \u00e7e\u015fitli eget massa. Mauris eros nulla, iaculis ac tellus ut, sagittis eleifend nisl. Aliquam ornare magna tincidunt urna dictum, vitae dignissim lectus malesuada. Nam dignissim lacinia orci eu m\u00fclayim. Etiam m\u00fclayim lacus&#039;ta. Nunc quis aliquam felis. Proin id ligula bibendum, convallis nulla eu, porttitor massa. Mauris feugiat, magna sit amet iaculis tempor, bir zamanlar suscipit nunc, ut pretium velit dui nec ante. Pellentesque feugiat dapibus neque et condimentum. Suspendisse eget eleifend massa. Donec cursus odio pharetra felis dignissim, vitae euismod ligula congue. Morbi sapien period, convallis a magna id, facilisis congue justo. Donec nec mauris nulla. Sed dictum rhoncus nulla, in imperdiet enim dignissim non.<\/p>","protected":false},"excerpt":{"rendered":"<p>Lorem ipsum dolor sit amet, consectetur adipiscing elit. Quisque ut lacinia ex. Curabitur iaculis elit lorem, vitae fringilla turpis ultricies vel. Mauris pretium fermentum est, eget tincidunt massa dignissim sed. Donec vulputate a augue at tincidunt. Fusce scelerisque quam arcu, vitae dictum leo volutpat tempor. Curabitur commodo vulputate ex id posuere. Phasellus at condimentum purus. [&hellip;]<\/p>","protected":false},"author":1,"featured_media":0,"parent":0,"menu_order":0,"comment_status":"closed","ping_status":"closed","template":"","meta":{"footnotes":""},"class_list":["post-745","page","type-page","status-publish","hentry"],"yoast_head":"<!-- This site is optimized with the Yoast SEO plugin v23.2 - https:\/\/yoast.com\/wordpress\/plugins\/seo\/ -->\n<title>Terms and Conditions - S\u00fcleyman Homes<\/title>\n<meta name=\"robots\" content=\"index, follow, max-snippet:-1, max-image-preview:large, max-video-preview:-1\" \/>\n<link rel=\"canonical\" href=\"https:\/\/suleymanhomes.com\/tr\/terms-and-conditions\/\" \/>\n<meta property=\"og:locale\" content=\"tr_TR\" \/>\n<meta property=\"og:type\" content=\"article\" \/>\n<meta property=\"og:title\" content=\"Terms and Conditions - S\u00fcleyman Homes\" \/>\n<meta property=\"og:description\" content=\"Lorem ipsum dolor sit amet, consectetur adipiscing elit. Quisque ut lacinia ex. Curabitur iaculis elit lorem, vitae fringilla turpis ultricies vel. Mauris pretium fermentum est, eget tincidunt massa dignissim sed. Donec vulputate a augue at tincidunt. Fusce scelerisque quam arcu, vitae dictum leo volutpat tempor. Curabitur commodo vulputate ex id posuere. Phasellus at condimentum purus. [&hellip;]\" \/>\n<meta property=\"og:url\" content=\"https:\/\/suleymanhomes.com\/tr\/terms-and-conditions\/\" \/>\n<meta property=\"og:site_name\" content=\"S\u00fcleyman Homes\" \/>\n<meta name=\"twitter:card\" content=\"summary_large_image\" \/>\n<meta name=\"twitter:label1\" content=\"Tahmini okuma s\u00fcresi\" \/>\n\t<meta name=\"twitter:data1\" content=\"5 dakika\" \/>\n<script type=\"application\/ld+json\" class=\"yoast-schema-graph\">{\"@context\":\"https:\/\/schema.org\",\"@graph\":[{\"@type\":\"WebPage\",\"@id\":\"https:\/\/suleymanhomes.com\/terms-and-conditions\/\",\"url\":\"https:\/\/suleymanhomes.com\/terms-and-conditions\/\",\"name\":\"Terms and Conditions - S\u00fcleyman Homes\",\"isPartOf\":{\"@id\":\"https:\/\/suleymanhomes.com\/#website\"},\"datePublished\":\"2016-03-10T18:51:46+00:00\",\"dateModified\":\"2016-03-10T18:51:46+00:00\",\"breadcrumb\":{\"@id\":\"https:\/\/suleymanhomes.com\/terms-and-conditions\/#breadcrumb\"},\"inLanguage\":\"tr\",\"potentialAction\":[{\"@type\":\"ReadAction\",\"target\":[\"https:\/\/suleymanhomes.com\/terms-and-conditions\/\"]}]},{\"@type\":\"BreadcrumbList\",\"@id\":\"https:\/\/suleymanhomes.com\/terms-and-conditions\/#breadcrumb\",\"itemListElement\":[{\"@type\":\"ListItem\",\"position\":1,\"name\":\"Anasayfa\",\"item\":\"https:\/\/suleymanhomes.com\/\"},{\"@type\":\"ListItem\",\"position\":2,\"name\":\"Terms and Conditions\"}]},{\"@type\":\"WebSite\",\"@id\":\"https:\/\/suleymanhomes.com\/#website\",\"url\":\"https:\/\/suleymanhomes.com\/\",\"name\":\"S\u00fcleyman Homes\",\"description\":\"\",\"potentialAction\":[{\"@type\":\"SearchAction\",\"target\":{\"@type\":\"EntryPoint\",\"urlTemplate\":\"https:\/\/suleymanhomes.com\/?s={search_term_string}\"},\"query-input\":\"required name=search_term_string\"}],\"inLanguage\":\"tr\"}]}<\/script>\n<!-- \/ Yoast SEO plugin. -->","yoast_head_json":{"title":"Terms and Conditions - S\u00fcleyman Homes","robots":{"index":"index","follow":"follow","max-snippet":"max-snippet:-1","max-image-preview":"max-image-preview:large","max-video-preview":"max-video-preview:-1"},"canonical":"https:\/\/suleymanhomes.com\/tr\/terms-and-conditions\/","og_locale":"tr_TR","og_type":"article","og_title":"Terms and Conditions - S\u00fcleyman Homes","og_description":"Lorem ipsum dolor sit amet, consectetur adipiscing elit. Quisque ut lacinia ex. Curabitur iaculis elit lorem, vitae fringilla turpis ultricies vel. Mauris pretium fermentum est, eget tincidunt massa dignissim sed. Donec vulputate a augue at tincidunt. Fusce scelerisque quam arcu, vitae dictum leo volutpat tempor. Curabitur commodo vulputate ex id posuere. Phasellus at condimentum purus. [&hellip;]","og_url":"https:\/\/suleymanhomes.com\/tr\/terms-and-conditions\/","og_site_name":"S\u00fcleyman Homes","twitter_card":"summary_large_image","twitter_misc":{"Tahmini okuma s\u00fcresi":"5 dakika"},"schema":{"@context":"https:\/\/schema.org","@graph":[{"@type":"WebPage","@id":"https:\/\/suleymanhomes.com\/terms-and-conditions\/","url":"https:\/\/suleymanhomes.com\/terms-and-conditions\/","name":"Terms and Conditions - S\u00fcleyman Homes","isPartOf":{"@id":"https:\/\/suleymanhomes.com\/#website"},"datePublished":"2016-03-10T18:51:46+00:00","dateModified":"2016-03-10T18:51:46+00:00","breadcrumb":{"@id":"https:\/\/suleymanhomes.com\/terms-and-conditions\/#breadcrumb"},"inLanguage":"tr","potentialAction":[{"@type":"ReadAction","target":["https:\/\/suleymanhomes.com\/terms-and-conditions\/"]}]},{"@type":"BreadcrumbList","@id":"https:\/\/suleymanhomes.com\/terms-and-conditions\/#breadcrumb","itemListElement":[{"@type":"ListItem","position":1,"name":"Anasayfa","item":"https:\/\/suleymanhomes.com\/"},{"@type":"ListItem","position":2,"name":"Terms and Conditions"}]},{"@type":"WebSite","@id":"https:\/\/suleymanhomes.com\/#website","url":"https:\/\/suleymanhomes.com\/","name":"S\u00fcleyman Homes","description":"","potentialAction":[{"@type":"SearchAction","target":{"@type":"EntryPoint","urlTemplate":"https:\/\/suleymanhomes.com\/?s={search_term_string}"},"query-input":"required name=search_term_string"}],"inLanguage":"tr"}]}},"_links":{"self":[{"href":"https:\/\/suleymanhomes.com\/tr\/wp-json\/wp\/v2\/pages\/745","targetHints":{"allow":["GET"]}}],"collection":[{"href":"https:\/\/suleymanhomes.com\/tr\/wp-json\/wp\/v2\/pages"}],"about":[{"href":"https:\/\/suleymanhomes.com\/tr\/wp-json\/wp\/v2\/types\/page"}],"author":[{"embeddable":true,"href":"https:\/\/suleymanhomes.com\/tr\/wp-json\/wp\/v2\/users\/1"}],"replies":[{"embeddable":true,"href":"https:\/\/suleymanhomes.com\/tr\/wp-json\/wp\/v2\/comments?post=745"}],"version-history":[{"count":0,"href":"https:\/\/suleymanhomes.com\/tr\/wp-json\/wp\/v2\/pages\/745\/revisions"}],"wp:attachment":[{"href":"https:\/\/suleymanhomes.com\/tr\/wp-json\/wp\/v2\/media?parent=745"}],"curies":[{"name":"wp","href":"https:\/\/api.w.org\/{rel}","templated":true}]}}