{"id":748,"date":"2016-03-10T18:52:12","date_gmt":"2016-03-10T18:52:12","guid":{"rendered":"https:\/\/default.houzez.co\/?page_id=748"},"modified":"2016-03-10T18:52:12","modified_gmt":"2016-03-10T18:52:12","slug":"privacy","status":"publish","type":"page","link":"https:\/\/suleymanhomes.com\/tr\/privacy\/","title":{"rendered":"Gizlilik Politikas\u0131"},"content":{"rendered":"<p>Lorem ipsum dolor sit amet, consectetur adipiscing elit. Quisque ut lacinia ex. Curabitur iaculis elit lorem, vitae fringilla turpis ultricies vel. Mauris pretium fermentum est, eget tincidunt massa dignissim sed. Donec, tincidunt&#039;ta bir fal vulputasyonu yapar. Fusce scelerisque quam arcu, vitae dictum leo volutpat tempor. Curabitur commodo vulputate ex id posuere. Phasellus ve condimentum purus. Praesent ve dictum ante. Proin sed ipsum non nisl pretium tempus quis et augue. Morbi ullamcorper, dolor eu accumsan aliquet, nibh nisl molestie odio, at lobortis sapien nisl interdum arcu.<br \/>\nVestibulum vitae varius arku. Nam Mattis est ex, eu iaculis sem euismod ba\u015fka yerde de\u011fil. Hi\u00e7bir \u015fey m\u00fcmk\u00fcn de\u011fil ve bu bir zorunluluktur. Curabitur est tellus, consectetur, scelerisque convallis ipsum.<\/p>\n<p>Ut id nulla Mauris. Proin placerat, mi eget cursus mollis, nulla ipsum venenatis nulla, \u00e7e\u015fitli urna ante eget felis. Nullam tincidunt urna eu cursus sagittis. Aenean id sagittis enim. Aliquam urna urna&#039;da. Pellentesque dapibus velit ut ipsum semper lacinia. Etiam, imperdiet diam ile oturuyor, beni rahats\u0131z ediyor. Sed sagittis tortor dolor, ultrices risus interdum ac. Pellentesque acu malesuada, auctor est vitae, posuere nunc. Curabitur finibus ara\u00e7 turpis commodo ile oturun. Sed pulvinar ipsum a tellus faucibus, nec mattis orci tempus. Sed fringilla eros efficitur, auctor tortor vel, facilisis justo.<br \/>\nVivamus auctor mauris risus, sed viverra neque pellentesque ac. Phasellus vestibulum lacus nisl, bir semper sem laoreet quis. Fusce nunc arcu, congue vel sodales eu, lacinia at Erat. Phasellus finibus dolor lectus, vel tincidunt leo efficitur at. Nullam ut tellus in turpis blandit varius. Sed ut elit nec lectus pretium luctus vitae sit amet est. Etiam in maximus urna. Cum sociis natoque penatibus ve magnis dis parturient montes, nascetur ridiculus mus.<br \/>\nBa\u015fka yerde bulunmayan ba\u015fka bir \u015fey yok. Sed elit lacus, pulvinar eu leo vel, sodales eleifend diam. A\u00e7\u0131k\u00e7a g\u00f6r\u00fclebilecek bir \u015fey yok, bu da Luctus&#039;un verimlili\u011fini g\u00f6steriyor. Sed sodales dolor justo, eu ultrices ipsum suscipit non. Hay\u0131r, eu dolor vitae felis pellentesque finibus. Morbi id imperdiet nunc, non commodo dolor. Quisque non tristique lacus. Ut faucibus, magna in dapibus ara\u00e7, lectus mauris pellentesque metus, eu sagittis mi enim quis massa. Donec nunc urna, pulvinar a vestibulum nec, consequat sit amet urna. Duis augue nisi, rhoncus sed consequat ab, lobortis ut dui. Vivamus placerat auctor arcu eu tincidunt. Bu, ba\u015fka yerde olmayan ve adil bir \u015fekilde tacize u\u011frayan bir \u015fey.<br \/>\nDonec mollis tortor ut est dapibus fermentum. Vestibulum convallis nisl et ipsum sagittis, vel finibus dui lacinia. Quisque ac mi et orci congue in in in rat. Suspendisse vulputate tristique neque, eget sollicitudin purus commodo id. Donec vel auctor nibh. Duis interdum lorem purus, eget viverra ipsum congue in. Sed bibendum venenatis pretium. Lorem ipsum dolor sit amet, consectetur adipiscing elit. Suspendisse et ultricies lectus. Praesent eu felis rutrum, placerat dolor eget, congue urna. Maecenas cursus mattis purus eu tincidunt. Cras pretium elementum bir tempoyu tetikledi.<\/p>","protected":false},"excerpt":{"rendered":"<p>Lorem ipsum dolor sit amet, consectetur adipiscing elit. Quisque ut lacinia ex. Curabitur iaculis elit lorem, vitae fringilla turpis ultricies vel. Mauris pretium fermentum est, eget tincidunt massa dignissim sed. Donec vulputate a augue at tincidunt. Fusce scelerisque quam arcu, vitae dictum leo volutpat tempor. Curabitur commodo vulputate ex id posuere. Phasellus at condimentum purus. [&hellip;]<\/p>","protected":false},"author":1,"featured_media":0,"parent":0,"menu_order":0,"comment_status":"closed","ping_status":"closed","template":"template\/template-page.php","meta":{"footnotes":""},"class_list":["post-748","page","type-page","status-publish","hentry"],"yoast_head":"<!-- This site is optimized with the Yoast SEO plugin v23.2 - https:\/\/yoast.com\/wordpress\/plugins\/seo\/ -->\n<title>Privacy Policy - S\u00fcleyman Homes<\/title>\n<meta name=\"robots\" content=\"index, follow, max-snippet:-1, max-image-preview:large, max-video-preview:-1\" \/>\n<link rel=\"canonical\" href=\"https:\/\/suleymanhomes.com\/tr\/privacy\/\" \/>\n<meta property=\"og:locale\" content=\"tr_TR\" \/>\n<meta property=\"og:type\" content=\"article\" \/>\n<meta property=\"og:title\" content=\"Privacy Policy - S\u00fcleyman Homes\" \/>\n<meta property=\"og:description\" content=\"Lorem ipsum dolor sit amet, consectetur adipiscing elit. Quisque ut lacinia ex. Curabitur iaculis elit lorem, vitae fringilla turpis ultricies vel. Mauris pretium fermentum est, eget tincidunt massa dignissim sed. Donec vulputate a augue at tincidunt. Fusce scelerisque quam arcu, vitae dictum leo volutpat tempor. Curabitur commodo vulputate ex id posuere. Phasellus at condimentum purus. [&hellip;]\" \/>\n<meta property=\"og:url\" content=\"https:\/\/suleymanhomes.com\/tr\/privacy\/\" \/>\n<meta property=\"og:site_name\" content=\"S\u00fcleyman Homes\" \/>\n<meta name=\"twitter:card\" content=\"summary_large_image\" \/>\n<meta name=\"twitter:label1\" content=\"Tahmini okuma s\u00fcresi\" \/>\n\t<meta name=\"twitter:data1\" content=\"2 dakika\" \/>\n<script type=\"application\/ld+json\" class=\"yoast-schema-graph\">{\"@context\":\"https:\/\/schema.org\",\"@graph\":[{\"@type\":\"WebPage\",\"@id\":\"https:\/\/suleymanhomes.com\/privacy\/\",\"url\":\"https:\/\/suleymanhomes.com\/privacy\/\",\"name\":\"Privacy Policy - S\u00fcleyman Homes\",\"isPartOf\":{\"@id\":\"https:\/\/suleymanhomes.com\/#website\"},\"datePublished\":\"2016-03-10T18:52:12+00:00\",\"dateModified\":\"2016-03-10T18:52:12+00:00\",\"breadcrumb\":{\"@id\":\"https:\/\/suleymanhomes.com\/privacy\/#breadcrumb\"},\"inLanguage\":\"tr\",\"potentialAction\":[{\"@type\":\"ReadAction\",\"target\":[\"https:\/\/suleymanhomes.com\/privacy\/\"]}]},{\"@type\":\"BreadcrumbList\",\"@id\":\"https:\/\/suleymanhomes.com\/privacy\/#breadcrumb\",\"itemListElement\":[{\"@type\":\"ListItem\",\"position\":1,\"name\":\"Anasayfa\",\"item\":\"https:\/\/suleymanhomes.com\/\"},{\"@type\":\"ListItem\",\"position\":2,\"name\":\"Privacy Policy\"}]},{\"@type\":\"WebSite\",\"@id\":\"https:\/\/suleymanhomes.com\/#website\",\"url\":\"https:\/\/suleymanhomes.com\/\",\"name\":\"S\u00fcleyman Homes\",\"description\":\"\",\"potentialAction\":[{\"@type\":\"SearchAction\",\"target\":{\"@type\":\"EntryPoint\",\"urlTemplate\":\"https:\/\/suleymanhomes.com\/?s={search_term_string}\"},\"query-input\":\"required name=search_term_string\"}],\"inLanguage\":\"tr\"}]}<\/script>\n<!-- \/ Yoast SEO plugin. -->","yoast_head_json":{"title":"Privacy Policy - S\u00fcleyman Homes","robots":{"index":"index","follow":"follow","max-snippet":"max-snippet:-1","max-image-preview":"max-image-preview:large","max-video-preview":"max-video-preview:-1"},"canonical":"https:\/\/suleymanhomes.com\/tr\/privacy\/","og_locale":"tr_TR","og_type":"article","og_title":"Privacy Policy - S\u00fcleyman Homes","og_description":"Lorem ipsum dolor sit amet, consectetur adipiscing elit. Quisque ut lacinia ex. Curabitur iaculis elit lorem, vitae fringilla turpis ultricies vel. Mauris pretium fermentum est, eget tincidunt massa dignissim sed. Donec vulputate a augue at tincidunt. Fusce scelerisque quam arcu, vitae dictum leo volutpat tempor. Curabitur commodo vulputate ex id posuere. Phasellus at condimentum purus. [&hellip;]","og_url":"https:\/\/suleymanhomes.com\/tr\/privacy\/","og_site_name":"S\u00fcleyman Homes","twitter_card":"summary_large_image","twitter_misc":{"Tahmini okuma s\u00fcresi":"2 dakika"},"schema":{"@context":"https:\/\/schema.org","@graph":[{"@type":"WebPage","@id":"https:\/\/suleymanhomes.com\/privacy\/","url":"https:\/\/suleymanhomes.com\/privacy\/","name":"Privacy Policy - S\u00fcleyman Homes","isPartOf":{"@id":"https:\/\/suleymanhomes.com\/#website"},"datePublished":"2016-03-10T18:52:12+00:00","dateModified":"2016-03-10T18:52:12+00:00","breadcrumb":{"@id":"https:\/\/suleymanhomes.com\/privacy\/#breadcrumb"},"inLanguage":"tr","potentialAction":[{"@type":"ReadAction","target":["https:\/\/suleymanhomes.com\/privacy\/"]}]},{"@type":"BreadcrumbList","@id":"https:\/\/suleymanhomes.com\/privacy\/#breadcrumb","itemListElement":[{"@type":"ListItem","position":1,"name":"Anasayfa","item":"https:\/\/suleymanhomes.com\/"},{"@type":"ListItem","position":2,"name":"Privacy Policy"}]},{"@type":"WebSite","@id":"https:\/\/suleymanhomes.com\/#website","url":"https:\/\/suleymanhomes.com\/","name":"S\u00fcleyman Homes","description":"","potentialAction":[{"@type":"SearchAction","target":{"@type":"EntryPoint","urlTemplate":"https:\/\/suleymanhomes.com\/?s={search_term_string}"},"query-input":"required name=search_term_string"}],"inLanguage":"tr"}]}},"_links":{"self":[{"href":"https:\/\/suleymanhomes.com\/tr\/wp-json\/wp\/v2\/pages\/748","targetHints":{"allow":["GET"]}}],"collection":[{"href":"https:\/\/suleymanhomes.com\/tr\/wp-json\/wp\/v2\/pages"}],"about":[{"href":"https:\/\/suleymanhomes.com\/tr\/wp-json\/wp\/v2\/types\/page"}],"author":[{"embeddable":true,"href":"https:\/\/suleymanhomes.com\/tr\/wp-json\/wp\/v2\/users\/1"}],"replies":[{"embeddable":true,"href":"https:\/\/suleymanhomes.com\/tr\/wp-json\/wp\/v2\/comments?post=748"}],"version-history":[{"count":0,"href":"https:\/\/suleymanhomes.com\/tr\/wp-json\/wp\/v2\/pages\/748\/revisions"}],"wp:attachment":[{"href":"https:\/\/suleymanhomes.com\/tr\/wp-json\/wp\/v2\/media?parent=748"}],"curies":[{"name":"wp","href":"https:\/\/api.w.org\/{rel}","templated":true}]}}